{"id":93656,"date":"2023-07-13T03:18:25","date_gmt":"2023-07-13T01:18:25","guid":{"rendered":"https:\/\/new.donnobikes.com\/?post_type=product&#038;p=93656"},"modified":"2025-10-24T14:45:16","modified_gmt":"2025-10-24T12:45:16","slug":"ahooga-active-24v","status":"publish","type":"product","link":"https:\/\/donnobikes.com\/en\/product\/ahooga-active-24v\/","title":{"rendered":"Ahooga Active 24V"},"content":{"rendered":"<div class=\"uncode_text_column\">\n<div class=\"uncode_text_column\">\n<h2>The lightest folding city bike on the market!<\/h2>\n<p class=\"_04xlpA direction-ltr align-start para-style-body\">The Ahooga Active 24V is a compact and ultra-light folding bike. Like every Ahooga folding bike, it differs in its folding speed and the high strength of its frame. A triangular frame, without hinges, which remains in one piece during all folding phases. Ahooga's patented 'Double Triangle Twin Tube' improves the riding experience by eliminating frame flexing during pedalling. And it ensures that it does not break at the hinges as is normally the case with folding frames. Quality and performance of the Ahooga Active 24V won the Red Dot Design Award in 2018 and 2021.<\/p>\n<p><strong>Superlight. <\/strong>The Ahooga Active 24V with a motor and battery that gives it strong climbing ability is unisex, stable and comfortable yet extremely light. The folding city bike weighs just 16 kg, less than your holiday suitcase!<\/p>\n<p><strong>Two folding levels.<\/strong> In 2 seconds it folds in half and can be transported on wheels like a trolley. In 10 seconds it folds completely, measuring only 85 x 36 x 70 cm. You can easily take it from the metro to the bar, from the office to the bus, from the train to your living room.<\/p>\n<\/div>\n<p><strong>Three variants<\/strong>. Both models offer 3 trim variants for various levels of comfort and personal taste. Essential features a leather saddle with Cro-Mo studs, cork and black rubber grips, and black rubber pedals. Comfort Plus adopts all black components, with a black leather saddle with Cro-Mo studs, ergonomic grips and black rubber pedals. Style Plus is distinguished by the adoption of superior quality components such as a leather saddle with Cro-Mo rails and anatomical seat, ergonomic cork grips, and folding metal pedals.<\/p>\n<\/div>","protected":false},"excerpt":{"rendered":"<p>La city bike pieghevole pi\u00f9 leggera sul mercato! Ahooga Active 24V \u00e8 una bicicletta pieghevole compatta e ultraleggera. Come ogni pieghevole Ahooga, si differenzia per la velocit\u00e0 di piegatura e per l&#8217;alta resistenza del telaio. Un telaio triangolare, senza cerniere, che rimane in un unico pezzo in tutte le fasi di piegatura. Il brevetto Ahooga [&hellip;]<\/p>\n","protected":false},"featured_media":97216,"comment_status":"open","ping_status":"closed","template":"","meta":[],"product_brand":[],"product_cat":[73,33,594,526,527],"product_tag":[76],"class_list":{"0":"post-93656","1":"product","2":"type-product","3":"status-publish","4":"has-post-thumbnail","6":"product_cat-ahooga","7":"product_cat-biciclette","8":"product_cat-catalogo","9":"product_cat-city-bike","10":"product_cat-pieghevoli","11":"product_tag-pieghevole","12":"product_shipping_class-bicicletta","14":"first","15":"instock","16":"shipping-taxable","17":"purchasable","18":"product-type-simple"},"gallery_images":[97217],"meta_box":{"short_name":"","marketing_name":"AHOOGA ACTIVE 24V","motore_for_biciclette":["92411"],"biciclette_id":"92683","consegna":"","configurator":[],"single_page_group":{"video_group":[{"link_video":"https:\/\/www.youtube.com\/watch?v=33ytiZCZL48","title":"A unique combination of features","preheader":"Vivi la citt\u00e0 a 360\u00b0 con una bici pieghevole ibrida!","preview":"93624"},{"link_video":"https:\/\/www.youtube.com\/watch?v=LuY5tFZWRTI","title":"All you can ask from a folding bike","preheader":"Puoi portarla ovunque. Ti trasporta ovunque.","preview":"93626"},{"link_video":"https:\/\/www.youtube.com\/watch?v=O_keK6x07GQ","title":"Daily Lifestyle","preheader":"Una bici pieghevole che rivoluzione la mobilit\u00e0 urbana","preview":"93627"},{"link_video":"https:\/\/www.youtube.com\/watch?v=QulW34GeHO8","title":"From our Workshop","preheader":"Come si piega e si rimonta Ahooga Folding","preview":"93628"}],"galleria_fotografica":{"image":["92684","92685","92686","92687","92688","92689","92690","92691","92692"],"galleria_banner":["92627","92628","92629","92630"]},"versatilita":{"title":"AHOOGA ACTIVE 24V. NEW GENERATION U-TILITY BIKE.","desc":"Ahooga Active 24V \u00e8 la city bike ideale per single e pendolari. Ma non solo. Consente di andare al lavoro anche su lunghe distanze, con una combinazione di mezzi pubblici e corsa in bici. Ideale anche per affrontare qualunque improvviso cambio di clima. Ma questa city bike pieghevole offre soluzioni sorprendenti grazie al suo portapacchi e agli accessori da manubrio. Se pensavi che con una bicicletta pieghevole non fosse possibile trasportare piccoli carichi, Ahooga Active 24V cambier\u00e0 il tuo modo di guardare il mondo delle city bike.","versatilita_group":[{"image":"92722","desc":"Senza accessori \u00e8 una pieghevole ultraleggera, che si differenzia per la resistenza del suo telaio grazie all'assenza di cerniere e per la sua velocit\u00e0 di piegatura."},{"image":"92727","desc":"Portapacchi posteriore con portata fino a 20kg per agganciare cestini e assicurare pesi, consente di trasportare carichi quotidiani. Un accessorio sorprendente per una pieghevole."},{"image":"92721","desc":"Compatible con Yepp, Qibbel e la maggior parte dei seggiolini disponibili sul mercato. Puoi portare un bambino in sicurezza entro i 20kg incluso il peso del seggiolino."},{"image":"92728","desc":"Porta una sacca, un pallone, un pacchetto e altri carichi. Con il supporto VarioRack pu\u00f2 trasportare fino a 7kg. Le sue cinghie assicurano il carico."},{"image":"92724","desc":"Porta 2 borse fino a 25 litri agganciate al portapacchi. In combinazione con una borsa sul supporto VarioRack trasporta tutto quello che serve."},{"image":"92723","desc":"Trasporta capienti borse laterali e uno zaino da agganciare al manubrio, da portare in spalla quando la corsa \u00e8 terminata. Ideale per studenti e pendolari."},{"image":"92725","desc":"Porta in sicurezza un animale domestico di piccola taglia con il trasportino agganciabile al manubrio o al portapacchi, per andare al parco o dal veterinario."},{"image":"92726","desc":"Raddoppia con un animale di piccola taglia nel trasportino e un bambino nel seggiolino. L'unico limite \u00e8 la portata massima di 105kg incluso il ciclista."},{"image":"89498"}]},"edition":"0"},"catalog_group":{"quote":"3 COLORI \/ 3 VARIANTI","text":"La city bike pieghevole elettrica pi\u00f9 leggera sul mercato e dal telaio indistruttibile! ","vuoi":"Una bicicletta pieghevole che sia un piacere guidare, che puoi portare ovunque come un trolley o leggerissima da trasportare a mano. Una city bike che puoi personalizzare nei dettagli del comfort, che dura nel tempo e faccia girare le teste quando passi per la strada!"}},"_links":{"self":[{"href":"https:\/\/donnobikes.com\/en\/wp-json\/wp\/v2\/product\/93656","targetHints":{"allow":["GET"]}}],"collection":[{"href":"https:\/\/donnobikes.com\/en\/wp-json\/wp\/v2\/product"}],"about":[{"href":"https:\/\/donnobikes.com\/en\/wp-json\/wp\/v2\/types\/product"}],"replies":[{"embeddable":true,"href":"https:\/\/donnobikes.com\/en\/wp-json\/wp\/v2\/comments?post=93656"}],"wp:featuredmedia":[{"embeddable":true,"href":"https:\/\/donnobikes.com\/en\/wp-json\/wp\/v2\/media\/97216"}],"wp:attachment":[{"href":"https:\/\/donnobikes.com\/en\/wp-json\/wp\/v2\/media?parent=93656"}],"wp:term":[{"taxonomy":"product_brand","embeddable":true,"href":"https:\/\/donnobikes.com\/en\/wp-json\/wp\/v2\/product_brand?post=93656"},{"taxonomy":"product_cat","embeddable":true,"href":"https:\/\/donnobikes.com\/en\/wp-json\/wp\/v2\/product_cat?post=93656"},{"taxonomy":"product_tag","embeddable":true,"href":"https:\/\/donnobikes.com\/en\/wp-json\/wp\/v2\/product_tag?post=93656"}],"curies":[{"name":"wp","href":"https:\/\/api.w.org\/{rel}","templated":true}]}}