{"id":93928,"date":"2023-08-31T14:50:17","date_gmt":"2023-08-31T12:50:17","guid":{"rendered":"https:\/\/donnobikes.com\/?post_type=product&#038;p=93928"},"modified":"2025-02-27T16:44:09","modified_gmt":"2025-02-27T15:44:09","slug":"ego-movement-jane-2","status":"publish","type":"product","link":"https:\/\/donnobikes.com\/en\/product\/ego-movement-jane-2\/","title":{"rendered":"Ego Movement Jane"},"content":{"rendered":"<h2>the ideal companion for discovering new horizons<\/h2>\n<p>Our adventurous Jane, with its simple aluminium trapezoidal frame and comfortable riding position, is the ideal companion for regularly and smoothly exploring both the countryside and the city, discovering new horizons.<\/p>\n<p>Thanks to electric support up to 25 km\/h, the new ultra-powerful Bafang MTB mid-engine with 95 Nm torque, and our largest-ever 672 Wh battery, Jane truly takes on any challenge with a beaming smile on her face. Steep forest trails, the urban jungle and routes of up to 110-120 km become an everyday pleasure with Jane.<\/p>\n<p>Jane is equipped with LED lights that switch on automatically at dusk at both front and rear, a brake light and, in addition to other high quality components such as the chain derailleur, it is fitted with 180 mm diameter hydraulic disc brakes and a suspension fork with 80 mm travel.<\/p>\n<p>In addition to the off-road tyres with which Jane comes as standard, road tyres or other options such as a shock-absorbing seatpost or different types of baskets are available.<\/p>","protected":false},"excerpt":{"rendered":"<p>Black<\/p>","protected":false},"featured_media":93966,"comment_status":"open","ping_status":"closed","template":"","meta":[],"product_brand":[],"product_cat":[33,526,591],"product_tag":[],"class_list":{"0":"post-93928","1":"product","2":"type-product","3":"status-publish","4":"has-post-thumbnail","6":"product_cat-biciclette","7":"product_cat-city-bike","8":"product_cat-e-bike","9":"product_shipping_class-bicicletta","10":"pa_canna-low-step","11":"pa_canna-unisex","13":"first","14":"outofstock","15":"shipping-taxable","16":"purchasable","17":"product-type-variable","18":"has-default-attributes"},"gallery_images":[93970,93971,93967],"meta_box":{"short_name":"","marketing_name":"EGO MOVEMENT JANE","motore_for_biciclette":[],"biciclette_id":"93953","consegna":"","configurator":[],"single_page_group":{"video_group":[{"link_video":"https:\/\/www.youtube.com\/watch?v=dZml-w3IovQ&ab_channel=DonnoBikes","title":"EGO MOVEMENT JANE | CHARACTERISTICS","preview":"94243"}],"galleria_fotografica":{"image":["93984","93980","93981","93983","95378","95379"],"galleria_banner":["93926"]},"fotogallery_sync":"94008"},"catalog_group":{"quote":"2 colori","text":"Una bicicletta \u00e8 l'ideale compagna per esplorare regolarmente e senza problemi sia la campagna che la citt\u00e0, scoprendo cos\u00ec nuovi orizzonti."}},"_links":{"self":[{"href":"https:\/\/donnobikes.com\/en\/wp-json\/wp\/v2\/product\/93928","targetHints":{"allow":["GET"]}}],"collection":[{"href":"https:\/\/donnobikes.com\/en\/wp-json\/wp\/v2\/product"}],"about":[{"href":"https:\/\/donnobikes.com\/en\/wp-json\/wp\/v2\/types\/product"}],"replies":[{"embeddable":true,"href":"https:\/\/donnobikes.com\/en\/wp-json\/wp\/v2\/comments?post=93928"}],"wp:featuredmedia":[{"embeddable":true,"href":"https:\/\/donnobikes.com\/en\/wp-json\/wp\/v2\/media\/93966"}],"wp:attachment":[{"href":"https:\/\/donnobikes.com\/en\/wp-json\/wp\/v2\/media?parent=93928"}],"wp:term":[{"taxonomy":"product_brand","embeddable":true,"href":"https:\/\/donnobikes.com\/en\/wp-json\/wp\/v2\/product_brand?post=93928"},{"taxonomy":"product_cat","embeddable":true,"href":"https:\/\/donnobikes.com\/en\/wp-json\/wp\/v2\/product_cat?post=93928"},{"taxonomy":"product_tag","embeddable":true,"href":"https:\/\/donnobikes.com\/en\/wp-json\/wp\/v2\/product_tag?post=93928"}],"curies":[{"name":"wp","href":"https:\/\/api.w.org\/{rel}","templated":true}]}}