{"id":93929,"date":"2023-08-31T14:50:37","date_gmt":"2023-08-31T12:50:37","guid":{"rendered":"https:\/\/donnobikes.com\/?post_type=product&#038;p=93929"},"modified":"2025-02-27T16:44:09","modified_gmt":"2025-02-27T15:44:09","slug":"ego-movement-julia-2","status":"publish","type":"product","link":"https:\/\/donnobikes.com\/en\/product\/ego-movement-julia-2\/","title":{"rendered":"Ego Movement Julia"},"content":{"rendered":"<h2>the ideal companion for discovering new horizons<\/h2>\n<p>With a distinctive and practical low-profile aluminium frame and a comfortable upright riding position, our Julia is the ideal companion for getting to work quickly and coolly, for a ride through nature, or for comfortably reaching the restaurant in the evening without having to search for a parking space. Thanks to the electric support of up to 25 km\/h and the powerful 250 W Bafang mid-motor with torque sensor, Julia also tackles steep climbs without any problems. With the large 504 Wh battery, autonomies of up to 80 km can be achieved, offering the freedom to easily cover even longer distances.<\/p>\n<p>In addition to a brake light, Julia is equipped with LED lights that turn on automatically at dusk at both the front and rear, as well as other high-quality components such as an easy-to-use mechanical hub gear, effective disc brakes, and wide tyres. In addition, options such as a shock-absorbing fork for off-road rides, a front basket with a wooden bottom, a rear basket in the colour of the frame, or padlocks are available from our shops.<\/p>","protected":false},"excerpt":{"rendered":"<p>Black<\/p>","protected":false},"featured_media":93959,"comment_status":"open","ping_status":"closed","template":"","meta":[],"product_brand":[],"product_cat":[591,33,526],"product_tag":[],"class_list":{"0":"post-93929","1":"product","2":"type-product","3":"status-publish","4":"has-post-thumbnail","6":"product_cat-e-bike","7":"product_cat-biciclette","8":"product_cat-city-bike","9":"product_shipping_class-bicicletta","11":"first","12":"outofstock","13":"shipping-taxable","14":"purchasable","15":"product-type-variable","16":"has-default-attributes"},"gallery_images":[93960,93961,93962],"meta_box":{"short_name":"","marketing_name":"EGO MOVEMENT JULIA","motore_for_biciclette":[],"biciclette_id":"93954","consegna":"","configurator":[],"single_page_group":{"video_group":[{"link_video":"https:\/\/www.youtube.com\/watch?v=vJZR3jnaatU&ab_channel=DonnoBikes","title":"Ego Movement Julia \/\/ The perfect e-bike for the city","preview":"94108"}],"galleria_fotografica":{"galleria_banner":["93926"]},"fotogallery_sync":"94044"},"catalog_group":{"quote":"2 colori","text":"Una bicicletta \u00e8 l'ideale compagna per esplorare regolarmente e senza problemi sia la campagna che la citt\u00e0, scoprendo cos\u00ec nuovi orizzonti."}},"_links":{"self":[{"href":"https:\/\/donnobikes.com\/en\/wp-json\/wp\/v2\/product\/93929","targetHints":{"allow":["GET"]}}],"collection":[{"href":"https:\/\/donnobikes.com\/en\/wp-json\/wp\/v2\/product"}],"about":[{"href":"https:\/\/donnobikes.com\/en\/wp-json\/wp\/v2\/types\/product"}],"replies":[{"embeddable":true,"href":"https:\/\/donnobikes.com\/en\/wp-json\/wp\/v2\/comments?post=93929"}],"wp:featuredmedia":[{"embeddable":true,"href":"https:\/\/donnobikes.com\/en\/wp-json\/wp\/v2\/media\/93959"}],"wp:attachment":[{"href":"https:\/\/donnobikes.com\/en\/wp-json\/wp\/v2\/media?parent=93929"}],"wp:term":[{"taxonomy":"product_brand","embeddable":true,"href":"https:\/\/donnobikes.com\/en\/wp-json\/wp\/v2\/product_brand?post=93929"},{"taxonomy":"product_cat","embeddable":true,"href":"https:\/\/donnobikes.com\/en\/wp-json\/wp\/v2\/product_cat?post=93929"},{"taxonomy":"product_tag","embeddable":true,"href":"https:\/\/donnobikes.com\/en\/wp-json\/wp\/v2\/product_tag?post=93929"}],"curies":[{"name":"wp","href":"https:\/\/api.w.org\/{rel}","templated":true}]}}