{"id":94245,"date":"2023-10-24T10:49:54","date_gmt":"2023-10-24T08:49:54","guid":{"rendered":"https:\/\/donnobikes.com\/?post_type=product&#038;p=94245"},"modified":"2026-02-07T16:04:04","modified_gmt":"2026-02-07T15:04:04","slug":"rectangular-passenger-handle","status":"publish","type":"product","link":"https:\/\/donnobikes.com\/en\/product\/rectangular-passenger-handle\/","title":{"rendered":"Rectangular passenger handle"},"content":{"rendered":"<h3>Compatible with InBicy, Kombi, Mundo and Ahooga Modular<\/h3>\n<p>Looking for the essential accessory that will make every bike ride more comfortable and safer for you and your passengers with a quality yet affordable choice? Meet the rectangular handle!<\/p>\n<p><strong>Why choose the Rectangular Handle?<\/strong><\/p>\n<ul>\n<li><strong>Economical:<\/strong> It offers excellent value for money, making it affordable for everyone.<\/li>\n<li><strong>Dimensions:<\/strong> 23 cm x 20 cm, offering adequate space for a comfortable and secure grip.<\/li>\n<li><strong>High-quality material:<\/strong> Made of high-quality, wear-resistant aluminium, it ensures a long service life.<\/li>\n<li><strong>Easy to install:<\/strong> It is attached in seconds over the rear rack with screws and bolts, without complications.<\/li>\n<\/ul>\n<p>With the Rectangular Passenger Handle, add an extra touch to your cargo bike, providing your passengers with safety and comfort, without compromising your budget!<\/p>","protected":false},"excerpt":{"rendered":"<p>Compatibile con InBicy, Kombi, Mundo e Ahooga Modulare Cerchi l&#8217;accessorio essenziale che renda\u00a0 ogni viaggio in bicicletta pi\u00f9 comodo e sicuro per te e i tuoi passeggeri con una scelta di qualit\u00e0 ma economica? Ti presento la maniglia rettangolare! Perch\u00e9 scegliere la Maniglia Rettangolare? Economica: Offre un ottimo rapporto qualit\u00e0-prezzo, rendendo l&#8217;accessorio accessibile a tutti. [&hellip;]<\/p>\n","protected":false},"featured_media":94246,"comment_status":"open","ping_status":"closed","template":"","meta":[],"product_brand":[],"product_cat":[522,641,640,639,23],"product_tag":[],"class_list":{"0":"post-94245","1":"product","2":"type-product","3":"status-publish","4":"has-post-thumbnail","6":"product_cat-accessori","7":"product_cat-inbicy-flashswitch-seduta-e-carico-posteriore-2","8":"product_cat-inbicy-supernova-seduta-e-carico-posteriore-2","9":"product_cat-seduta-e-carico-posteriore-2","10":"product_cat-accessori-vari","11":"product_shipping_class-accessori","13":"first","14":"instock","15":"shipping-taxable","16":"purchasable","17":"product-type-simple"},"gallery_images":[],"meta_box":{"short_name":"","marketing_name":"","motore_for_biciclette":[],"biciclette_id":"","consegna":"","configurator":[],"single_page_group":[],"catalog_group":[]},"_links":{"self":[{"href":"https:\/\/donnobikes.com\/en\/wp-json\/wp\/v2\/product\/94245","targetHints":{"allow":["GET"]}}],"collection":[{"href":"https:\/\/donnobikes.com\/en\/wp-json\/wp\/v2\/product"}],"about":[{"href":"https:\/\/donnobikes.com\/en\/wp-json\/wp\/v2\/types\/product"}],"replies":[{"embeddable":true,"href":"https:\/\/donnobikes.com\/en\/wp-json\/wp\/v2\/comments?post=94245"}],"wp:featuredmedia":[{"embeddable":true,"href":"https:\/\/donnobikes.com\/en\/wp-json\/wp\/v2\/media\/94246"}],"wp:attachment":[{"href":"https:\/\/donnobikes.com\/en\/wp-json\/wp\/v2\/media?parent=94245"}],"wp:term":[{"taxonomy":"product_brand","embeddable":true,"href":"https:\/\/donnobikes.com\/en\/wp-json\/wp\/v2\/product_brand?post=94245"},{"taxonomy":"product_cat","embeddable":true,"href":"https:\/\/donnobikes.com\/en\/wp-json\/wp\/v2\/product_cat?post=94245"},{"taxonomy":"product_tag","embeddable":true,"href":"https:\/\/donnobikes.com\/en\/wp-json\/wp\/v2\/product_tag?post=94245"}],"curies":[{"name":"wp","href":"https:\/\/api.w.org\/{rel}","templated":true}]}}