{"id":94308,"date":"2023-11-13T09:47:17","date_gmt":"2023-11-13T08:47:17","guid":{"rendered":"https:\/\/donnobikes.com\/?post_type=product&#038;p=94308"},"modified":"2026-02-09T11:58:11","modified_gmt":"2026-02-09T10:58:11","slug":"donnosafe-anti-theftgps-2","status":"publish","type":"product","link":"https:\/\/donnobikes.com\/en\/product\/donnosafe-anti-theftgps-2\/","title":{"rendered":"DonnoSafe- Anti-theft&amp;GPS"},"content":{"rendered":"<h3>DonnoSafe is the ideal companion for your bike<\/h3>\n<p>This ultra-compact and lightweight device offers advanced protection against theft and the ability to monitor your bicycle wherever you are.<\/p>\n<p>With DonnoSafe, you can enjoy your cycling trip with the security and peace of mind of knowing that your precious vehicle is safe.<\/p>\n<p>Protect your bike with DonnoSafe -<br \/>\nYour\u00a0<b>powerful anti-theft system<\/b>\u00a0and GPS tracking.<\/p>\n<p>&#8212;<\/p>\n<p><a href=\"https:\/\/donnobikes.com\/en\/donnosafe-anti-theftgps-2\/\" rel=\"bookmark\">More information<\/a><\/p>","protected":false},"excerpt":{"rendered":"<p>DonnoSafe \u00e8 il compagno ideale per la tua bicicletta Questo dispositivo ultra-compatto e leggero offre una protezione avanzata contro il furto e la possibilit\u00e0 di monitorare la tua bicicletta ovunque ti trovi. Con DonnoSafe, puoi goderti il tuo viaggio in bicicletta con la sicurezza e tranquillit\u00e0 di sapere che il tuo prezioso veicolo \u00e8 al [&hellip;]<\/p>\n","protected":false},"featured_media":94309,"comment_status":"open","ping_status":"closed","template":"","meta":[],"product_brand":[],"product_cat":[522,643,644,642,654,23,652],"product_tag":[],"class_list":{"0":"post-94308","1":"product","2":"type-product","3":"status-publish","4":"has-post-thumbnail","6":"product_cat-accessori","7":"product_cat-inbicy-flashswitch-sicurezza-e-protezione-della-bici","8":"product_cat-inbicy-supernova-sicurezza-e-protezione-della-bici","9":"product_cat-sicurezza-e-protezione-della-bici","10":"product_cat-taga-family-sicurezza-e-protezione-della-bici","11":"product_cat-accessori-vari","12":"product_cat-yuba-kombi-db-sicurezza-e-protezione-della-bici","13":"product_shipping_class-accessori","15":"first","16":"instock","17":"shipping-taxable","18":"purchasable","19":"product-type-simple"},"gallery_images":[],"meta_box":{"short_name":"","marketing_name":"DonnoSafe\u2013 Antifurto&GPS","motore_for_biciclette":[],"biciclette_id":"94837","consegna":"","configurator":[],"single_page_group":{"video_group":[{"link_video":"https:\/\/www.youtube.com\/watch?v=uDLOR3oIYyQ&ab_channel=InBicy","title":"Geolocalise your cargo bike with our Donnosafe anti-theft system","preview":"94785"},{"link_video":"https:\/\/www.youtube.com\/watch?v=V0jXAYluIMs&ab_channel=DonnoBikes","title":"Your bike always under control with an intelligent GPS anti-theft device","preview":"94786"}],"galleria_fotografica":{"galleria_banner":["94724","94657","94706","94789"]},"versatilita":{"title":"DONNOSAFE | THE SECURITY REVOLUTION","desc":"Il dispositivo antifurto e di tracciamento GPS ultra-compatto, resistente all'acqua e sempre attivo, progettato per garantire la massima protezione della tua e-bike. Con DonnoSafe, puoi goderti la libert\u00e0 della tua avventura su due ruote con la serenit\u00e0 di sapere che la tua bicicletta \u00e8 monitorata in tempo reale e protetta ovunque tu vada. Un alleato discreto ma potente, con un servizio di assistenza clienti dedicato e copertura in tutta Europa. La sicurezza non \u00e8 mai stata cos\u00ec semplice e affidabile.","versatilita_group":[{"image":"94790","desc":"Ultra-Compatto e Leggero: DonnoSafe \u00e8 piccolo e non aggiunge peso o ingombro alla bicicletta."},{"image":"94791","desc":"Resistente all'Acqua: Il dispositivo \u00e8 progettato per resistere all'umidit\u00e0 e all'acqua."},{"image":"94792","desc":"Controllo Costante: Consente il monitoraggio in tempo reale della posizione e delle condizioni della e-bike tramite un'app."},{"image":"94793","desc":"Sempre Attivo: L'antifurto \u00e8 operativo 24\/7, offrendo protezione costante."},{"image":"94795","desc":"Assistenza Clienti Italiana: Servizio di assistenza in italiano disponibile sia tramite l'app che attraverso il sito web."},{"image":"94796","desc":"Protezione in Tutta Europa: Funziona in 50 paesi in Europa."}]}},"catalog_group":{"quote":"2 tipologie","text":"Il tuo\u00a0potente sistema antifurto\u00a0e di tracciamento GPS.","vuoi":"Un sistema avanzato di sicurezza e localizzazione per la tua e-bike, che offre protezione 24\/7, monitoraggio in tempo reale, resistenza all'acqua, basso consumo energetico, e supporto in tutta Europa"}},"_links":{"self":[{"href":"https:\/\/donnobikes.com\/en\/wp-json\/wp\/v2\/product\/94308","targetHints":{"allow":["GET"]}}],"collection":[{"href":"https:\/\/donnobikes.com\/en\/wp-json\/wp\/v2\/product"}],"about":[{"href":"https:\/\/donnobikes.com\/en\/wp-json\/wp\/v2\/types\/product"}],"replies":[{"embeddable":true,"href":"https:\/\/donnobikes.com\/en\/wp-json\/wp\/v2\/comments?post=94308"}],"wp:featuredmedia":[{"embeddable":true,"href":"https:\/\/donnobikes.com\/en\/wp-json\/wp\/v2\/media\/94309"}],"wp:attachment":[{"href":"https:\/\/donnobikes.com\/en\/wp-json\/wp\/v2\/media?parent=94308"}],"wp:term":[{"taxonomy":"product_brand","embeddable":true,"href":"https:\/\/donnobikes.com\/en\/wp-json\/wp\/v2\/product_brand?post=94308"},{"taxonomy":"product_cat","embeddable":true,"href":"https:\/\/donnobikes.com\/en\/wp-json\/wp\/v2\/product_cat?post=94308"},{"taxonomy":"product_tag","embeddable":true,"href":"https:\/\/donnobikes.com\/en\/wp-json\/wp\/v2\/product_tag?post=94308"}],"curies":[{"name":"wp","href":"https:\/\/api.w.org\/{rel}","templated":true}]}}