{"id":94367,"date":"2023-11-25T09:46:59","date_gmt":"2023-11-25T08:46:59","guid":{"rendered":"https:\/\/donnobikes.com\/?post_type=product&#038;p=94367"},"modified":"2026-02-27T10:15:55","modified_gmt":"2026-02-27T09:15:55","slug":"taga-family-power-one-kid","status":"publish","type":"product","link":"https:\/\/donnobikes.com\/en\/product\/taga-family-power-one-kid\/","title":{"rendered":"Taga Family Power 1 Kid"},"content":{"rendered":"<h2>The Perfect Bike for Family Adventures<\/h2>\n<p>Most cargo bikes were created to transport cargo, not children, and only later adapted to transport children.<\/p>\n<p><strong>TAGA Family Power 1 Kid<\/strong> was designed with a specific goal in mind: to meet the needs of families with a child. While most cargo bikes are initially designed to carry objects and only later adapted for children, TAGA has changed the rules of the game. After three years of dedicated development, TAGA offers the most comfortable, safe, easy-to-ride and practical bike for families, with a unique touch of style.<\/p>\n<p>With the TAGA, your child is positioned in front of you, allowing you to share every discovery and adventure. This model offers a variety of customisable accessories to perfectly suit your needs. TAGA Family Power 1 Kid is not just a means of transport, but an invitation to live an active, sustainable and healthy life, exploring the world together with your child.<\/p>","protected":false},"excerpt":{"rendered":"<p>La Bicicletta Perfetta per le Avventure in Famiglia La maggior parte delle biciclette da carico sono state create per il trasporto del carico, non di bambini e solo successivamente adattate per il trasporto di bambini. TAGA Family Power 1 Kid \u00e8 stata progettata con un obiettivo specifico: soddisfare le esigenze delle famiglie con un bambino. [&hellip;]<\/p>\n","protected":false},"featured_media":94368,"comment_status":"open","ping_status":"closed","template":"","meta":[],"product_brand":[],"product_cat":[594,621,622,623,33,624,626,591,525,630,625],"product_tag":[],"class_list":{"0":"post-94367","1":"product","2":"type-product","3":"status-publish","4":"has-post-thumbnail","6":"product_cat-catalogo","7":"product_cat-bici-da-carico","8":"product_cat-bici-da-trasporto","9":"product_cat-bici-per-trasporto-bambini","10":"product_cat-biciclette","11":"product_cat-cargo-bike","12":"product_cat-cargo-bike-elettrica","13":"product_cat-e-bike","14":"product_cat-front-cargo","15":"product_cat-taga-family","16":"product_cat-tre-route","17":"product_shipping_class-bicicletta","19":"first","20":"instock","21":"shipping-taxable","22":"purchasable","23":"product-type-simple"},"gallery_images":[],"meta_box":{"short_name":"","marketing_name":"TAGA FAMILY 1 KID","motore_for_biciclette":[],"biciclette_id":"94357","consegna":"","configurator":[],"single_page_group":{"video_group":[{"link_video":"https:\/\/www.youtube.com\/watch?v=497lu5kcXhM&ab_channel=TagaBikes","title":"Cycling with kids on Taga bike","preview":"94323"},{"link_video":"https:\/\/www.youtube.com\/watch?v=rRqE55jgaL8&ab_channel=TagaBikes","title":"The best electric folding cargo bike for transporting children and shopping","preview":"94324"}],"galleria_fotografica":{"galleria_banner":["94341","94326","94333","95675","94352","94353","94349","94347","94337","94335","94336"]},"edition":"2","video_single":["96850"],"prevideo":{"title":"The best three-wheel cargo bike for the family"},"charakteristicks":{"list":[{"text1":"Taga Family Bike ha","text2":"4,0x ","text3":"di durata","text4":"rispetto a 85% di altre cargo bike"},{"text1":"Taga Family Bike \u00e8 fino a","text2":"1,5x","text3":"pi\u00f9 leggera","text4":"rispetto al 90% delle cargo bike a tre ruote"},{"text1":"Taga Family Bike \u00e8","text2":"2,0x","text3":"pi\u00f9 potente","text4":"rispetto alle altre cargo bike a 3 ruote"}]},"vantaggi":[{"title":"Exceptional stability","desc":"Con tre ruote mantiene l\u2019equilibrio in tutte le fasi di uso: in movimento, in curva e da fermo","icon":"96862"},{"title":"Perfect for babies","desc":"Supporta l\u2019installazione di ovetti compatibili e sedili reclinabili, offrendo comfort e sicurezza","icon":"96861"},{"title":"Robust and durable frame","desc":"Realizzata in acciaio cromato, offre resistenza e solidit\u00e0, confortevole e fatta per durare.","icon":"96860"},{"title":"Children in front","desc":"Il cassone anteriore permette ai bambini di sedere di fronte al genitore.","icon":"96863"}],"banner_think":"97625","banner_think_mobile":"97626","title_hero":"Taga Family Bike","pretitle_hero":"Il triciclo pi\u00f9 famoso al mondo","paga":"Tuo a partire da 107\u20ac al mese","configuration":{"title":"For your convenience. Ready-made configurations","post":["96640","94377","94371","94375","94369","94321"]}},"catalog_group":{"text":"TAGA Family Power 1 Kid: La Bicicletta Ideale per le Famiglie con un Bambino","vuoi":"una bicicletta elettrica pensata per le famiglie. Il massimo del comfort, sicurezza e praticit\u00e0 in una bici facile da guidare. \u00c8 la soluzione ideale e pi\u00f9 cool per le esigenze quotidiane della tua famiglia."}},"_links":{"self":[{"href":"https:\/\/donnobikes.com\/en\/wp-json\/wp\/v2\/product\/94367","targetHints":{"allow":["GET"]}}],"collection":[{"href":"https:\/\/donnobikes.com\/en\/wp-json\/wp\/v2\/product"}],"about":[{"href":"https:\/\/donnobikes.com\/en\/wp-json\/wp\/v2\/types\/product"}],"replies":[{"embeddable":true,"href":"https:\/\/donnobikes.com\/en\/wp-json\/wp\/v2\/comments?post=94367"}],"wp:featuredmedia":[{"embeddable":true,"href":"https:\/\/donnobikes.com\/en\/wp-json\/wp\/v2\/media\/94368"}],"wp:attachment":[{"href":"https:\/\/donnobikes.com\/en\/wp-json\/wp\/v2\/media?parent=94367"}],"wp:term":[{"taxonomy":"product_brand","embeddable":true,"href":"https:\/\/donnobikes.com\/en\/wp-json\/wp\/v2\/product_brand?post=94367"},{"taxonomy":"product_cat","embeddable":true,"href":"https:\/\/donnobikes.com\/en\/wp-json\/wp\/v2\/product_cat?post=94367"},{"taxonomy":"product_tag","embeddable":true,"href":"https:\/\/donnobikes.com\/en\/wp-json\/wp\/v2\/product_tag?post=94367"}],"curies":[{"name":"wp","href":"https:\/\/api.w.org\/{rel}","templated":true}]}}