{"id":94369,"date":"2023-11-25T09:51:41","date_gmt":"2023-11-25T08:51:41","guid":{"rendered":"https:\/\/donnobikes.com\/?post_type=product&#038;p=94369"},"modified":"2026-05-07T08:55:50","modified_gmt":"2026-05-07T06:55:50","slug":"taga-family-power-two-kids","status":"publish","type":"product","link":"https:\/\/donnobikes.com\/en\/product\/taga-family-power-two-kids\/","title":{"rendered":"Taga Family Power 2 Kids"},"content":{"rendered":"<h2>The Perfect Electric Bike for Families with Two Children<\/h2>\n<p>TAGA Family Power 2 Kids is the ideal bike for families who want to share adventures with two children. Unlike conventional cargo bikes, first designed for carrying objects and then adapted for children, TAGA was designed from the start for family needs. Developed over three years, it offers the ultimate in comfort, safety, practicality and style.<\/p>\n<p>With the TAGA Family Power 2 Kids, your children are positioned in front of you, allowing you to explore the world together in a unique and engaging way. This model offers a variety of customisable accessories to perfectly suit your specific needs. TAGA Family Power 2 Kids is not just a means of transport, but represents a new way of active living, promoting a sustainable and healthy lifestyle for the whole family.<\/p>","protected":false},"excerpt":{"rendered":"<p>La Bicicletta Elettrica Perfetta per Famiglie con Due Bambini TAGA Family Power 2 Kids \u00e8 la bicicletta ideale per le famiglie che desiderano condividere avventure con due bambini. A differenza delle biciclette da carico tradizionali, pensate prima per il trasporto di oggetti e poi adattate per i bambini, TAGA \u00e8 stata concepita fin dall&#8217;inizio per [&hellip;]<\/p>\n","protected":false},"featured_media":97874,"comment_status":"open","ping_status":"closed","template":"","meta":[],"product_brand":[],"product_cat":[594,621,622,623,33,624,626,591,525,630,625],"product_tag":[],"class_list":{"0":"post-94369","1":"product","2":"type-product","3":"status-publish","4":"has-post-thumbnail","6":"product_cat-catalogo","7":"product_cat-bici-da-carico","8":"product_cat-bici-da-trasporto","9":"product_cat-bici-per-trasporto-bambini","10":"product_cat-biciclette","11":"product_cat-cargo-bike","12":"product_cat-cargo-bike-elettrica","13":"product_cat-e-bike","14":"product_cat-front-cargo","15":"product_cat-taga-family","16":"product_cat-tre-route","17":"product_shipping_class-bicicletta","19":"first","20":"instock","21":"shipping-taxable","22":"purchasable","23":"product-type-simple"},"gallery_images":[97869,97868,97870,97871],"meta_box":{"short_name":"","marketing_name":"TAGA FAMILY 2 KID","motore_for_biciclette":[],"biciclette_id":"94357","consegna":"","configurator":[],"single_page_group":{"video_group":[{"link_video":"https:\/\/www.youtube.com\/watch?v=497lu5kcXhM&ab_channel=TagaBikes","title":"Cycling with kids on Taga bike","preview":"94323"},{"link_video":"https:\/\/www.youtube.com\/watch?v=rRqE55jgaL8&ab_channel=TagaBikes","title":"The best electric folding cargo bike for transporting children and shopping","preview":"94324"}],"galleria_fotografica":{"galleria_banner":["94341","94326","94333","95675","94353","94352","94349","94347","94340","94339","94337","94336","94335"]},"edition":"2","video_single":["96850"],"prevideo":{"title":"The best three-wheel cargo bike for the family"},"charakteristicks":{"list":[{"text1":"Taga Family Bike ha","text2":"4,0x ","text3":"di durata","text4":"rispetto a 85% di altre cargo bike"},{"text1":"Taga Family Bike \u00e8 fino a","text2":"1,5x","text3":"pi\u00f9 leggera","text4":"rispetto al 90% delle cargo bike a tre ruote"},{"text1":"Taga Family Bike \u00e8","text2":"2,0x","text3":"pi\u00f9 potente","text4":"rispetto alle altre cargo bike a 3 ruote"}]},"vantaggi":[{"title":"Exceptional stability","desc":"Con tre ruote mantiene l\u2019equilibrio in tutte le fasi di uso: in movimento, in curva e da fermo","icon":"96862"},{"title":"Perfect for babies","desc":"Supporta l\u2019installazione di ovetti compatibili e sedili reclinabili, offrendo comfort e sicurezza","icon":"96861"},{"title":"Robust and durable frame","desc":"Realizzata in acciaio cromato, offre resistenza e solidit\u00e0, confortevole e fatta per durare.","icon":"96860"},{"title":"Children in front","desc":"Il cassone anteriore permette ai bambini di sedere di fronte al genitore.","icon":"96863"}],"banner_think":"97625","banner_think_mobile":"97626","title_hero":"Taga Family Bike","pretitle_hero":"Il triciclo pi\u00f9 famoso al mondo","paga":"Tuo a partire da 111\u20ac al mese","configuration":{"title":"For your convenience. Ready-made configurations","post":["96640","94377","94375","94371","94367","94321"]},"tags":["Spazio per fratelli","Carico senza sforzo","Divertimento condiviso"],"short_description":"Accompagna due bambini a scuola o al parco in totale sicurezza e allacciali comodamente senza dover tenere la bici in equilibrio","garanzia":"10"},"catalog_group":{"text":"Pensata per portare con facilit\u00e0 due bambini, unisce sicurezza, comfort e stile","vuoi":"Una bicicletta elettrica progettata per le famiglie. Offre un comfort impareggiabile, sicurezza garantita e una guida intuitiva. \u00c8 la soluzione ideale per le famiglie che cercano una bici pratica, sicura e incredibilmente cool.\""}},"_links":{"self":[{"href":"https:\/\/donnobikes.com\/en\/wp-json\/wp\/v2\/product\/94369","targetHints":{"allow":["GET"]}}],"collection":[{"href":"https:\/\/donnobikes.com\/en\/wp-json\/wp\/v2\/product"}],"about":[{"href":"https:\/\/donnobikes.com\/en\/wp-json\/wp\/v2\/types\/product"}],"replies":[{"embeddable":true,"href":"https:\/\/donnobikes.com\/en\/wp-json\/wp\/v2\/comments?post=94369"}],"wp:featuredmedia":[{"embeddable":true,"href":"https:\/\/donnobikes.com\/en\/wp-json\/wp\/v2\/media\/97874"}],"wp:attachment":[{"href":"https:\/\/donnobikes.com\/en\/wp-json\/wp\/v2\/media?parent=94369"}],"wp:term":[{"taxonomy":"product_brand","embeddable":true,"href":"https:\/\/donnobikes.com\/en\/wp-json\/wp\/v2\/product_brand?post=94369"},{"taxonomy":"product_cat","embeddable":true,"href":"https:\/\/donnobikes.com\/en\/wp-json\/wp\/v2\/product_cat?post=94369"},{"taxonomy":"product_tag","embeddable":true,"href":"https:\/\/donnobikes.com\/en\/wp-json\/wp\/v2\/product_tag?post=94369"}],"curies":[{"name":"wp","href":"https:\/\/api.w.org\/{rel}","templated":true}]}}