{"id":94375,"date":"2023-11-25T10:32:13","date_gmt":"2023-11-25T09:32:13","guid":{"rendered":"https:\/\/donnobikes.com\/?post_type=product&#038;p=94375"},"modified":"2026-05-11T10:50:41","modified_gmt":"2026-05-11T08:50:41","slug":"taga-family-power-2-kid-tetuccio","status":"publish","type":"product","link":"https:\/\/donnobikes.com\/en\/product\/taga-family-power-2-kid-tetuccio\/","title":{"rendered":"Taga Family Power 2 Kid with Royal Canopy"},"content":{"rendered":"<h2>Taga Family Power: ideal for family adventures, in any weather.<\/h2>\n<p><strong>Innovation and Comfort for the Family: Taga Family Power 2 Kid with Real Roof<\/strong><\/p>\n<p>Going beyond the limitations of traditional cargo bikes, the Taga Family Power 2 Kid with Royal Canopy was developed with families in mind. By dedicating three years to its design, TAGA has created the perfect family bike: comfortable, safe, easy to ride, practical and stylish. With the children positioned in front of you, every journey becomes an experience of shared discovery.<\/p>\n<p>Customisable with a wide range of accessories, including real canopies to protect the little ones in all weather conditions, this bike encourages an active and sustainable lifestyle<\/p>","protected":false},"excerpt":{"rendered":"<p>Taga Family Power: ideale per avventure familiari, in ogni tempo. Innovazione e Comfort per la Famiglia: Taga Family Power 2 Kid con Tettuccio reale Superando i limiti delle biciclette da carico tradizionali, la Taga Family Power 2 Kid con Tettuccio reale \u00e8 stata sviluppata pensando alle famiglie. Dedicando tre anni alla sua progettazione, TAGA ha [&hellip;]<\/p>\n","protected":false},"featured_media":97880,"comment_status":"open","ping_status":"closed","template":"","meta":[],"product_brand":[],"product_cat":[594,621,622,623,33,624,626,591,525,630,625],"product_tag":[],"class_list":{"0":"post-94375","1":"product","2":"type-product","3":"status-publish","4":"has-post-thumbnail","6":"product_cat-catalogo","7":"product_cat-bici-da-carico","8":"product_cat-bici-da-trasporto","9":"product_cat-bici-per-trasporto-bambini","10":"product_cat-biciclette","11":"product_cat-cargo-bike","12":"product_cat-cargo-bike-elettrica","13":"product_cat-e-bike","14":"product_cat-front-cargo","15":"product_cat-taga-family","16":"product_cat-tre-route","17":"product_shipping_class-bicicletta","19":"first","20":"instock","21":"shipping-taxable","22":"purchasable","23":"product-type-simple"},"gallery_images":[97869,97868,97870,97871],"meta_box":{"short_name":"","marketing_name":"TAGA FAMILY 2 KID","motore_for_biciclette":[],"biciclette_id":"94357","consegna":"","configurator":[],"single_page_group":{"video_group":[{"link_video":"https:\/\/www.youtube.com\/watch?v=497lu5kcXhM&ab_channel=TagaBikes","title":"Cycling with kids on Taga bike","preview":"94323"},{"link_video":"https:\/\/www.youtube.com\/watch?v=rRqE55jgaL8&ab_channel=TagaBikes","title":"The best electric folding cargo bike for transporting children and shopping","preview":"94324"}],"galleria_fotografica":{"galleria_banner":["94341","94326","94333","95675","94352","94349","94347","94336","94335","94337","94330"]},"edition":"2","video_single":["96850"],"prevideo":{"title":"The best three-wheel cargo bike for the family"},"charakteristicks":{"list":[{"text1":"Taga Family Bike ha","text2":"4,0x ","text3":"di durata","text4":"rispetto a 85% di altre cargo bike"},{"text1":"Taga Family Bike \u00e8 fino a","text2":"1,5x","text3":"pi\u00f9 leggera","text4":"rispetto al 90% delle cargo bike a tre ruote"},{"text1":"Taga Family Bike \u00e8","text2":"2,0x","text3":"pi\u00f9 potente","text4":"rispetto alle altre cargo bike a 3 ruote"}]},"vantaggi":[{"title":"Exceptional stability","desc":"Con tre ruote mantiene l\u2019equilibrio in tutte le fasi di uso: in movimento, in curva e da fermo","icon":"96862"},{"title":"Perfect for babies","desc":"Supporta l\u2019installazione di ovetti compatibili e sedili reclinabili, offrendo comfort e sicurezza","icon":"96861"},{"title":"Robust and durable frame","desc":"Realizzata in acciaio cromato, offre resistenza e solidit\u00e0, confortevole e fatta per durare.","icon":"96860"},{"title":"Children in front","desc":"Il cassone anteriore permette ai bambini di sedere di fronte al genitore.","icon":"96863"}],"banner_think":"97625","banner_think_mobile":"97626","title_hero":"Taga Family Bike","pretitle_hero":"Il triciclo pi\u00f9 famoso al mondo","paga":"Tuo a partire da 123\u20ac al mese","configuration":{"title":"For your convenience. Ready-made configurations","post":["96640","94377","94371","94369","94367","94321"]},"tags":["Protezione totale meteo","Sempre all'asciutto","Comfort in inverno","Divertimento condiviso"],"short_description":"Non permettere al maltempo di fermare i vostri viaggi: avvolgi la tua famiglia nella massima protezione per pedalare al caldo e completamente all'asciutto.","garanzia":"10"},"catalog_group":{"text":"TAGA Family Bike, la migliore per viaggiare con due bambini","vuoi":"Una bicicletta elettrica che unisce necessit\u00e0 familiari e stile: comfort, sicurezza, facilit\u00e0 di guida e design pratico. Perfetta per le avventure con due bambini, qualsiasi sia il tempo"}},"_links":{"self":[{"href":"https:\/\/donnobikes.com\/en\/wp-json\/wp\/v2\/product\/94375","targetHints":{"allow":["GET"]}}],"collection":[{"href":"https:\/\/donnobikes.com\/en\/wp-json\/wp\/v2\/product"}],"about":[{"href":"https:\/\/donnobikes.com\/en\/wp-json\/wp\/v2\/types\/product"}],"replies":[{"embeddable":true,"href":"https:\/\/donnobikes.com\/en\/wp-json\/wp\/v2\/comments?post=94375"}],"wp:featuredmedia":[{"embeddable":true,"href":"https:\/\/donnobikes.com\/en\/wp-json\/wp\/v2\/media\/97880"}],"wp:attachment":[{"href":"https:\/\/donnobikes.com\/en\/wp-json\/wp\/v2\/media?parent=94375"}],"wp:term":[{"taxonomy":"product_brand","embeddable":true,"href":"https:\/\/donnobikes.com\/en\/wp-json\/wp\/v2\/product_brand?post=94375"},{"taxonomy":"product_cat","embeddable":true,"href":"https:\/\/donnobikes.com\/en\/wp-json\/wp\/v2\/product_cat?post=94375"},{"taxonomy":"product_tag","embeddable":true,"href":"https:\/\/donnobikes.com\/en\/wp-json\/wp\/v2\/product_tag?post=94375"}],"curies":[{"name":"wp","href":"https:\/\/api.w.org\/{rel}","templated":true}]}}