{"id":94993,"date":"2025-01-07T14:00:45","date_gmt":"2025-01-07T13:00:45","guid":{"rendered":"https:\/\/donnobikes.com\/?post_type=product&#038;p=94993"},"modified":"2026-02-27T10:09:27","modified_gmt":"2026-02-27T09:09:27","slug":"yuba-kombi-bafang-donnobikes-edition-pro","status":"publish","type":"product","link":"https:\/\/donnobikes.com\/en\/product\/yuba-kombi-bafang-donnobikes-edition-pro\/","title":{"rendered":"Yuba Kombi Donno Bikes Edition Pro"},"content":{"rendered":"<h3>Yuba Kombi Bafang Donnobikes Edition: the bi-axle cargo bike that revolutionises everyday mobility!<\/h3>\n<p>The classic electric station wagon is transformed and becomes more compact, manoeuvrable and accessible thanks to the <strong>Yuba Kombi Bafang Donnobikes Edition<\/strong>. With suspension fork and saddle for superior comfort and the anti-theft system <a href=\"https:\/\/donnobikes.com\/en\/product\/donnosafe-external-anti-theftgps\/\"><strong>Donnosafe with GPS<\/strong> <\/a>as standard, this cargo bike is the perfect ally for those seeking practicality and safety.<\/p>\n<p>Thanks to its <strong>60 cm of space on the roof rack<\/strong>, offers everything you need to transport your family and belongings: two child seats, shopping bags or accessories that can be customised to suit every need. Your days will be easier and more sustainable, from excursions to the school-to-work commute to daily errands.<\/p>\n<p>The powerful Bafang motor allows you to choose the pedalling intensity, providing a fitness experience that can be modulated to suit your needs. And when it comes to parking, no stress: <strong>can be positioned vertically<\/strong>ideal for small spaces such as flats or lifts.<\/p>\n<p>With the <strong>Yuba Kombi Bafang Donnobikes Edition<\/strong>urban mobility becomes child's play, for you and your whole family!<\/p>","protected":false},"excerpt":{"rendered":"<p>Bafang 250W Motor - Colour Yellow<\/p>","protected":false},"featured_media":95005,"comment_status":"open","ping_status":"closed","template":"","meta":[],"product_brand":[],"product_cat":[621,622,623,33,624,626,594,21,619],"product_tag":[18,36],"class_list":{"0":"post-94993","1":"product","2":"type-product","3":"status-publish","4":"has-post-thumbnail","6":"product_cat-bici-da-carico","7":"product_cat-bici-da-trasporto","8":"product_cat-bici-per-trasporto-bambini","9":"product_cat-biciclette","10":"product_cat-cargo-bike","11":"product_cat-cargo-bike-elettrica","12":"product_cat-catalogo","13":"product_cat-yuba","14":"product_cat-yuba-kombi","15":"product_tag-cargo-bike","16":"product_tag-e-bike","17":"product_shipping_class-bicicletta","19":"first","20":"instock","21":"shipping-taxable","22":"purchasable","23":"product-type-variable","24":"has-default-attributes"},"gallery_images":[95006,95000],"meta_box":{"short_name":"","marketing_name":"YUBA KOMBI DONNOBIKES EDITION","motore_for_biciclette":["89115","89374","89377"],"biciclette_id":"90415","consegna":"","configurator":[],"single_page_group":{"video_group":[{"link_video":"https:\/\/www.youtube.com\/watch?v=1k5mXP5ylc8&ab_channel=DonnoBikes","title":"The electric two-wheeler station wagon with a mini price!","preview":"93974"},{"link_video":"https:\/\/www.youtube.com\/watch?v=hQRKYZl5WZE&ab_channel=DonnoBikes","title":"Yuba Kombi the inexpensive e-bike for transporting children","preview":"93975"},{"link_video":"https:\/\/www.youtube.com\/watch?v=UuivzUbARFI","title":"Many ways of using Kombi","preview":"90935"},{"link_video":"https:\/\/www.youtube.com\/watch?v=lB2XQQ1PsFU","title":"The cheap cargo bike is a real two-wheeled station wagon!","preview":"90933"},{"link_video":"https:\/\/www.youtube.com\/watch?v=HCOoC-LVNeU&t=2s","title":"How to assemble Kombi","preview":"90934"},{"link_video":"https:\/\/www.youtube.com\/watch?v=gg2c2QvVQN4&t=5s","title":"Zero Emission for the Environment","preview":"90936"}],"galleria_fotografica":{"image":["95007","95008","95009","95010","95011"],"galleria_banner":["95015","94674","96696","94657","94825","91366","91365","91368","90948","90949"]},"versatilita":{"title":"YUBA KOMBI BAFANG. NEW GENERATION U-TILITY E-BIKE.","desc":"Yuba Kombi Bafang offre qualit\u00e0 e convenienza, combinando versatilit\u00e0 e comfort con prestazioni eccellenti. Questa cargo bike incarna le caratteristiche chiave dei modelli cargo pi\u00f9 grandi, bilanciando robustezza, potenza, stabilit\u00e0 e maneggevolezza. La vasta gamma di accessori la rende ideale per la vita urbana, consentendo una personalizzazione completa in base alle tue esigenze.","versatilita_group":[{"image":"91370","title":"Kombi Agile","desc":"Senza accessori sembra una normale e-bike ma si differenzia per grande agilit\u00e0 di guida, potenzialit\u00e0 di carico e la possibilit\u00e0 di parcheggio verticale."},{"image":"91369","title":"Kombi Shopper","desc":"Portapacchi da 70cm a cui agganciare enormi borse laterali e una borsa spesa nel cesto anteriore la rendono una sostituta ideale all'automobile."},{"image":"91376","title":"Kombi Kids","desc":"Compatible con Yepp, Qibbel e la maggior parte dei seggiolini disponibili sul mercato. La cargo bike \u00e8 progettata per portare due bambini in sicurezza."},{"image":"91373","title":"Kombi Junior+","desc":"Porta un bambino su un seggiolino e un secondo pi\u00f9 grande sul retro. Le aste di sicurezza sono facoltative ma assolutamente raccomandate."},{"image":"91375","title":"Kombi Daytrip","desc":"Porta un bambino sul seggiolino e due borse laterali. Con l'aggiunta del cesto anteriore, la capacit\u00e0 di carico \u00e8 molto considerevole."},{"image":"91372","title":"Kombi Funride","desc":"Porta in sicurezza due bambini pi\u00f9 grandi. Le barre delle aste di sicurezza sono disegnate per sostenere, proteggere ma anche far divertire i tuoi figli."},{"image":"91371","title":"Kombi Duo","desc":"Trasporta uno o due passeggeri adulti. Le sponde laterali e le maniglie tra cui scegliere garantiscono comfort e appiglio sicuro durante la corsa."},{"image":"91374","title":"Kombi All Weather","desc":"Usa la cargo bike in qualunque condizione atmosferica, proteggendo il tuo carico. I tuoi passeggeri avranno sempre una vista panoramica."}]},"edition":"2","charakteristicks":{"list":[{"text1":"Yuba Kombi ha","text2":"5,0x","text3":"di durata","text4":"rispetto a una bici tradizionale"},{"text1":"Yuba Kombi \u00e8 fino a","text2":"1,5x","text3":"pi\u00f9 leggera","text4":"rispetto al 90% delle cargo bike"},{"text1":"Yuba Kombi ha","text2":"2,0x","text3":"pi\u00f9 potente","text4":"rispetto alle altre cargo bike"}]},"vantaggi":[{"title":"Large load capacity","desc":"Trasporta bambini, spesa o carichi pesanti fino a 200 kg.","icon":"96774"},{"title":"Compact dimensions","desc":"Lunga solo 1,90 m, si parcheggia anche in verticale.","icon":"96771"},{"title":"Reliable mid-engine","desc":"Bafang silenzioso e potente, perfetto per l\u2019uso quotidiano.","icon":"96773"},{"title":"Robust and stable frame","desc":"Struttura in acciaio CrMo: resistente, confortevole e fatta per durare.","icon":"96772"}],"banner_think":"97623","banner_think_mobile":"97624","title_hero":"Yuba Kombi Donno Bikes Edition","pretitle_hero":"La pi\u00f9 venduta nel 2025\/26","paga":"Tua a partire da 81\u20ac al mese","configuration":{"title":"For your convenience. Ready-made configurations","post":["96434","96411","96328","96327","96326","96319","96259","96257","96255","91362"]}},"catalog_group":{"quote":"2 COLORI \/ 2 VARIANTI","text":"La cargo e-bike preferita dalle famiglie: economica, pratica e amata in tutta Europa!","vuoi":"La cargo e-bike perfetta per le famiglie che vogliono il massimo senza spendere una fortuna. Potente, capiente e ricca di accessori utili, \u00e8 la compagna ideale per il trasporto dei bambini, la spesa e le attivit\u00e0 di ogni giorno."}},"_links":{"self":[{"href":"https:\/\/donnobikes.com\/en\/wp-json\/wp\/v2\/product\/94993","targetHints":{"allow":["GET"]}}],"collection":[{"href":"https:\/\/donnobikes.com\/en\/wp-json\/wp\/v2\/product"}],"about":[{"href":"https:\/\/donnobikes.com\/en\/wp-json\/wp\/v2\/types\/product"}],"replies":[{"embeddable":true,"href":"https:\/\/donnobikes.com\/en\/wp-json\/wp\/v2\/comments?post=94993"}],"wp:featuredmedia":[{"embeddable":true,"href":"https:\/\/donnobikes.com\/en\/wp-json\/wp\/v2\/media\/95005"}],"wp:attachment":[{"href":"https:\/\/donnobikes.com\/en\/wp-json\/wp\/v2\/media?parent=94993"}],"wp:term":[{"taxonomy":"product_brand","embeddable":true,"href":"https:\/\/donnobikes.com\/en\/wp-json\/wp\/v2\/product_brand?post=94993"},{"taxonomy":"product_cat","embeddable":true,"href":"https:\/\/donnobikes.com\/en\/wp-json\/wp\/v2\/product_cat?post=94993"},{"taxonomy":"product_tag","embeddable":true,"href":"https:\/\/donnobikes.com\/en\/wp-json\/wp\/v2\/product_tag?post=94993"}],"curies":[{"name":"wp","href":"https:\/\/api.w.org\/{rel}","templated":true}]}}