{"id":96255,"date":"2024-11-04T09:59:52","date_gmt":"2024-11-04T08:59:52","guid":{"rendered":"https:\/\/donnobikes.com\/?post_type=product&#038;p=96255"},"modified":"2026-05-11T11:07:40","modified_gmt":"2026-05-11T09:07:40","slug":"yuba-kombi-donno-bikes-edition-and-light-single-tiny","status":"publish","type":"product","link":"https:\/\/donnobikes.com\/en\/product\/yuba-kombi-donno-bikes-edition-and-light-single-tiny\/","title":{"rendered":"Yuba Kombi Donno Bikes Edition e-Light Single Tiny"},"content":{"rendered":"<p>La Yuba Kombi e-Light Edition Tiny \u00e8 l\u2019opzione economica per entrare nel fantastico mondo delle cargo bike a pedalata assistita. Compatta e maneggevole, occupa lo stesso spazio di una bicicletta tradizionale, ma grazie al potente motore puoi scegliere quanta energia dedicare alla pedalata, rendendo ogni spostamento piacevole e senza fatica. Disponibile sia in azzurro che in giallo.<\/p>\n<p><strong>In this configuration<\/strong>the Yuba Kombi e-Light Edition Tiny is equipped with a seat for transporting a child up to 6 years old and a front mini basket, perfect for smaller items or everyday shopping. With these features, every activity, such as taking the child to school or going on a family outing, becomes a practical and fun experience.<\/p>\n<p>The versatility of the Yuba Kombi e-Light Edition Tiny allows you to adapt it to your needs over time: when the seat is no longer needed, you can use the large roof rack to transport larger loads. A smart choice for environmentally friendly and functional mobility!<\/p>","protected":false},"excerpt":{"rendered":"<p>Bafang 250W Motor - Colour Blue<\/p>","protected":false},"featured_media":97914,"comment_status":"open","ping_status":"closed","template":"","meta":[],"product_brand":[],"product_cat":[621,622,623,33,624,626,594,523,609,21,619],"product_tag":[18,36],"class_list":{"0":"post-96255","1":"product","2":"type-product","3":"status-publish","4":"has-post-thumbnail","6":"product_cat-bici-da-carico","7":"product_cat-bici-da-trasporto","8":"product_cat-bici-per-trasporto-bambini","9":"product_cat-biciclette","10":"product_cat-cargo-bike","11":"product_cat-cargo-bike-elettrica","12":"product_cat-catalogo","13":"product_cat-compact-cargo","14":"product_cat-occasione-esclusiva","15":"product_cat-yuba","16":"product_cat-yuba-kombi","17":"product_tag-cargo-bike","18":"product_tag-e-bike","19":"product_shipping_class-bicicletta","21":"first","22":"instock","23":"sale","24":"shipping-taxable","25":"purchasable","26":"product-type-simple"},"gallery_images":[97858,97859,97860,97861,97862,97863],"meta_box":{"short_name":"","marketing_name":"Yuba Kombi e-Light Edition Tiny","motore_for_biciclette":["89115"],"biciclette_id":"90415","consegna":"Luglio 2026","configurator":[],"single_page_group":{"video_group":[{"link_video":"https:\/\/www.youtube.com\/watch?v=1k5mXP5ylc8&ab_channel=DonnoBikes","title":"The electric two-wheeler station wagon with a mini price!","preview":"93974"},{"link_video":"https:\/\/www.youtube.com\/watch?v=hQRKYZl5WZE&ab_channel=DonnoBikes","title":"Yuba Kombi the inexpensive e-bike for transporting children","preview":"93975"},{"link_video":"https:\/\/www.youtube.com\/watch?v=UuivzUbARFI","title":"Many ways of using Kombi","preview":"90935"},{"link_video":"https:\/\/www.youtube.com\/watch?v=lB2XQQ1PsFU","title":"The cheap cargo bike is a real two-wheeled station wagon!","preview":"90933"},{"link_video":"https:\/\/www.youtube.com\/watch?v=HCOoC-LVNeU&t=2s","title":"How to assemble Kombi","preview":"90934"},{"link_video":"https:\/\/www.youtube.com\/watch?v=gg2c2QvVQN4&t=5s","title":"Zero Emission for the Environment","preview":"90936"}],"galleria_fotografica":{"image":["90937","90938","90939","90940","90941","90942","90943","90944","90945"],"galleria_banner":["94674","96696","91365","91366","91367","91368","95015","94825","90948","90949","91000","90988"]},"versatilita":{"title":"YUBA KOMBI BAFANG. NEW GENERATION U-TILITY E-BIKE.","desc":"Yuba Kombi Bafang combina qualit\u00e0 e un prezzo conveniente, a versatilit\u00e0 e comfort con ottime prestazioni. Yuba ha racchiuso in questa cargo bike le caratteristiche pi\u00f9 importanti dei modelli cargo pi\u00f9 grandi, trovando un equilibrio tra robustezza, potenza, stabilit\u00e0 e facilit\u00e0 di guida. La sua vastissima gamma di accessori la rende perfetta per la vita in citt\u00e0, permettendo di equipaggiarla secondo le personali necessit\u00e0.","versatilita_group":[{"image":"91370","title":"Kombi Agile","desc":"Senza accessori sembra una normale e-bike ma si differenzia per grande agilit\u00e0 di guida, potenzialit\u00e0 di carico e la possibilit\u00e0 di parcheggio verticale."},{"image":"91369","title":"Kombi Shopper","desc":"Portapacchi da 70cm a cui agganciare enormi borse laterali e una borsa spesa nel cesto anteriore la rendono una sostituta ideale all'automobile."},{"image":"91376","title":"Kombi Kids","desc":"Compatible con Yepp, Qibbel e la maggior parte dei seggiolini disponibili sul mercato. La cargo bike \u00e8 progettata per portare due bambini in sicurezza."},{"image":"91373","title":"Kombi Junior+","desc":"Porta un bambino su un seggiolino e un secondo pi\u00f9 grande sul retro. Le aste di sicurezza sono facoltative ma assolutamente raccomandate."},{"image":"91375","title":"Kombi Daytrip","desc":"Porta un bambino sul seggiolino e due borse laterali. Con l'aggiunta del cesto anteriore, la capacit\u00e0 di carico \u00e8 molto considerevole."},{"image":"91372","title":"Kombi Funride","desc":"Porta in sicurezza due bambini pi\u00f9 grandi. Le barre delle aste di sicurezza sono disegnate per sostenere, proteggere ma anche far divertire i tuoi figli."},{"image":"91371","title":"Kombi Duo","desc":"Trasporta uno o due passeggeri adulti. Le sponde laterali e le maniglie tra cui scegliere garantiscono comfort e appiglio sicuro durante la corsa."},{"image":"91374","title":"Kombi All Weather","desc":"Usa la cargo bike in qualunque condizione atmosferica, proteggendo il tuo carico. I tuoi passeggeri avranno sempre una vista panoramica."}]},"edition":"2","charakteristicks":{"list":[{"text1":"Yuba Kombi ha","text2":"5,0x","text3":"di durata","text4":"rispetto a una bici tradizionale"},{"text1":"Yuba Kombi \u00e8 fino a","text2":"1,5x","text3":"pi\u00f9 leggera","text4":"rispetto al 90% delle cargo bike"},{"text1":"Yuba Kombi \u00e8","text2":"2,0x","text3":"pi\u00f9 potente","text4":"rispetto alle altre cargo bike"}]},"vantaggi":[{"title":"Large load capacity","desc":"Trasporta bambini, spesa o carichi pesanti fino a 200 kg.","icon":"96774"},{"title":"Compact dimensions","desc":"Lunga solo 1,90 m, si parcheggia anche in verticale.","icon":"96771"},{"title":"Reliable mid-engine","desc":"Bafang silenzioso e potente, perfetto per l\u2019uso quotidiano.","icon":"96773"},{"title":"Robust and stable frame","desc":"Struttura in acciaio CrMo: resistente, confortevole e fatta per durare.","icon":"96772"}],"banner_think":"97623","banner_think_mobile":"97624","title_hero":"Yuba Kombi Donno Bikes Edition","pretitle_hero":"La pi\u00f9 venduta nel 2025\/26","paga":"Tua a partire da 96\u20ac al mese","configuration":{"title":"For your convenience. Ready-made configurations","post":["94993","96411","96434","96328","96327","96326","96319","96259","96257","91362"]},"tags":["Accessibile a tutti","Seggiolino fino a 6 anni","Cestino anteriore piccolo","Parcheggio verticale"],"short_description":"La tua nuova quotidianit\u00e0 in formato compatto: soli 190 cm di lunghezza , un pratico cestino anteriore e la spinta perfetta per muoverti senza il minimo sforzo.","garanzia":"10"},"catalog_group":{"quote":"Dispondibile anche in giallo","text":" La cargo e-bike pi\u00f9 accessibile e completa, un vero best-seller che ha conquistato sia l'America che l'Europa!","vuoi":"Una cargo e-bike che adorerai non solo per il prezzo, ma anche perch\u00e9 \u00e8 l'unica nella sua fascia economica a combinare tutte le migliori caratteristiche delle cargo bike di grandi dimensioni senza compromessi. Potente, con un'elevata capacit\u00e0 di carico e straordinariamente versatile grazie alla vasta gamma di accessori disponibili."}},"_links":{"self":[{"href":"https:\/\/donnobikes.com\/en\/wp-json\/wp\/v2\/product\/96255","targetHints":{"allow":["GET"]}}],"collection":[{"href":"https:\/\/donnobikes.com\/en\/wp-json\/wp\/v2\/product"}],"about":[{"href":"https:\/\/donnobikes.com\/en\/wp-json\/wp\/v2\/types\/product"}],"replies":[{"embeddable":true,"href":"https:\/\/donnobikes.com\/en\/wp-json\/wp\/v2\/comments?post=96255"}],"wp:featuredmedia":[{"embeddable":true,"href":"https:\/\/donnobikes.com\/en\/wp-json\/wp\/v2\/media\/97914"}],"wp:attachment":[{"href":"https:\/\/donnobikes.com\/en\/wp-json\/wp\/v2\/media?parent=96255"}],"wp:term":[{"taxonomy":"product_brand","embeddable":true,"href":"https:\/\/donnobikes.com\/en\/wp-json\/wp\/v2\/product_brand?post=96255"},{"taxonomy":"product_cat","embeddable":true,"href":"https:\/\/donnobikes.com\/en\/wp-json\/wp\/v2\/product_cat?post=96255"},{"taxonomy":"product_tag","embeddable":true,"href":"https:\/\/donnobikes.com\/en\/wp-json\/wp\/v2\/product_tag?post=96255"}],"curies":[{"name":"wp","href":"https:\/\/api.w.org\/{rel}","templated":true}]}}