{"id":96316,"date":"2024-11-08T22:46:56","date_gmt":"2024-11-08T21:46:56","guid":{"rendered":"https:\/\/donnobikes.com\/?post_type=product&#038;p=96316"},"modified":"2025-08-04T09:28:35","modified_gmt":"2025-08-04T07:28:35","slug":"i-inbicy-power-3","status":"publish","type":"product","link":"https:\/\/donnobikes.com\/en\/product\/i-inbicy-power-3\/","title":{"rendered":"iO InBicy Power Comfort Duo Tiny"},"content":{"rendered":"<h3>Designed to make your life easier<\/h3>\n<p>iO InBicy Power is an electric cargo bike designed to offer you power and performance beyond that of a normal e-bike.<\/p>\n<p><strong>Versatility in the foreground.<\/strong> The unique patented Flash Switch\u00ae system allows the rack and basket to be attached and detached in an instant. All it takes is a few simple hand movements, without tools. You can disassemble and reassemble fully equipped roof racks with seats, seats and bags. Carrying groceries, taking the kids to school and after school, going to work or to the gym, each ride requires different equipment. Changing it several times during the day with iO InBicy Power takes only seconds.<\/p>\n<p class=\"textgame\">Inbicy Power is not only a <strong>bicycle<\/strong>; it is an example of how <strong>We bring <\/strong> forward technology and design <i>modular<\/i>revolutionising the concept of mobility<\/p>\n<p><strong>Winning design. <\/strong>The frame design and details of the bicycle, made in Italy, won over the international jury of the prestigious Red Dot Design Award 2023, securing it a place in the design museum in Essen, Germany.<\/p>","protected":false},"excerpt":{"rendered":"<p>Bafang 250W Motor - Colour Italian Sun<\/p>","protected":false},"featured_media":96298,"comment_status":"open","ping_status":"closed","template":"","meta":[],"product_brand":[],"product_cat":[621,622,623,33,624,626,136,629],"product_tag":[36],"class_list":{"0":"post-96316","1":"product","2":"type-product","3":"status-publish","4":"has-post-thumbnail","6":"product_cat-bici-da-carico","7":"product_cat-bici-da-trasporto","8":"product_cat-bici-per-trasporto-bambini","9":"product_cat-biciclette","10":"product_cat-cargo-bike","11":"product_cat-cargo-bike-elettrica","12":"product_cat-inbicy","13":"product_cat-io-inbicy","14":"product_tag-e-bike","15":"product_shipping_class-bicicletta","17":"first","18":"instock","19":"sale","20":"shipping-taxable","21":"purchasable","22":"product-type-simple"},"gallery_images":[],"meta_box":{"short_name":"","marketing_name":"iO InBicy Power","motore_for_biciclette":["89115","89374","89377"],"biciclette_id":"89129","consegna":"","configurator":[],"single_page_group":{"video_group":[{"link_video":"https:\/\/www.youtube.com\/watch?v=0r-hapSFOP0","title":"iO InBicy, winner of the Red Dot Design Award 2023","preheader":"La e-bike cargo pi\u00f9 potente e versatile del 2023 premiata per il suo design","preview":"90564"},{"link_video":"https:\/\/www.youtube.com\/watch?v=qCziv25mKGQ&list=PLy81_ZTJG-sA6ptaBFdj8A_BNJqMsEkJu&index=3","title":"Lifestyle with iO InBicy","preheader":"Presentazione della pi\u00f9 innovativa cargo e-bike italiana","preview":"90565"},{"link_video":"https:\/\/www.youtube.com\/watch?v=a2tYwVSFKrI&list=PLy81_ZTJG-sA6ptaBFdj8A_BNJqMsEkJu&index=2","title":"Introduction to functionality","preheader":"Dettagli e accessori con sistema brevettato Flash Switch","preview":"90566"},{"link_video":"https:\/\/www.youtube.com\/watch?v=_f0XE8P0GEM&list=PLy81_ZTJG-sA6ptaBFdj8A_BNJqMsEkJu&index=3","title":"Presentation of prototypes","preheader":"Panoramica della bici cargo nata per la famiglia","preview":"90567"},{"link_video":"https:\/\/www.youtube.com\/watch?v=XPRk6UG6v20","title":"Back to School with IO InBicy","preview":"94112"},{"link_video":"https:\/\/www.youtube.com\/watch?v=TwtrpMbiF2U&ab_channel=DonnoBikes","title":"Explore the exciting world of multifunctional e-bikes with IO InBicy!","preview":"94113"}],"galleria_fotografica":{"image":["90544","90545","90546","90547","90548","90549","90550","90551","90552"],"galleria_banner":["90537","90538","90539","90540","95698","95152","94913","94910","94787","94729","94724","94693","94696","93857"]},"versatilita":{"title":"iO INBICY POWER. NEW GENERATION U-TILITY BIKE.","desc":"iO InBicy Power \u00e8 molte bici in una. Combina versatilit\u00e0 e comfort con prestazioni straordinarie. Ha eccellenti capacit\u00e0 di carico con una manovrabilit\u00e0 sorprendente. La sua facilit\u00e0 d\u2019uso ti sorprender\u00e0. L'equilibrio perfetto tra estetica, stabilit\u00e0 e agilit\u00e0 di guida a pieno carico la rende l\u2019unica bici che serve in citt\u00e0, in periferia e in contesti pi\u00f9 rurali.  \u00c8 compatibile con un'ampia gamma di accessori ed \u00e8 in grado di trasportare un carico triplo rispetto ad una normale bicicletta. ","versatilita_group":[{"image":"90568","title":"iO Essenziale","desc":"Senza accessori \u00e8 una e-bike che nasconde una ultraleggera, perfetta anche off road e su terreni accidentati. Affrontare le salite \u00e8 un gioco da ragazzi."},{"image":"90569","title":"iO Cargo Urbano","desc":"Portapacchi da 70cm a cui agganciare grandi borse laterali e il maxi cesto anteriore rendono la bici perfetta per tutti i giorni."},{"image":"90570","title":"iO Famiglia Light","desc":"Compatible con Yepp, Qibbel e la maggior parte dei seggiolini disponibili sul mercato. Le aste di sicurezza sono facoltative ma altamente raccomandate."},{"image":"90571","title":"iO Passeggero","desc":"Trasporta un passeggero adulto (90kg max) con il portapacchi posteriore da 56cm. I poggiapiedi garantiscono comfort durante la corsa."},{"image":"90572","title":"iO Duo Bimbi","desc":"Porta un bambino su un seggiolino e un secondo pi\u00f9 piccolo sul retro. A differenza delle normali bici, \u00e8 disegnata per portare il carico in sicurezza."},{"image":"90573","title":"iO Duo Sicuro","desc":"Raddoppia con due bambini piccoli nei seggiolini. Le aste di sicurezza riducono il rischio di caduta e di impatto sui bambini, fornendo appoggio."},{"image":"90575","title":"iO Junior","desc":"Porta in sicurezza due bambini pi\u00f9 grandi. Le barre del portapacchi sono disegnate per proteggere le gambe e gli abiti dei passeggeri dai raggi della ruota."},{"image":"90576","title":"iO Carico Sicuro","desc":"Alloggia pacchi fino a 60x40cm tra le aste, in alternativa alle cinghie di fissaggio. Il grande cesto anteriore porta altri pacchi fino a 38x38cm."}]},"edition":"2","video_single":["96102"],"prevideo":{"title":"Innovation on two wheels","logo":"96767"},"charakteristicks":{"list":[{"text1":"iO InBicy Power ha","text2":"5,0x","text3":"di durata","text4":"rispetto a una bici tradizionale"},{"text1":"iO InBicy Power \u00e8 fino a","text2":"1,5x","text3":"pi\u00f9 leggera","text4":"rispetto al 90% delle cargo bike"},{"text1":"iO InBicy Power \u00e8 fino a","text2":"2,0x","text3":"pi\u00f9 potente","text4":"rispetto alle altre cargo bike"}]},"vantaggi":[{"title":"Premium quality","desc":"Prodotta in Italia con componenti di alta gamma, fatta per durare nel tempo.","icon":"96771"},{"title":"Ideal for families","desc":"Trasporta fino a 3 bambini in modo comodo e sicuro.\r\n","icon":"96774"},{"title":"Powerful motor","desc":"Assistenza elettrica fino a 120 Nm, perfetta per la citt\u00e0 e le salite.","icon":"96773"},{"title":"Anti-theft with GPS","desc":"Massima sicurezza della tua cargo bike, con localizzazione GPS.","icon":"96772"}],"configuration":{"title":"For your convenience. Ready-made configurations","post":["96318","96317","96303","94263","88429"]}},"catalog_group":{"quote":"2 COLORI \/ 2 VARIANTI","text":"La cargo bike elettrica che ti far\u00e0 cambiare idea sulle cargo bike! Una vera regina della versatilit\u00e0.","vuoi":"Una e-bike cargo dalle dimensioni di una normale bicicletta che ti semplifichi la vita quotidiana. Con un sistema brevettato per il cambio immediato di configurazione. Potente senza sacrificare la straordinaria portata. Facile e divertente da guidare, con o senza carico. E bella da morire!"}},"_links":{"self":[{"href":"https:\/\/donnobikes.com\/en\/wp-json\/wp\/v2\/product\/96316","targetHints":{"allow":["GET"]}}],"collection":[{"href":"https:\/\/donnobikes.com\/en\/wp-json\/wp\/v2\/product"}],"about":[{"href":"https:\/\/donnobikes.com\/en\/wp-json\/wp\/v2\/types\/product"}],"replies":[{"embeddable":true,"href":"https:\/\/donnobikes.com\/en\/wp-json\/wp\/v2\/comments?post=96316"}],"wp:featuredmedia":[{"embeddable":true,"href":"https:\/\/donnobikes.com\/en\/wp-json\/wp\/v2\/media\/96298"}],"wp:attachment":[{"href":"https:\/\/donnobikes.com\/en\/wp-json\/wp\/v2\/media?parent=96316"}],"wp:term":[{"taxonomy":"product_brand","embeddable":true,"href":"https:\/\/donnobikes.com\/en\/wp-json\/wp\/v2\/product_brand?post=96316"},{"taxonomy":"product_cat","embeddable":true,"href":"https:\/\/donnobikes.com\/en\/wp-json\/wp\/v2\/product_cat?post=96316"},{"taxonomy":"product_tag","embeddable":true,"href":"https:\/\/donnobikes.com\/en\/wp-json\/wp\/v2\/product_tag?post=96316"}],"curies":[{"name":"wp","href":"https:\/\/api.w.org\/{rel}","templated":true}]}}