{"id":96657,"date":"2025-03-17T16:08:33","date_gmt":"2025-03-17T15:08:33","guid":{"rendered":"https:\/\/donnobikes.com\/?post_type=product&#038;p=96657"},"modified":"2025-03-17T16:09:07","modified_gmt":"2025-03-17T15:09:07","slug":"trailer-for-transporting-children","status":"publish","type":"product","link":"https:\/\/donnobikes.com\/en\/product\/trailer-for-transporting-children\/","title":{"rendered":"Child transport trailer"},"content":{"rendered":"<p><strong>Child transport trailer<\/strong><\/p>\n<p>Versatile, safe and comfortable, the child transport trailer is the ideal solution for those who like to move freely. Designed for one child, it is characterised by its modern design and multiple functions: it can be used as a bicycle trailer, pushchair or jogger.<\/p>\n<p>Thanks to the practical quick-lock system, it folds down easily in seconds, while the large storage space allows bags and accessories to be carried in comfort. The height-adjustable handle ensures an ergonomic ride, while the suspension system offers a smooth ride even on uneven surfaces.<\/p>\n<p>Maximum safety and visibility on the road thanks to the 5-point harness, LED rear lights and warning flag. Perfect for daily commuting, sports activities and family outings.<\/p>","protected":false},"excerpt":{"rendered":"<p>Rimorchio per il trasporto bambini Versatile, sicuro e confortevole, il rimorchio per il trasporto bambini \u00e8 la soluzione ideale per chi ama muoversi in libert\u00e0. Progettato per un solo bambino, si distingue per il design moderno e le sue molteplici funzioni: pu\u00f2 essere utilizzato come rimorchio per bicicletta, passeggino o jogger. Grazie al pratico sistema [&hellip;]<\/p>\n","protected":false},"featured_media":96658,"comment_status":"closed","ping_status":"closed","template":"","meta":[],"product_brand":[],"product_cat":[522,601,23],"product_tag":[],"class_list":{"0":"post-96657","1":"product","2":"type-product","3":"status-publish","4":"has-post-thumbnail","6":"product_cat-accessori","7":"product_cat-seggiolini-e-sedute","8":"product_cat-accessori-vari","10":"first","11":"instock","12":"shipping-taxable","13":"purchasable","14":"product-type-simple"},"gallery_images":[],"meta_box":{"short_name":"","marketing_name":"","motore_for_biciclette":[],"biciclette_id":"","consegna":"","configurator":[],"single_page_group":[],"catalog_group":[]},"_links":{"self":[{"href":"https:\/\/donnobikes.com\/en\/wp-json\/wp\/v2\/product\/96657","targetHints":{"allow":["GET"]}}],"collection":[{"href":"https:\/\/donnobikes.com\/en\/wp-json\/wp\/v2\/product"}],"about":[{"href":"https:\/\/donnobikes.com\/en\/wp-json\/wp\/v2\/types\/product"}],"replies":[{"embeddable":true,"href":"https:\/\/donnobikes.com\/en\/wp-json\/wp\/v2\/comments?post=96657"}],"wp:featuredmedia":[{"embeddable":true,"href":"https:\/\/donnobikes.com\/en\/wp-json\/wp\/v2\/media\/96658"}],"wp:attachment":[{"href":"https:\/\/donnobikes.com\/en\/wp-json\/wp\/v2\/media?parent=96657"}],"wp:term":[{"taxonomy":"product_brand","embeddable":true,"href":"https:\/\/donnobikes.com\/en\/wp-json\/wp\/v2\/product_brand?post=96657"},{"taxonomy":"product_cat","embeddable":true,"href":"https:\/\/donnobikes.com\/en\/wp-json\/wp\/v2\/product_cat?post=96657"},{"taxonomy":"product_tag","embeddable":true,"href":"https:\/\/donnobikes.com\/en\/wp-json\/wp\/v2\/product_tag?post=96657"}],"curies":[{"name":"wp","href":"https:\/\/api.w.org\/{rel}","templated":true}]}}