{"id":97050,"date":"2025-08-26T09:41:45","date_gmt":"2025-08-26T07:41:45","guid":{"rendered":"https:\/\/donnobikes.com\/?post_type=product&#038;p=97050"},"modified":"2026-02-09T09:58:49","modified_gmt":"2026-02-09T08:58:49","slug":"copertura-parapioggia-yuba-light-protezione","status":"publish","type":"product","link":"https:\/\/donnobikes.com\/en\/product\/copertura-parapioggia-yuba-light-protezione\/","title":{"rendered":"Yuba Light Rain Protection Cover"},"content":{"rendered":"<p data-start=\"192\" data-end=\"516\">La <strong data-start=\"1079\" data-end=\"1115\">Copertura parapioggia Yuba Light<\/strong> offre protezione leggera da pioggia e sole, senza rinunciare a comfort e visibilit\u00e0.<br data-start=\"1200\" data-end=\"1203\" \/>Si monta sulle <a href=\"https:\/\/donnobikes.com\/en\/product\/monkey-bars-yuba\/\"><strong data-start=\"1218\" data-end=\"1233\">Monkey Bars<\/strong><\/a>, \u00e8 facile da installare e rimuovere, ed \u00e8 realizzata con materiali riciclati e resistenti.<br data-start=\"1324\" data-end=\"1327\" \/>Finestre panoramiche, zip impermeabili e dettagli riflettenti rendono ogni viaggio sicuro e piacevole.<\/p>\n<p data-start=\"192\" data-end=\"516\">Compatibile con tutti i modelli longtail Yuba Donno Bikes Edition.<\/p>","protected":false},"excerpt":{"rendered":"<p>La Copertura parapioggia Yuba Light offre protezione leggera da pioggia e sole, senza rinunciare a comfort e visibilit\u00e0.Si monta sulle Monkey Bars, \u00e8 facile da installare e rimuovere, ed \u00e8 realizzata con materiali riciclati e resistenti.Finestre panoramiche, zip impermeabili e dettagli riflettenti rendono ogni viaggio sicuro e piacevole. Compatibile con tutti i modelli longtail Yuba [&hellip;]<\/p>\n","protected":false},"featured_media":97051,"comment_status":"closed","ping_status":"closed","template":"","meta":[],"product_brand":[],"product_cat":[522,16,647,646,645,21,650],"product_tag":[],"class_list":{"0":"post-97050","1":"product","2":"type-product","3":"status-publish","4":"has-post-thumbnail","6":"product_cat-accessori","7":"product_cat-yuba-accessori","8":"product_cat-inbicy-flashswitch-protezione-bambini-pioggia-e-sole","9":"product_cat-inbicy-supernova-protezione-bambini-pioggia-e-sole","10":"product_cat-protezione-contro-pioggia-e-sole","11":"product_cat-yuba","12":"product_cat-yuba-kombi-db-protezione-contro-pioggia-e-sole","14":"first","15":"onbackorder","16":"shipping-taxable","17":"purchasable","18":"product-type-simple"},"gallery_images":[97052,97053,97054,97057,97056],"meta_box":{"short_name":"","marketing_name":"","motore_for_biciclette":[],"biciclette_id":"","consegna":"","configurator":[],"single_page_group":{"edition":"2"},"catalog_group":[]},"_links":{"self":[{"href":"https:\/\/donnobikes.com\/en\/wp-json\/wp\/v2\/product\/97050","targetHints":{"allow":["GET"]}}],"collection":[{"href":"https:\/\/donnobikes.com\/en\/wp-json\/wp\/v2\/product"}],"about":[{"href":"https:\/\/donnobikes.com\/en\/wp-json\/wp\/v2\/types\/product"}],"replies":[{"embeddable":true,"href":"https:\/\/donnobikes.com\/en\/wp-json\/wp\/v2\/comments?post=97050"}],"wp:featuredmedia":[{"embeddable":true,"href":"https:\/\/donnobikes.com\/en\/wp-json\/wp\/v2\/media\/97051"}],"wp:attachment":[{"href":"https:\/\/donnobikes.com\/en\/wp-json\/wp\/v2\/media?parent=97050"}],"wp:term":[{"taxonomy":"product_brand","embeddable":true,"href":"https:\/\/donnobikes.com\/en\/wp-json\/wp\/v2\/product_brand?post=97050"},{"taxonomy":"product_cat","embeddable":true,"href":"https:\/\/donnobikes.com\/en\/wp-json\/wp\/v2\/product_cat?post=97050"},{"taxonomy":"product_tag","embeddable":true,"href":"https:\/\/donnobikes.com\/en\/wp-json\/wp\/v2\/product_tag?post=97050"}],"curies":[{"name":"wp","href":"https:\/\/api.w.org\/{rel}","templated":true}]}}