{"id":97585,"date":"2026-02-09T11:30:46","date_gmt":"2026-02-09T10:30:46","guid":{"rendered":"https:\/\/donnobikes.com\/?post_type=product&#038;p=97585"},"modified":"2026-02-09T11:30:47","modified_gmt":"2026-02-09T10:30:47","slug":"tessuto-per-seggiolino-taga-family-bike","status":"publish","type":"product","link":"https:\/\/donnobikes.com\/en\/product\/tessuto-per-seggiolino-taga-family-bike\/","title":{"rendered":"Tessuto per seggiolino Taga Family Bike"},"content":{"rendered":"<p><strong>Comfort e traspirabilit\u00e0<\/strong><br \/>\nIl tessuto per seggiolino Taga Family Bike \u00e8 progettato per offrire una seduta confortevole ai bambini durante ogni tragitto. La superficie \u00e8 piacevole al tatto e adatta all\u2019uso prolungato, anche nei mesi pi\u00f9 caldi.<\/p>\n<p><strong>Facile da pulire e sostituire<\/strong><br \/>\nRealizzato per resistere all\u2019usura quotidiana, il rivestimento \u00e8 facilmente removibile per la pulizia o la sostituzione. Ideale per mantenere il seggiolino sempre in ordine e in condizioni igieniche ottimali.<\/p>","protected":false},"excerpt":{"rendered":"<p>Comfort e traspirabilit\u00e0 Il tessuto per seggiolino Taga Family Bike \u00e8 progettato per offrire una seduta confortevole ai bambini durante ogni tragitto. La superficie \u00e8 piacevole al tatto e adatta all\u2019uso prolungato, anche nei mesi pi\u00f9 caldi. Facile da pulire e sostituire Realizzato per resistere all\u2019usura quotidiana, il rivestimento \u00e8 facilmente removibile per la pulizia [&hellip;]<\/p>\n","protected":false},"featured_media":97586,"comment_status":"closed","ping_status":"closed","template":"","meta":[],"product_brand":[],"product_cat":[529,522,653],"product_tag":[],"class_list":{"0":"post-97585","1":"product","2":"type-product","3":"status-publish","4":"has-post-thumbnail","6":"product_cat-taga-accessori","7":"product_cat-accessori","8":"product_cat-carico-anteriore-e-sedute-taga","10":"first","11":"instock","12":"shipping-taxable","13":"purchasable","14":"product-type-simple"},"gallery_images":[],"meta_box":{"short_name":"","marketing_name":"","motore_for_biciclette":[],"biciclette_id":"","consegna":"","configurator":[],"single_page_group":[],"catalog_group":[]},"_links":{"self":[{"href":"https:\/\/donnobikes.com\/en\/wp-json\/wp\/v2\/product\/97585","targetHints":{"allow":["GET"]}}],"collection":[{"href":"https:\/\/donnobikes.com\/en\/wp-json\/wp\/v2\/product"}],"about":[{"href":"https:\/\/donnobikes.com\/en\/wp-json\/wp\/v2\/types\/product"}],"replies":[{"embeddable":true,"href":"https:\/\/donnobikes.com\/en\/wp-json\/wp\/v2\/comments?post=97585"}],"wp:featuredmedia":[{"embeddable":true,"href":"https:\/\/donnobikes.com\/en\/wp-json\/wp\/v2\/media\/97586"}],"wp:attachment":[{"href":"https:\/\/donnobikes.com\/en\/wp-json\/wp\/v2\/media?parent=97585"}],"wp:term":[{"taxonomy":"product_brand","embeddable":true,"href":"https:\/\/donnobikes.com\/en\/wp-json\/wp\/v2\/product_brand?post=97585"},{"taxonomy":"product_cat","embeddable":true,"href":"https:\/\/donnobikes.com\/en\/wp-json\/wp\/v2\/product_cat?post=97585"},{"taxonomy":"product_tag","embeddable":true,"href":"https:\/\/donnobikes.com\/en\/wp-json\/wp\/v2\/product_tag?post=97585"}],"curies":[{"name":"wp","href":"https:\/\/api.w.org\/{rel}","templated":true}]}}