{"id":89470,"date":"2023-04-13T12:22:38","date_gmt":"2023-04-13T10:22:38","guid":{"rendered":"https:\/\/new.donnobikes.com\/?page_id=89470"},"modified":"2023-07-26T14:59:24","modified_gmt":"2023-07-26T12:59:24","slug":"travailler-avec-nous","status":"publish","type":"page","link":"https:\/\/donnobikes.com\/fr\/travailler-avec-nous\/","title":{"rendered":"Travailler avec nous"},"content":{"rendered":"","protected":false},"excerpt":{"rendered":"","protected":false},"author":1,"featured_media":89504,"parent":0,"menu_order":0,"comment_status":"closed","ping_status":"closed","template":"tempates\/lavora-con-noi.php","meta":{"footnotes":""},"class_list":["post-89470","page","type-page","status-publish","has-post-thumbnail","hentry"],"meta_box":{"data":[],"servizi_page":[],"front_page_group":[],"pagamento":[],"spedizione":[],"group_mnnetnjnlpc":[],"group_sudinoi":[],"group_lavora-con-noi":{"left_col":{"title":"envoyez votre candidature","desc":"Sei pieno di energie, idee, desideri cambiare il mondo e proteggere l\u2019ambiente? Vorresti applicare tecniche di comunicazione innovative per diffondere le tue idee? Ti piacerebbe entrare a far parte di un team internazionale?","button_title":"POSIZIONI APERTE","button_url":"89472"},"right_column":{"title":"TRAVAILLER AVEC DONNO BIKES","desc":"I nostri collaboratori sono il maggior valore di Donno Bikes. La rapida crescita dell\u2019azienda richiede a tutti i nostri collaboratori grande professionalit\u00e0 e dedizione.  La nostra cultura aziendale familiare, un ambiente internazionale e percorsi decisionali brevi, contribuiscono ad un ambiente di lavoro positivo e creativo, rendendo un\u2019esperienza professionale stimolante lavorare per Donno Bikes. Da noi ti aspettano incarichi e opportunit\u00e0 professionali."},"desc":[{"title":"ENVIRONNEMENT DE TRAVAIL","desc":"Per noi \u00e8 importante un ambiente di lavoro creativo. Puoi portare le tue idee e partecipare in modo attivo ai progetti e alle attivit\u00e0 quotidiane. Ci diamo del tu e comunichiamo tra noi senza badare ai livelli gerarchici. La gerarchia orizzontale incentiva la presentazione di nuove idee e il confronto sui temi. Il mantenimento e la crescita delle competenze dei nostri collaboratori sono importanti per il vantaggio reciproco dalla collaborazione. "},{"title":"Respect, honn\u00eatet\u00e9 et estime","desc":"Rispettiamo le opinioni e le capacit\u00e0 degli altri. Ci impegniamo ad osservare un comportamento etico e la stima reciproca \u00e8 alla base della nostra collaborazione. Rispettiamo la dignit\u00e0 personale e la sfera privata di ogni individuo. Siamo aperti, tolleranti e onesti. Siamo partner affidabili e facciamo solo promesse che possiamo mantenere. Questi principi valgono sia per le collaborazioni interne che per i rapporti con partner esterni. "},{"title":"RESPONSABILIT\u00c9","desc":"Siamo responsabili nei confronti dei nostri collaboratori. Siamo consapevoli che le nostre risorse sono limitate e le impieghiamo in modo ottimale per raggiungere gli obiettivi stabiliti. Ci impegniamo ad agire in modo responsabile per non mettere in pericolo la salute e la sicurezza dei collaboratori. \u00c8 responsabilit\u00e0 dei nostri collaboratori mantenere un comportamento rispettoso delle norme di sicurezza."},{"title":"EFFICACIT\u00c9 DE L'\u00c9QUIPE","desc":"Puntiamo sulla versatilit\u00e0. Nessuno sa tutto, per questo contiamo su ogni individuo. Siamo coinvolti nel team e in qualit\u00e0 di membri del team forniamo il nostro contributo per il raggiungimento degli obiettivi. Collaboriamo strettamente tramite i gruppi professionali. Ambiamo ad essere pi\u00f9 efficaci, un obiettivo raggiungibile tramite strutture snelle e flessibilit\u00e0."}]}},"_links":{"self":[{"href":"https:\/\/donnobikes.com\/fr\/wp-json\/wp\/v2\/pages\/89470","targetHints":{"allow":["GET"]}}],"collection":[{"href":"https:\/\/donnobikes.com\/fr\/wp-json\/wp\/v2\/pages"}],"about":[{"href":"https:\/\/donnobikes.com\/fr\/wp-json\/wp\/v2\/types\/page"}],"author":[{"embeddable":true,"href":"https:\/\/donnobikes.com\/fr\/wp-json\/wp\/v2\/users\/1"}],"replies":[{"embeddable":true,"href":"https:\/\/donnobikes.com\/fr\/wp-json\/wp\/v2\/comments?post=89470"}],"version-history":[{"count":0,"href":"https:\/\/donnobikes.com\/fr\/wp-json\/wp\/v2\/pages\/89470\/revisions"}],"wp:featuredmedia":[{"embeddable":true,"href":"https:\/\/donnobikes.com\/fr\/wp-json\/wp\/v2\/media\/89504"}],"wp:attachment":[{"href":"https:\/\/donnobikes.com\/fr\/wp-json\/wp\/v2\/media?parent=89470"}],"curies":[{"name":"wp","href":"https:\/\/api.w.org\/{rel}","templated":true}]}}