{"id":89472,"date":"2023-04-13T13:09:52","date_gmt":"2023-04-13T11:09:52","guid":{"rendered":"https:\/\/new.donnobikes.com\/?page_id=89472"},"modified":"2023-04-21T15:39:00","modified_gmt":"2023-04-21T13:39:00","slug":"opportunites-demploi","status":"publish","type":"page","link":"https:\/\/donnobikes.com\/fr\/opportunites-demploi\/","title":{"rendered":"Offres d'emploi"},"content":{"rendered":"<h2 class=\"text-uppercase mb-4\">envoyez votre candidature<\/h2>\n<p>Trouvez le poste qui correspond le mieux \u00e0 vos comp\u00e9tences.<\/p>","protected":false},"excerpt":{"rendered":"<p>envoyez votre candidature Trouvez le poste qui correspond le mieux \u00e0 vos comp\u00e9tences<\/p>","protected":false},"author":1,"featured_media":89504,"parent":0,"menu_order":0,"comment_status":"closed","ping_status":"closed","template":"tempates\/opportunita-di-lavoro.php","meta":{"footnotes":""},"class_list":["post-89472","page","type-page","status-publish","has-post-thumbnail","hentry"],"meta_box":{"data":[],"servizi_page":[],"front_page_group":[],"pagamento":[],"spedizione":[],"group_mnnetnjnlpc":{"button_text":"Invia Candidatura","button_link":"89514","vacancy":[{"vacancy_title":"MECCANICO BICICLETTE","vacancy_desc":"Donno Bikes attribuisce grande importanza alla promozione di giovani talenti e offre una solida formazione con l\u2019obiettivo di dare ai suoi collaboratori un buon futuro professionale e variet\u00e0 di prospettive. Unirsi alla nostra azienda significa lavorare in un ambiente internazionale, con un team di persone motivate da curiosit\u00e0 e ricerca dell\u2019eccellenza. ","vacancy_incarici":[{"vacancy_incarici_list":"Apprendere come assemblare a regola d\u2019arte bike di design, fare manutenzione e riparazione, i meccanici professionali dell\u2019azienda ti accompagnano durante la fase di formazione"},{"vacancy_incarici_list":"Lavorare con colleghi di diversi reparti, con variet\u00e0 di compiti in ambito meccanico"},{"vacancy_incarici_list":"Consigliare clienti interni ed esterni, prestando assistenza diretta"},{"vacancy_incarici_list":"Formazione del personale di centri di assistenza nazionali e internazionali"}],"vacancy_profilo":[{"vacancy_profilo_list":"Buone capacit\u00e0 manuali, comprensione tecnica, capacit\u00e0 di lavorare in modo indipendente."},{"vacancy_profilo_list":"Spiccate capacit\u00e0 relazionali, sei considerato affidabile e socievole."},{"vacancy_profilo_list":"Attitudine e capacit\u00e0 di lavorare in team, ottime capacit\u00e0 comunicative."},{"vacancy_profilo_list":"Buone doti organizzative, sei preciso, coscienzioso e hai occhio per i dettagli."},{"vacancy_profilo_list":"Precedenti esperienze in officina meccanica gradite ma non necessarie."},{"vacancy_profilo_list":"Buona conoscenza della lingua italiana e\/o inglese."}],"vacancy_vantaggio":"Ti offriamo una cultura aziendale aperta e l\u2019opportunit\u00e0 di essere coinvolto in un team motivato. Dai un\u2019occhiata alla pagina <a href=\"https:\/\/donnobikes.com\/su-do-noi\/\"><strong><b>Su di Noi<\/b><\/strong><\/a>\u00a0per conoscere la nostra storia e la nostra mission. \u00a0Il responsabile delle risorse umane sar\u00e0 lieto di fornirti ulteriori informazioni, puoi contattarlo tramite <strong><b>Telegram<\/b><\/strong>\u00a0o <a href=\"mailto:donnobikes@gmail.com\"><strong><b>e-mail<\/b><\/strong><\/a>."},{"vacancy_title":"ADDETTO ALLE VENDITE A DISTANZA","vacancy_desc":"Donno Bikes attribuisce grande importanza alla promozione di giovani talenti e offre una solida formazione con l\u2019obiettivo di dare ai suoi collaboratori un buon futuro professionale e variet\u00e0 di prospettive. Unirsi alla nostra azienda significa lavorare in un ambiente internazionale, con un team di persone motivate da curiosit\u00e0 e ricerca dell\u2019eccellenza. ","vacancy_incarici":[{"vacancy_incarici_list":"Attivit\u00e0 di telemarketing inbound e outbound."},{"vacancy_incarici_list":"Gestione telefonica richieste clienti."},{"vacancy_incarici_list":"Acquisizione di nuovi clienti."},{"vacancy_incarici_list":"Consulenza sui prodotti e fidelizzazione cliente."},{"vacancy_incarici_list":"Inserimento dati e anagrafiche clienti."},{"vacancy_incarici_list":"Monitoraggio e follow-up delle richieste."},{"vacancy_incarici_list":"Sviluppo soluzioni ad hoc."},{"vacancy_incarici_list":"Negoziazione commerciale con clienti privati e aziende."}],"vacancy_profilo":[{"vacancy_profilo_list":"Ottima dialettica e buone capacit\u00e0 relazionali."},{"vacancy_profilo_list":"Orientamento al lavoro per obiettivi e al contatto commerciale."},{"vacancy_profilo_list":"Buone doti organizzative, affidabilit\u00e0 e indipendenza."},{"vacancy_profilo_list":"Ottimo approccio telefonico alla clientela."},{"vacancy_profilo_list":"Capacit\u00e0 di lavorare in team"},{"vacancy_profilo_list":"Flessibilit\u00e0."},{"vacancy_profilo_list":"Ottima conoscenza della lingua italiana e\/o inglese."}],"vacancy_vantaggio":"Ti offriamo una cultura aziendale aperta e l\u2019opportunit\u00e0 di essere coinvolto in un team motivato. Dai un\u2019occhiata alla pagina <a href=\"https:\/\/donnobikes.com\/su-do-noi\/\"><strong><b>Su di Noi<\/b><\/strong><\/a>\u00a0per conoscere la nostra storia e la nostra mission. \u00a0Il responsabile delle risorse umane sar\u00e0 lieto di fornirti ulteriori informazioni, puoi contattarlo tramite <strong><b>Telegram<\/b><\/strong>\u00a0o <a href=\"mailto:donnobikes@gmail.com\"><strong><b>e-mail<\/b><\/strong><\/a>."}]},"group_sudinoi":[],"group_lavora-con-noi":[]},"_links":{"self":[{"href":"https:\/\/donnobikes.com\/fr\/wp-json\/wp\/v2\/pages\/89472","targetHints":{"allow":["GET"]}}],"collection":[{"href":"https:\/\/donnobikes.com\/fr\/wp-json\/wp\/v2\/pages"}],"about":[{"href":"https:\/\/donnobikes.com\/fr\/wp-json\/wp\/v2\/types\/page"}],"author":[{"embeddable":true,"href":"https:\/\/donnobikes.com\/fr\/wp-json\/wp\/v2\/users\/1"}],"replies":[{"embeddable":true,"href":"https:\/\/donnobikes.com\/fr\/wp-json\/wp\/v2\/comments?post=89472"}],"version-history":[{"count":0,"href":"https:\/\/donnobikes.com\/fr\/wp-json\/wp\/v2\/pages\/89472\/revisions"}],"wp:featuredmedia":[{"embeddable":true,"href":"https:\/\/donnobikes.com\/fr\/wp-json\/wp\/v2\/media\/89504"}],"wp:attachment":[{"href":"https:\/\/donnobikes.com\/fr\/wp-json\/wp\/v2\/media?parent=89472"}],"curies":[{"name":"wp","href":"https:\/\/api.w.org\/{rel}","templated":true}]}}