{"id":89726,"date":"2023-04-20T15:52:19","date_gmt":"2023-04-20T13:52:19","guid":{"rendered":"https:\/\/new.donnobikes.com\/?page_id=89726"},"modified":"2023-07-26T15:00:09","modified_gmt":"2023-07-26T13:00:09","slug":"informations-juridiques","status":"publish","type":"page","link":"https:\/\/donnobikes.com\/fr\/informations-juridiques\/","title":{"rendered":"Informations juridiques"},"content":{"rendered":"<table class=\"legal\">\n<tbody>\n<tr>\n<td><b>Nom et<br \/>\nadresse<\/b><\/td>\n<td>DONNO BIKES SRL<br \/>\nVia Ugo la Malfa 31<br \/>\nSan Benedetto del Tronto, 63074, Ascoli Piceno, Italie<\/td>\n<\/tr>\n<tr>\n<td><b>Contact<\/b><\/td>\n<td>T\u00e9l\u00e9phone : +39 375 706 0406<br \/>\nCourriel : info@donnobikes.com<br \/>\nPEC : donnobikessrl@pec.it<\/td>\n<\/tr>\n<tr>\n<td><b>Directeur<br \/>\nG\u00e9n\u00e9ral<\/b><\/td>\n<td>Omar Donnini<\/td>\n<\/tr>\n<tr>\n<td><b>Enregistrement REA<\/b><\/td>\n<td>AP-259914<br \/>\nCCIAA Ascoli Piceno Annuaire \u00e9conomique et administratif<\/td>\n<\/tr>\n<tr>\n<td><b>N\u00b0 de TVA<\/b><\/td>\n<td>02400860447<\/td>\n<\/tr>\n<tr>\n<td><b>Marques d\u00e9pos\u00e9es<\/b><\/td>\n<td>Donno Bikes est une marque d\u00e9pos\u00e9e de Donno Bikes Srl. InBicy et iO sont des marques commerciales ou des marques d\u00e9pos\u00e9es de InBicy Srl.<\/td>\n<\/tr>\n<tr>\n<td><b>R\u00e9solution des litiges<\/b><\/td>\n<td>Cliquez pour acc\u00e9der \u00e0 la <a href=\"https:\/\/ec.europa.eu\/consumers\/odr\/main\/index.cfm?event=main.home.chooseLanguage\" target=\"_blank\" rel=\"noopener\"><b>Plate-forme europ\u00e9enne de r\u00e8glement des litiges en ligne<\/b><\/a>. Veuillez noter que <b>\u00a0pas <\/b>\u00a0nous participerons \u00e0 ce processus.<\/td>\n<\/tr>\n<tr>\n<td><b>Exclusion de la responsabilit\u00e9<\/b><\/td>\n<td>Malgr\u00e9 une v\u00e9rification minutieuse du contenu, le site web est fourni \"en l'\u00e9tat\" sans garantie d'aucune sorte et peut \u00eatre modifi\u00e9 sans pr\u00e9avis. Nous ne pouvons en aucun cas \u00eatre tenus responsables des dommages directs, indirects, accessoires ou autres r\u00e9sultant de son utilisation.<\/td>\n<\/tr>\n<tr>\n<td><b>Droit d'auteur<\/b><\/td>\n<td>Tout le contenu de notre site web est prot\u00e9g\u00e9 par des droits d'auteur. Notre accord doit donc \u00eatre obtenu avant toute utilisation. Consultez notre <a href=\"https:\/\/donnobikes.com\/fr\/condizioni-di-utilizzo\/\">conditions g\u00e9n\u00e9rales<\/a>\u00a0pour plus d'informations.<\/td>\n<\/tr>\n<\/tbody>\n<\/table>","protected":false},"excerpt":{"rendered":"<p>Nome e indirizzo DONNO BIKES SRL Via Ugo la Malfa 31 San Benedetto del Tronto, 63074, Ascoli Piceno, Italia Contatti Telefono: +39 375 706 0406 Email: info@donnobikes.com PEC: donnobikessrl@pec.it Direttore Generale Omar Donnini Iscrizione REA AP-259914 Repertorio economico amministrativo CCIAA Ascoli Piceno Partita IVA 02400860447 Marchi registrati Donno Bikes \u00e8 marchio registrato di Donno Bikes [&hellip;]<\/p>\n","protected":false},"author":1,"featured_media":0,"parent":0,"menu_order":0,"comment_status":"closed","ping_status":"closed","template":"tempates\/service-page.php","meta":{"footnotes":""},"class_list":["post-89726","page","type-page","status-publish","hentry"],"meta_box":{"data":[],"servizi_page":[],"front_page_group":[],"pagamento":[],"spedizione":[],"group_mnnetnjnlpc":[],"group_sudinoi":[],"group_lavora-con-noi":[]},"_links":{"self":[{"href":"https:\/\/donnobikes.com\/fr\/wp-json\/wp\/v2\/pages\/89726","targetHints":{"allow":["GET"]}}],"collection":[{"href":"https:\/\/donnobikes.com\/fr\/wp-json\/wp\/v2\/pages"}],"about":[{"href":"https:\/\/donnobikes.com\/fr\/wp-json\/wp\/v2\/types\/page"}],"author":[{"embeddable":true,"href":"https:\/\/donnobikes.com\/fr\/wp-json\/wp\/v2\/users\/1"}],"replies":[{"embeddable":true,"href":"https:\/\/donnobikes.com\/fr\/wp-json\/wp\/v2\/comments?post=89726"}],"version-history":[{"count":0,"href":"https:\/\/donnobikes.com\/fr\/wp-json\/wp\/v2\/pages\/89726\/revisions"}],"wp:attachment":[{"href":"https:\/\/donnobikes.com\/fr\/wp-json\/wp\/v2\/media?parent=89726"}],"curies":[{"name":"wp","href":"https:\/\/api.w.org\/{rel}","templated":true}]}}