{"id":89728,"date":"2023-04-20T16:06:18","date_gmt":"2023-04-20T14:06:18","guid":{"rendered":"https:\/\/new.donnobikes.com\/?page_id=89728"},"modified":"2023-07-26T14:53:16","modified_gmt":"2023-07-26T12:53:16","slug":"declaration-daccessibilite","status":"publish","type":"page","link":"https:\/\/donnobikes.com\/fr\/declaration-daccessibilite\/","title":{"rendered":"D\u00e9claration d'accessibilit\u00e9"},"content":{"rendered":"<p>Donno Bikes s'engage \u00e0 fournir un site web accessible \u00e0 tous. Nous sommes toujours \u00e0 la recherche de commentaires et de solutions qui nous permettront d'am\u00e9liorer l'accessibilit\u00e9 g\u00e9n\u00e9rale de notre site web.<br \/>\nSi vous rencontrez des difficult\u00e9s pour acc\u00e9der \u00e0 notre site web, si vous remarquez un contenu, des caract\u00e9ristiques ou des fonctionnalit\u00e9s qui, selon vous, ne sont pas totalement accessibles aux personnes handicap\u00e9es, ou si vous avez simplement des suggestions ou un retour d'information sur l'accessibilit\u00e9 de notre site web, veuillez nous contacter \u00e0 l'adresse suivante :<br \/>\n<strong>T\u00e9l\u00e9phone<\/strong>0039 (375) 706 0406 Du lundi au vendredi, de 9 heures \u00e0 17 heures<br \/>\n<strong>Courrier \u00e9lectronique<\/strong>: <a href=\"mailto:info@donnobikes.com\">info@donnobikes.com<\/a> en indiquant \"Accessibilit\u00e9 du site web\" comme sujet et en fournissant une description de la fonctionnalit\u00e9 sp\u00e9cifique qui, selon vous, n'est pas enti\u00e8rement accessible ou une suggestion d'am\u00e9lioration.<br \/>\n<strong>En envoyant une lettre \u00e0<\/strong>Donno Bikes S.r.l., Accessibility Department, Via Ugo La Malfa 31, San Benedetto del Tronto, 63074, Ascoli Piceno, Italy. Veuillez fournir une description de la fonctionnalit\u00e9 sp\u00e9cifique qui, selon vous, n'est pas enti\u00e8rement accessible ou une suggestion d'am\u00e9lioration.<br \/>\nNous prenons vos commentaires au s\u00e9rieux et nous en tiendrons compte lorsque nous \u00e9valuerons les moyens de satisfaire tous nos clients et nos politiques g\u00e9n\u00e9rales d'accessibilit\u00e9. En outre, bien que nous ne contr\u00f4lions pas ces fournisseurs, nous encourageons vivement les fournisseurs de contenu num\u00e9rique tiers \u00e0 fournir un contenu accessible et convivial.<\/p>\n<p><strong>NOUS VALORISONS L'INCLUSION NUM\u00c9RIQUE<\/strong><\/p>\n<p>Dans le cadre de ses efforts pour offrir une exp\u00e9rience utilisateur optimis\u00e9e et totalement accessible \u00e0 tous les visiteurs du site, www.donnobikes.com a pris des mesures pour garantir une excellente exp\u00e9rience utilisateur, quelle que soit la technologie d'assistance utilis\u00e9e pour acc\u00e9der \u00e0 ce site ou les capacit\u00e9s sp\u00e9cifiques de ceux qui cherchent \u00e0 acc\u00e9der \u00e0 ce site.<br \/>\nwww.donnobikes.com est r\u00e9guli\u00e8rement contr\u00f4l\u00e9 et test\u00e9 par des ressources internes. Lorsque des probl\u00e8mes d'accessibilit\u00e9 sont identifi\u00e9s, les r\u00e9sultats des tests automatiques et manuels sont g\u00e9r\u00e9s afin d'am\u00e9liorer l'exp\u00e9rience de l'utilisateur.<\/p>\n<p><strong>SITES DE TIERS<\/strong><\/p>\n<p>Sur ce site web, nous utilisons divers sites web de tiers tels que Instagram, YouTube, Twitter et Facebook pour diffuser des nouvelles et des informations sur les produits et services de www.donnobikes.com. Ces sites, qui ne sont pas contr\u00f4l\u00e9s par www.donnobikes.com, peuvent pr\u00e9senter des difficult\u00e9s pour les personnes handicap\u00e9es que nous ne sommes pas en mesure de contr\u00f4ler ou de corriger.<br \/>\nVoici les politiques d'accessibilit\u00e9 de ces sites tiers, telles qu'elles ont \u00e9t\u00e9 rendues publiques :<\/p>\n<p><a href=\"https:\/\/www.facebook.com\/help\/141636465971794\/?cms_id=141636465971794&amp;maybe_redirect_pol=true\" target=\"_blank\" rel=\"noopener\"><strong>Politique d'accessibilit\u00e9 de Facebook<\/strong><\/a><br \/>\n<a href=\"https:\/\/support.google.com\/youtube\/answer\/189278?hl=it\" target=\"_blank\" rel=\"noopener\"><strong>Politique d'accessibilit\u00e9 de YouTube<\/strong><\/a><\/p>","protected":false},"excerpt":{"rendered":"<p>Donno Bikes si impegna a fornire un sito web accessibile a tutti. Siamo sempre alla ricerca di feedback e soluzioni che continueranno a migliorare l&#8217;accessibilit\u00e0 generale del nostro sito Web. Se riscontri difficolt\u00e0 nell&#8217;accesso al nostro sito Web, noti qualsiasi contenuto, caratteristica o funzionalit\u00e0 che ritieni non sia completamente accessibile alle persone con disabilit\u00e0 o [&hellip;]<\/p>\n","protected":false},"author":1,"featured_media":0,"parent":0,"menu_order":0,"comment_status":"closed","ping_status":"closed","template":"tempates\/service-page.php","meta":{"footnotes":""},"class_list":["post-89728","page","type-page","status-publish","hentry"],"meta_box":{"data":[],"servizi_page":[],"front_page_group":[],"pagamento":[],"spedizione":[],"group_mnnetnjnlpc":[],"group_sudinoi":[],"group_lavora-con-noi":[]},"_links":{"self":[{"href":"https:\/\/donnobikes.com\/fr\/wp-json\/wp\/v2\/pages\/89728","targetHints":{"allow":["GET"]}}],"collection":[{"href":"https:\/\/donnobikes.com\/fr\/wp-json\/wp\/v2\/pages"}],"about":[{"href":"https:\/\/donnobikes.com\/fr\/wp-json\/wp\/v2\/types\/page"}],"author":[{"embeddable":true,"href":"https:\/\/donnobikes.com\/fr\/wp-json\/wp\/v2\/users\/1"}],"replies":[{"embeddable":true,"href":"https:\/\/donnobikes.com\/fr\/wp-json\/wp\/v2\/comments?post=89728"}],"version-history":[{"count":0,"href":"https:\/\/donnobikes.com\/fr\/wp-json\/wp\/v2\/pages\/89728\/revisions"}],"wp:attachment":[{"href":"https:\/\/donnobikes.com\/fr\/wp-json\/wp\/v2\/media?parent=89728"}],"curies":[{"name":"wp","href":"https:\/\/api.w.org\/{rel}","templated":true}]}}