{"id":89730,"date":"2023-04-20T16:10:02","date_gmt":"2023-04-20T14:10:02","guid":{"rendered":"https:\/\/new.donnobikes.com\/?page_id=89730"},"modified":"2023-07-26T14:55:33","modified_gmt":"2023-07-26T12:55:33","slug":"conditions-generales","status":"publish","type":"page","link":"https:\/\/donnobikes.com\/fr\/conditions-generales\/","title":{"rendered":"Conditions g\u00e9n\u00e9rales d'utilisation"},"content":{"rendered":"<p>Derni\u00e8re mise \u00e0 jour : 29 juin 2022<\/p>\n<p><strong>1 - GESTION ET OBJECTIF<\/strong><br \/>\nCe site web est g\u00e9r\u00e9 par DONNO BIKES SRL (ci-apr\u00e8s \"Donno Bikes\" ou \"l'entreprise\" ou \"nous\"). En particulier, Donno Bikes fabrique, distribue et vend des v\u00e9los musculaires et \u00e9lectriques. L'objectif principal du site web et de ses services est d'informer principalement les clients, les revendeurs et les autres parties int\u00e9ress\u00e9es sur les produits et les activit\u00e9s de Donno Bikes. Sauf indication contraire expresse, les donn\u00e9es figurant sur ce site ne sont pas juridiquement contraignantes pour Donno Bikes.<\/p>\n<p><strong>2 - CHAMP D'APPLICATION DE LA VALIDIT\u00c9<\/strong><br \/>\nLes pr\u00e9sentes conditions d'utilisation s'appliquent \u00e0 tous les visiteurs du site www.donnobikes.com, y compris tous les sous-domaines (d\u00e9sign\u00e9s collectivement par le terme \"site web\"). En utilisant le site web, vous acceptez \u00e9galement ces conditions d'utilisation.<br \/>\nDonno Bikes se r\u00e9serve le droit de modifier ou d'\u00e9tendre ces conditions \u00e0 tout moment, ainsi que de les adapter \u00e0 toute modification de la l\u00e9gislation en vigueur. Donno Bikes demande donc aux utilisateurs de ce site de consulter r\u00e9guli\u00e8rement les conditions d'utilisation avant d'utiliser le site et de prendre connaissance des \u00e9ventuelles modifications et mises \u00e0 jour.<\/p>\n<p><strong>3 - CONDITIONS G\u00c9N\u00c9RALES<\/strong><br \/>\nDonno Bikes a le droit de supprimer ou d'adapter le contenu du site web \u00e0 tout moment et sans pr\u00e9avis, de suspendre la disponibilit\u00e9 du site web ou de le rendre accessible uniquement \u00e0 un certain cercle de personnes.<br \/>\nEn visitant le site web, l'utilisateur d\u00e9clare qu'il consent \u00e0 l'utiliser uniquement aux fins pr\u00e9vues et s'engage \u00e0 ne pas acc\u00e9der \u00e0 des zones non autoris\u00e9es ou \u00e0 apporter des modifications au site web, \u00e0 provoquer des dysfonctionnements, \u00e0 diffuser des logiciels malveillants, \u00e0 modifier ou \u00e0 consulter les donn\u00e9es d'autres utilisateurs.<br \/>\nL'utilisateur accepte \u00e9galement d'acheter des produits sur le site Web uniquement pour un usage personnel et non commercial. L'achat de nos produits et l'utilisation de nos services interdisent leur distribution, leur revente ou toute autre utilisation commerciale ou professionnelle, sauf si l'utilisateur est un partenaire commercial autoris\u00e9 de Donno Bikes.<\/p>\n<p><strong>4 - MODIFICATION DES PRODUITS, DES SERVICES ET DES PRIX<\/strong><br \/>\nLes prix de nos produits et services peuvent \u00eatre modifi\u00e9s sans pr\u00e9avis.<br \/>\nNous nous r\u00e9servons le droit de modifier ou d'interrompre \u00e0 tout moment les services (ou une partie de ceux-ci) sans pr\u00e9avis. Nous ne pouvons \u00eatre tenus responsables envers vous ou un tiers de toute modification, changement de prix, suspension ou interruption des services.<\/p>\n<p><strong>5 - EXACTITUDE ET EXHAUSTIVIT\u00c9 DES INFORMATIONS<\/strong><br \/>\nNous ne sommes pas responsables si les informations mises \u00e0 disposition sur le site web ne sont pas exactes, compl\u00e8tes ou \u00e0 jour. Tous les documents sont fournis \u00e0 titre d'information g\u00e9n\u00e9rale uniquement et ne doivent pas \u00eatre utilis\u00e9s comme base unique pour prendre des d\u00e9cisions sans consulter des sources d'information primaires. Toute confiance accord\u00e9e au mat\u00e9riel figurant sur les sites web est \u00e0 vos risques et p\u00e9rils.<\/p>\n<p><strong>6 - RESPONSABILIT\u00c9<\/strong><br \/>\nDonno Bikes d\u00e9cline toute responsabilit\u00e9 pour les dommages, quelle qu'en soit la nature, r\u00e9sultant de l'acc\u00e8s aux pages de son site, de leur utilisation et\/ou du t\u00e9l\u00e9chargement ou de l'enregistrement d'informations ou de programmes.<br \/>\nNous ne garantissons pas que l'utilisation de notre site sera ininterrompue, opportune, s\u00fbre ou exempte d'erreurs. En aucun cas Donno Bikes, ses administrateurs, dirigeants, employ\u00e9s, soci\u00e9t\u00e9s affili\u00e9es, agents, vendeurs ou prestataires de services ne pourront \u00eatre tenus responsables des pertes, r\u00e9clamations ou dommages directs, indirects, accessoires ou cons\u00e9cutifs de quelque nature que ce soit, y compris les pertes de b\u00e9n\u00e9fices, les pertes de donn\u00e9es, les co\u00fbts de remplacement ou tout autre dommage similaire r\u00e9sultant de l'utilisation du site web et de son contenu, ou de toute autre r\u00e9clamation li\u00e9e de quelque mani\u00e8re que ce soit \u00e0 l'utilisation du site web.<\/p>\n<p><strong>7 - DONN\u00c9ES PERSONNELLES ET D'ENTREPRISE<\/strong><br \/>\nLa transmission de donn\u00e9es via le site web est r\u00e9gie par notre politique de protection des donn\u00e9es. Pour consulter notre politique de protection des donn\u00e9es, voir\u00a0<a href=\"https:\/\/donnobikes.com\/fr\/privacy\/\">https:\/\/www.donnobikes.com\/privacy<\/a>.<\/p>\n<p><strong>8 - ZONE DES CONCESSIONNAIRES<\/strong><br \/>\nL'espace revendeur n'est accessible qu'aux partenaires commerciaux de Donno Bikes qui ont re\u00e7u des donn\u00e9es d'acc\u00e8s personnelles \u00e0 cette fin.<\/p>\n<p><strong>9 - ENVOI D'ID\u00c9ES ET DE PROPOSITIONS<\/strong><br \/>\nL'envoi non sollicit\u00e9 de manuscrits sur les plans de marketing, les publicit\u00e9s, les produits et les mod\u00e8les d'emballage est g\u00e9n\u00e9ralement refus\u00e9. Dans ce cas, Donno Bikes d\u00e9cline toute responsabilit\u00e9 pour les documents re\u00e7us. Pour des raisons de temps et de co\u00fbt, les manuscrits et documents envoy\u00e9s sans demande explicite ne seront pas renvoy\u00e9s \u00e0 l'exp\u00e9diteur.<\/p>\n<p><strong>10 - PROPRI\u00c9T\u00c9 INTELLECTUELLE<\/strong><br \/>\nLes marques, logos, caract\u00e9ristiques et d\u00e9signations des produits, images et textes, ainsi que les pages elles-m\u00eames et leur mise en page disponibles sur notre site Internet sont soumis aux droits d'auteur et de propri\u00e9t\u00e9 industrielle de Donno. Il est interdit d'utiliser les droits de propri\u00e9t\u00e9 industrielle de Donno Bikes sans l'accord \u00e9crit de l'entreprise ou du propri\u00e9taire de la marque. Certaines pages ou parties de pages peuvent \u00eatre copi\u00e9es pour un usage priv\u00e9, \u00e0 condition qu'elles ne soient pas modifi\u00e9es et que la mention du droit d'auteur de Donno Bikes reste visible. L'utilisation des pages Web ou de parties de celles-ci \u00e0 des fins commerciales n\u00e9cessite l'accord pr\u00e9alable expr\u00e8s de Donno Bikes.<\/p>\n<p><strong>11 - LIENS AVEC DES TIERS<\/strong><br \/>\nChaque lien et chaque lien vers nos pages Web a \u00e9t\u00e9 soigneusement v\u00e9rifi\u00e9 et, \u00e0 notre connaissance, ne contient aucun contenu ill\u00e9gal. Cependant, en raison des changements fr\u00e9quents dans le contenu d'Internet, Donno Bikes n'assume aucune responsabilit\u00e9 pour le contenu des pages li\u00e9es et ne peut influencer leur conception et leur texte de quelque mani\u00e8re que ce soit. C'est pourquoi Donno Bikes se distancie express\u00e9ment de tous les contenus des sites Internet de tiers et se d\u00e9solidarise express\u00e9ment de ces contenus. Cette d\u00e9claration s'applique sans exception aux liens contenus dans les pages Web de Donno Bikes, mais aussi \u00e0 tous les contenus des pages vers lesquelles les liens renvoient l'utilisateur lorsqu'il clique dessus.<\/p>\n<p><strong>12 - DISPOSITIONS ANNEXES<\/strong><br \/>\nSi l'une des dispositions des conditions d'utilisation est ou devient inefficace ou inapplicable, l'efficacit\u00e9 des autres dispositions n'en sera pas affect\u00e9e.<br \/>\nLes pr\u00e9sentes conditions d'utilisation sont soumises au droit italien. Le lieu de juridiction est Ascoli Piceno.<\/p>\n<p><strong>13 - INFORMATIONS DE CONTACT<\/strong><br \/>\nSi vous avez des questions sur ces conditions d'utilisation ou si quelque chose ne vous semble pas clair, n'h\u00e9sitez pas \u00e0 nous appeler au +39 375 706 0406, du lundi au vendredi de 9h00 \u00e0 17h00, ou \u00e0 nous envoyer un e-mail \u00e0 l'adresse suivante <a href=\"mailto:info@donnobikes.com\">info@donnobikes.com<\/a><\/p>","protected":false},"excerpt":{"rendered":"<p>Ultimo aggiornamento: 29 Giugno 2022 1 \u2013 GESTIONE E SCOPO Il presente sito web \u00e8 gestito da DONNO BIKES SRL (di seguito \u201cDonno Bikes\u201d o \u201cAzienda\u201d o \u201cNoi\u201d). In particolare, Donno Bikes produce, distribuisce e vende biciclette muscolari ed elettriche. L&#8217;obiettivo principale del sito web e dei suoi servizi \u00e8 informare principalmente clienti, rivenditori e [&hellip;]<\/p>\n","protected":false},"author":1,"featured_media":0,"parent":0,"menu_order":0,"comment_status":"closed","ping_status":"closed","template":"tempates\/service-page.php","meta":{"footnotes":""},"class_list":["post-89730","page","type-page","status-publish","hentry"],"meta_box":{"data":[],"servizi_page":[],"front_page_group":[],"pagamento":[],"spedizione":[],"group_mnnetnjnlpc":[],"group_sudinoi":[],"group_lavora-con-noi":[]},"_links":{"self":[{"href":"https:\/\/donnobikes.com\/fr\/wp-json\/wp\/v2\/pages\/89730","targetHints":{"allow":["GET"]}}],"collection":[{"href":"https:\/\/donnobikes.com\/fr\/wp-json\/wp\/v2\/pages"}],"about":[{"href":"https:\/\/donnobikes.com\/fr\/wp-json\/wp\/v2\/types\/page"}],"author":[{"embeddable":true,"href":"https:\/\/donnobikes.com\/fr\/wp-json\/wp\/v2\/users\/1"}],"replies":[{"embeddable":true,"href":"https:\/\/donnobikes.com\/fr\/wp-json\/wp\/v2\/comments?post=89730"}],"version-history":[{"count":0,"href":"https:\/\/donnobikes.com\/fr\/wp-json\/wp\/v2\/pages\/89730\/revisions"}],"wp:attachment":[{"href":"https:\/\/donnobikes.com\/fr\/wp-json\/wp\/v2\/media?parent=89730"}],"curies":[{"name":"wp","href":"https:\/\/api.w.org\/{rel}","templated":true}]}}