{"id":96221,"date":"2024-10-26T15:56:47","date_gmt":"2024-10-26T13:56:47","guid":{"rendered":"https:\/\/donnobikes.com\/?page_id=96221"},"modified":"2026-04-08T08:47:26","modified_gmt":"2026-04-08T06:47:26","slug":"nouveau","status":"publish","type":"page","link":"https:\/\/donnobikes.com\/fr\/","title":{"rendered":"V\u00e9lo cargo \u00e9lectrique"},"content":{"rendered":"","protected":false},"excerpt":{"rendered":"","protected":false},"author":1,"featured_media":0,"parent":0,"menu_order":0,"comment_status":"closed","ping_status":"closed","template":"front-page.php","meta":{"footnotes":""},"class_list":["post-96221","page","type-page","status-publish","hentry"],"meta_box":{"data":{"banner":{"group":{"list":[{"title":"Premium support","icon":"96281"},{"title":"Spedizione veloce","icon":"96282"},{"title":"10 anni di garanzia","icon":"96283"},{"title":"Top qualit\u00e0 dei prodotti","icon":"96284"}]},"banner-single":[{"background":"97714","button":{"title":"Promozioni Speciali ","link":"627"},"vertical":"97715"}]},"catalog":{"title":"V\u00e9lo cargo de la nouvelle <span>g\u00e9n\u00e9ration <\/span>","descrizione":"Migliore guida, pi\u00f9 carico e design di lusso","list":[{"title":"Compact Cargo Bike","descrizione":"Piccole dimensioni, grande carico","image":"96237","button":{"title":"Dettagli","link":"523"}},{"title":"Full-Size Cargo Bike","descrizione":"La massima capienza a due ruote","image":"96236","button":{"title":"Dettagli","link":"524"}},{"title":"Front Cargo Bike","descrizione":"Trasporta tutto quello che serve","image":"96240","button":{"title":"Dettagli","link":"525"}}]},"catalog_donnoedition":{"title":"Cargo bike Elettrica<span>con\u00e7u pour les familles italiennes<\/span>","descrizione":"Donno Bikes Edition \u2014 ogni dettaglio \u00e8 studiato per offrire comfort e sicurezza alla tua famiglia.\r\n10 anni di garanzia sul telaio \u2014 produzione esclusiva su misura.","list":[{"title":"Yuba Kombi DonnoBikes Edition","descrizione":"Una cargo bike potente, affidabile e compatta \u2014 perfetta per gli spostamenti quotidiani con bambini e carichi.","image":"96312","button":{"title":"Dettagli","link":"619"}},{"title":"iO InBicy","descrizione":"La bici del futuro: leggera, innovativa e potente, dove la tecnologia lavora per te e lo stile ti fa distinguere.","image":"96814","button":{"title":"Dettagli","link":"629"}},{"title":"Taga Family","descrizione":"Cargo bike a tre ruote con massima stabilit\u00e0 e affidabilit\u00e0 collaudata \u2014 la scelta di famiglie in tutto il mondo.","image":"96311","button":{"title":"Dettagli","link":"630"}}]},"video":["96102"],"category":{"title":"En savoir plus sur le monde des v\u00e9los-cargos","descrizione":"Per Massimo comfort e sicurezza","list":[{"title":"Compact Cargo Bike <br> <span>per Uso Quotidiano<\/span>","descrizione":"Una tipica cargo bike offre una bella pedalata, ma non molta versatilit\u00e0 d\u2019uso. Una normale cargo bike elettrica trasporta carichi pesanti, ma richiede spazi di manovra e parcheggio.\r\n\r\nCrediamo che ci\u00f2 di cui le persone hanno veramente bisogno sia un'e-bike per tutti i giorni progettata con la perfetta combinazione di <strong>facilit\u00e0 di guida, capacit\u00e0 di carico e bel design<\/strong>.\r\n\r\nLa nostra linea di compact cargo bike sono state sviluppate con <strong>un\u2019incredibile manovrabilit\u00e0<\/strong> e la capacit\u00e0 di trasportare esattamente ci\u00f2 di cui hai bisogno.","image":"91425","button":{"title":"Vedi Compact Cargo Bike ","link":"523"}},{"title":"Full Size Cargo Bike  <br> <span> La Massima Capienza a Due Ruote <\/span>","descrizione":"Le full-size cargo bike sono pronte a tutto e in grado di trasportare pi\u00f9 di 3 volte il carico di una bike normale, raggiungendo la soglia di <strong>250 kg di portata utile<\/strong>.\r\n\r\nAppianano le colline e accorciano le distanze con il motore elettrico Bosch a trazione centrale Shimano STePS, leader del settore.\r\n\r\nLe preferite dalle famiglie numerose, da chi usa la bici <strong>per trasportare carichi su tragitti per la propria professione<\/strong> e da chi vuole vivere l\u2019avventura off-road.","image":"92088","button":{"title":"Vedi Full Size Cargo Bike ","link":"524"}},{"title":"Bici Pieghevoli  <br> <span> Da Guidare E Trasportare Ovunque<\/span>","descrizione":"<strong>Ultra leggere, super compatte, fashion e dal design pluripremiato<\/strong>, le pieghevoli Ahooga sono il top di gamma delle city bike.\r\n\r\nIl loro telaio privo di cerniere che rimane un triangolo intatto durante la piegatura, unico nel mercato delle bike pieghevoli, le rende le pi\u00f9 resistenti e le pi\u00f9 confortevoli alla guida.\r\n\r\nDa riporre nel bagagliaio o in una borsa per trasportarle ovunque, anche sui mezzi pubblici, sono sempre pronte all'uso. <strong>Bastano 10 secondi per aprirle e salire in sella!<\/strong>","image":"92839","button":{"title":"Vedi Pieghevoli Bike","link":"527"}},{"title":"Front Cargo Bike  <br> <span> Trasporta Tutto Quello Che Serve <\/span>","descrizione":"<strong>Pi\u00f9 che una due ruote: viaggi giornalieri<\/strong>, micro-avventure in famiglia, uso professionale... queste bike hanno la risposta a tutto!\r\n\r\nIl baricentro basso, grazie alle ruote da 20\", \u00e8 il segreto della stabilit\u00e0 che rende queste potenti cargo bike facili da maneggiare su superfici piane, in curva o in salita.\r\n\r\nE ne fanno la cargo bike pi\u00f9 semplici per caricare attrezzatura, bambini o oggetti ingombranti.\r\n\r\n<strong>Ultra maneggevoli, non importa quanto sia pesante il carico<\/strong>, le front cargo bike sono incredibilmente fluide. Il sistema di sterzo \u00e8 reattivo ad ogni movimento e le rende davvero divertenti e facili da guidare.","image":"93413","button":{"title":"Vedi Front Cargo Bike ","link":"525"}},{"title":"City Bike  <br> <span> La Mobilit\u00e0 Urbana a Due Ruote <\/span>","descrizione":"Una city bike \u00e8 una bicicletta da citt\u00e0, <strong>un mezzo a due ruote particolarmente agile nel traffico cittadino, flessibile e resistente<\/strong>.\r\n\r\nModerne, grintose, elettriche con marce o Single Speed per muoverti pi\u00f9 rapidamente.\r\n\r\nLe bici da citt\u00e0 a pedalata assistita sono progettate per gli spostamenti urbani, per andare al lavoro, viaggiare rapidamente su piste cicliabili. <strong>Muoviti in citt\u00e0 in tutta sicurezza con una city bike!<\/strong>","image":"92534","button":{"title":"Vedi City Bike","link":"526"}},{"title":"iO InBicy  <br> <span> La Rivoluzione Compact<\/span>","descrizione":"Cargo bike iO InBicy ha la stessa lunghezza di una bici normale. Ed \u00e8 qui che finiscono le somiglianze. <strong>La pi\u00f9 piccola delle cargo bike compatte<\/strong> abbatte ogni convenzione. Alla guida agilissima di una tipica e-bike, aggiunge la potenza del motore da 250W.\r\n\r\n<strong>Ha capacit\u00e0 di carico superiori<\/strong> a qualunque altra compact e abbastanza da far sudare qualsiasi full-size cargo bike.\r\n\r\nQuesta combinazione ineguagliabile di corsa e capacit\u00e0 inizia con ruote da 26\u2033 per maggiore comfort e controllo, un telaio di alta tecnologia per la robustezza, e si completa con <strong>Flash Switch<\/strong>, l\u2019innovativo sistema brevettato di aggancio dei piani di carico per la massima funzionalit\u00e0 quotidiana.","image":"90526","button":{"title":"Vedi iO InBicy","link":"136"}}]},"donnolive":{"background":"96263","logotip":"96589","pretitle":"Vedi la tua bicicletta a 360\u00b0","title":"Essai virtuel","descrizione":"Hai domande sulla tua prossima bicicletta?\u00a0\r\nOttieni tutte le risposte direttamente e scopri ogni segreto con una sessione Donnolive personalizzata.","button":{"title":"Prendre rendez-vous","link":"95912"}},"donnosafe":{"image":"96226","title":"Tous les v\u00e9los \u00e9lectriques Donnobikes cargo peuvent \u00eatre \u00e9quip\u00e9s du nouveau syst\u00e8me antivol avec GPS.  <span>DonnoSafe<\/span>","descrizione":"Scegli la sicurezza, scegli DonnoSafe","button":{"title":"Plus d'informations","link":"94275"}},"about":{"title":"Pourquoi sommes-nous les meilleurs sur le march\u00e9 du fret ?","descrizione":"Scegli il meglio, scegli Donnobikes","button":{"title":"NOTRE HISTOIRE","link":"89357"},"list":[{"title":"4.8\/5.0","descrizione":"Media di recensioni su Google","image":"96274"},{"title":"60+","descrizione":"Centri assistenza in tutta Italia"},{"title":"7000+","descrizione":"Delle famiglie soddisfatte"},{"title":"Dal 2014","descrizione":"Che sappiamo il meglio delle cargo bike al mondo","image":"96275"},{"title":"72 ore","descrizione":"Tempo medio di consegna in Italia","image":"96286"},{"title":"10 anni","descrizione":"di garanzia sul telaio di ogni nostra bicicletta","image":"96285"}],"blog_Link":"1546"},"faq":{"background":"96500","title":"Cargo bike Elettrica per il trasporto dei bambini","descrizione":"Le 50 domande pi\u00f9 comuni","button":{"title":"En savoir plus","link":"96488"}},"news":{"title":"Salle de presse","descrizione":"Notizie, consigli degli esperti, bonus regionali e recensioni delle cargo bike","button":{"title":"VOIR TOUS","link":"1546"}},"video_group":{"title":"Vid\u00e9o","button":{"title":"PLUS DE VID\u00c9OS","link":"https:\/\/www.youtube.com\/@donnobikes\/videos"},"list":[{"title":"Yuba Supercargo CL | Scopri cosa una long john pu\u00f2 fare per te!","link":"https:\/\/www.youtube.com\/watch?v=wdDwci1mP3U&t=31s","image":"92262"},{"title":"Yuba FastRack\u23aaUn portapacchi non basta? Fastrack si fa in quattro!","link":"https:\/\/www.youtube.com\/watch?v=ztYqJC2uIcU&list=PLy81_ZTJG-sDiNMZ-qHL6yB49NN2x9yKo","image":"91691"},{"title":"iO InBicy | Vincitrice del Red Dot Design Award 2023 ","link":"https:\/\/www.youtube.com\/watch?v=0r-hapSFOP0","image":"90522"},{"title":"Yuba Kombi E5 | La compact cargo bike che cambia il tuo quotidiano","link":"https:\/\/www.youtube.com\/watch?v=vSNIrQ30HHY&t=20s","image":"91437"},{"title":"Yuba Spicy Curry | Il viaggio di una famiglia italiana in Islanda","link":"https:\/\/www.youtube.com\/watch?v=EHQbc2f4yZc&t=5s","image":"93592"},{"title":"Yuba Mundo EP8 | Il minivan a due ruote con motore Shimano!","link":"https:\/\/www.youtube.com\/watch?v=VS2899SAz_A&t=6s","image":"91586"}]},"bonus":{"background":"96292","pretitle":"Bonus Bici","title":"Le bonus v\u00e9lo de Bolzano \u00e0 ne pas manquer !","button":{"title":"LIRE LA SUITE","link":"96061"}},"bonus_group":[{"background":"97319","pretitle":"Bonus Bici","title":"Bonus bici Firenze da non perdere !","button":{"title":"LEGGI TUTTO","link":"97315"}},{"background":"96584","pretitle":"Bonus Bici ","title":"Bonus Bikes Bolzano","button":{"title":"LEGGI TUTTO","link":"96061"}}]},"servizi_page":[],"front_page_group":[],"pagamento":[],"spedizione":[],"group_mnnetnjnlpc":[],"group_sudinoi":[],"group_lavora-con-noi":[]},"_links":{"self":[{"href":"https:\/\/donnobikes.com\/fr\/wp-json\/wp\/v2\/pages\/96221","targetHints":{"allow":["GET"]}}],"collection":[{"href":"https:\/\/donnobikes.com\/fr\/wp-json\/wp\/v2\/pages"}],"about":[{"href":"https:\/\/donnobikes.com\/fr\/wp-json\/wp\/v2\/types\/page"}],"author":[{"embeddable":true,"href":"https:\/\/donnobikes.com\/fr\/wp-json\/wp\/v2\/users\/1"}],"replies":[{"embeddable":true,"href":"https:\/\/donnobikes.com\/fr\/wp-json\/wp\/v2\/comments?post=96221"}],"version-history":[{"count":1,"href":"https:\/\/donnobikes.com\/fr\/wp-json\/wp\/v2\/pages\/96221\/revisions"}],"predecessor-version":[{"id":97113,"href":"https:\/\/donnobikes.com\/fr\/wp-json\/wp\/v2\/pages\/96221\/revisions\/97113"}],"wp:attachment":[{"href":"https:\/\/donnobikes.com\/fr\/wp-json\/wp\/v2\/media?parent=96221"}],"curies":[{"name":"wp","href":"https:\/\/api.w.org\/{rel}","templated":true}]}}