{"id":14620,"date":"2020-07-18T00:31:43","date_gmt":"2020-07-17T22:31:43","guid":{"rendered":"https:\/\/donnobikes.com\/?post_type=product&#038;p=14620"},"modified":"2025-05-02T13:36:28","modified_gmt":"2025-05-02T11:36:28","slug":"yuba-kombi-e5-donno-bikes-mod","status":"publish","type":"product","link":"https:\/\/donnobikes.com\/fr\/produit\/yuba-kombi-e5-donno-bikes-mod\/","title":{"rendered":"Yuba Kombi E5 DonnoBikes Mod"},"content":{"rendered":"<h3>Laissez les cl\u00e9s de la voiture \u00e0 la maison et mettez-vous en selle avec la famille !<\/h3>\n<p>Le Yuba Kombi E5 est un v\u00e9lo cargo longtail compact \u00e0 p\u00e9dalage assist\u00e9, le mod\u00e8le \u00e9lectrique le plus populaire de Yuba. Id\u00e9al pour les citadins qui veulent tenter l'aventure du cargo, en choisissant d'utiliser un v\u00e9lo pour remplacer leur voiture, mais avec une conduite douce ! Le Yuba Kombi E5 poss\u00e8de un certain nombre de caract\u00e9ristiques uniques.<\/p>\n<p><strong>Composants de haute qualit\u00e9.<\/strong> Les composants Shimano lui conf\u00e8rent des performances \u00e9lev\u00e9es \u00e0 un prix comp\u00e9titif. Aliment\u00e9 par un moteur Shimano STePS E5000 mid-drive et une batterie de 418 Wh, il vous accompagnera facilement sur tous les trajets urbains. Il vous surprendra par sa robustesse et sa maniabilit\u00e9. Il roule avec style et ses freins \u00e0 disques hydrauliques vous donnent confiance lorsque vous vous arr\u00eatez en charge. Le syst\u00e8me \u00e0 9 vitesses vous permet de choisir parmi une large gamme de rapports en fonction du terrain et de la charge embarqu\u00e9e.<\/p>\n<p><strong>S'adapte \u00e0 vos besoins<\/strong>. Le ch\u00e2ssis du Yuba Kombi E5 peut facilement \u00eatre personnalis\u00e9. Enfants, adultes, sacs lat\u00e9raux... des possibilit\u00e9s infinies vous attendent ! Vous pouvez mettre 2 si\u00e8ges enfants pour les plus petits, des barres de protection pour les plus grands et une b\u00e2che pour les jours de pluie. Tout est possible avec le combi E5 ! Vous le conduirez probablement plus souvent que vous n'utilisez votre voiture !<\/p>\n<p class=\"textgame\"><strong>La <\/strong>Le Yuba Kombi e5 incarne notre vision du cyclisme avanc\u00e9, combinant puissance et polyvalence dans un design qui s'adapte aux besoins urbains, tout comme un v\u00e9lo avec une structure. <i>pliable<\/i> e <i>pouvoir<\/i>-v\u00e9lo.<\/p>","protected":false},"excerpt":{"rendered":"<p>Moteur Shimano STePS E5000 - Couleur Argent<\/p>","protected":false},"featured_media":93111,"comment_status":"open","ping_status":"closed","template":"","meta":[],"product_brand":[],"product_cat":[621,622,623,33,624,626,594,523,21],"product_tag":[18,36],"class_list":{"0":"post-14620","1":"product","2":"type-product","3":"status-publish","4":"has-post-thumbnail","6":"product_cat-bici-da-carico","7":"product_cat-bici-da-trasporto","8":"product_cat-bici-per-trasporto-bambini","9":"product_cat-biciclette","10":"product_cat-cargo-bike","11":"product_cat-cargo-bike-elettrica","12":"product_cat-catalogo","13":"product_cat-compact-cargo","14":"product_cat-yuba","15":"product_tag-cargo-bike","16":"product_tag-e-bike","17":"product_shipping_class-bicicletta","19":"first","20":"instock","21":"sale","22":"shipping-taxable","23":"purchasable","24":"product-type-variable","25":"has-default-attributes"},"gallery_images":[93112,93110,93109],"meta_box":{"short_name":"","marketing_name":"YUBA KOMBI E5 DonnoBikes Mod","motore_for_biciclette":["90449"],"biciclette_id":"90437","consegna":"","configurator":[],"single_page_group":{"video_group":[{"link_video":"https:\/\/www.youtube.com\/watch?v=vSNIrQ30HHY&t=20s","title":"Mode de vie avec Kombi E5","preheader":"Scopri come questa cargo e-bike pu\u00f2 cambiare il tuo quotidiano","preview":"91400"},{"link_video":"https:\/\/www.youtube.com\/watch?v=OHk7DA5ESGs&t=7s","title":"Pr\u00e9sentation du Kombi E5","preheader":"Una visione a 360* del nuovo modello cargo elettrico di Yuba","preview":"91401"},{"link_video":"https:\/\/www.youtube.com\/watch?v=CTBLp3q3oqg","title":"Introduction aux caract\u00e9ristiques","preheader":"Presentazione delle principali funzioni tecniche e di design","preview":"91402"},{"link_video":"https:\/\/www.youtube.com\/watch?v=e3BaDevwNv4&t=107s","title":"Kombi E5 de l'atelier Donno Bikes","preheader":"Scopri display, freni, cambio, motore Shimano e le fasi di assestamento","preview":"91422"},{"link_video":"https:\/\/www.youtube.com\/watch?v=D0kxIVarJdE&ab_channel=DonnoBikes","title":"Yuba E5, un v\u00e9lo \u00e9lectrique pouvant transporter jusqu'\u00e0 200 kg","preview":"94110"}],"galleria_fotografica":{"image":["91407","91404","91408","91405","91406","91410","91409","91411","91412"],"galleria_banner":["91413","91414","91416","91415"]},"versatilita":{"title":"YUBA KOMBI E5. NOUVELLE G\u00c9N\u00c9RATION D'E-BIKE U-TILITY.","desc":"Yuba Kombi E5 combina la qualit\u00e0 Shimano ad un prezzo vantaggioso, senza rinunciare alla versatilit\u00e0. Il suo aspetto chic, la compattezza e la resistenza, hanno reso particolarmente popolare questa cargo e-bike. Il divertimento alla guida si unisce alla manovrabilit\u00e0, potrai superare tutti i ciclisti, anche con bambini e borse della spesa a bordo. La sua ampia gamma di accessori la rende perfettamente attrezzata per la vita familiare quotidiana in citt\u00e0 in qualunque circostanza.","versatilita_group":[{"image":"91649","desc":"Senza accessori sembra una normale e-bike ma la sua agilit\u00e0, la potenzialit\u00e0 di carico e la possibilit\u00e0 di parcheggio verticale la rendono unica."},{"image":"91648","desc":"Portapacchi da 70cm a cui agganciare grandi borse laterali e una borsa spesa nel cesto anteriore ne fanno la sostituta ideale all'automobile."},{"image":"91655","desc":"Compatible con Yepp, Qibbel e la maggior parte dei seggiolini disponibili sul mercato. La cargo bike \u00e8 progettata per portare due bambini in sicurezza."},{"image":"91652","desc":"Porta un bambino su un seggiolino e un secondo pi\u00f9 grande sul retro. Le aste di sicurezza sono facoltative ma assolutamente raccomandate."},{"image":"91654","desc":"Porta un bambino sul seggiolino e due borse laterali. Anche senza cesto anteriore, la capacit\u00e0 di carico \u00e8 considerevole."},{"image":"91651","desc":"Porta in sicurezza due bambini pi\u00f9 grandi. Le barre delle aste di sicurezza sono disegnate per sostenere, proteggere e far divertire i tuoi figli."},{"image":"91650","desc":"Trasporta uno o due passeggeri adulti. Le sponde laterali e le maniglie tra cui scegliere garantiscono comfort e appiglio sicuro durante la corsa."},{"image":"91653","desc":"Usa la cargo bike in qualunque condizione atmosferica, proteggendo il tuo carico. I tuoi passeggeri avranno sempre una vista panoramica."},{"image":"89498"}]},"fotogallery_sync":"91418","edition":"1"},"catalog_group":{"quote":"2 COLORI","text":"La cargo e-bike compatta best-seller in America arriva in Italia! Prendi le tue cose e salta in sella.","vuoi":"Una cargo bike elettrica sempre pronta all\u2019azione, divertente da guidare e facile da manovrare.  Bella e molto versatile grazie ai tanti accessori con cui equipaggiarla. Una e-bike che tutti in casa vorranno guidare, in grado di trasportare tutto quello che serve!"}},"_links":{"self":[{"href":"https:\/\/donnobikes.com\/fr\/wp-json\/wp\/v2\/product\/14620","targetHints":{"allow":["GET"]}}],"collection":[{"href":"https:\/\/donnobikes.com\/fr\/wp-json\/wp\/v2\/product"}],"about":[{"href":"https:\/\/donnobikes.com\/fr\/wp-json\/wp\/v2\/types\/product"}],"replies":[{"embeddable":true,"href":"https:\/\/donnobikes.com\/fr\/wp-json\/wp\/v2\/comments?post=14620"}],"wp:featuredmedia":[{"embeddable":true,"href":"https:\/\/donnobikes.com\/fr\/wp-json\/wp\/v2\/media\/93111"}],"wp:attachment":[{"href":"https:\/\/donnobikes.com\/fr\/wp-json\/wp\/v2\/media?parent=14620"}],"wp:term":[{"taxonomy":"product_brand","embeddable":true,"href":"https:\/\/donnobikes.com\/fr\/wp-json\/wp\/v2\/product_brand?post=14620"},{"taxonomy":"product_cat","embeddable":true,"href":"https:\/\/donnobikes.com\/fr\/wp-json\/wp\/v2\/product_cat?post=14620"},{"taxonomy":"product_tag","embeddable":true,"href":"https:\/\/donnobikes.com\/fr\/wp-json\/wp\/v2\/product_tag?post=14620"}],"curies":[{"name":"wp","href":"https:\/\/api.w.org\/{rel}","templated":true}]}}