{"id":15256,"date":"2020-08-10T18:16:42","date_gmt":"2020-08-10T16:16:42","guid":{"rendered":"https:\/\/donnobikes.com\/?post_type=product&#038;p=15256"},"modified":"2026-02-09T10:06:47","modified_gmt":"2026-02-09T09:06:47","slug":"terrasse-en-bambou-yuba-kombi","status":"publish","type":"product","link":"https:\/\/donnobikes.com\/fr\/produit\/terrasse-en-bambou-yuba-kombi\/","title":{"rendered":"Pont en bambou Yuba Kombi"},"content":{"rendered":"<h3>Compatible avec tous les mod\u00e8les Kombi<\/h3>\n<p>Bamboo Deck Yuba Kombi est une planche en forme pour optimiser l'espace de chargement des longtails Kombi de Yuba. Parfait pour cr\u00e9er une zone d'assise confortable pour les passagers ou une plateforme de chargement solide et plate, cet ajout est essentiel pour votre v\u00e9lo cargo Kombi.<\/p>\n<p>La terrasse en bambou Yuba Kombi est fabriqu\u00e9e en bambou \u00e0 5 couches, un mat\u00e9riau durable et r\u00e9sistant aux intemp\u00e9ries. La culture du bambou est rapide et ne n\u00e9cessite pas beaucoup d'eau. Tous nos produits en bambou sont conformes aux directives REACH qui prot\u00e8gent contre les produits chimiques dangereux et toxiques. Les produits en bambou sont couverts par une garantie limit\u00e9e d'un an pour l'int\u00e9grit\u00e9 structurelle.<\/p>\n<p>Le Kombi Deck est parfaitement assorti aux Sideboards Kombi, les repose-pieds pour le confort des passagers de votre Yuba Kombi, vendus s\u00e9par\u00e9ment.<\/p>","protected":false},"excerpt":{"rendered":"<p>Compatibile con tutti i modelli Kombi Bamboo Deck Yuba Kombi \u00e8 una tavola sagomata per ottimizzare lo spazio di carico delle longtail Kombi di Yuba. Perfetto per creare una comoda area di seduta per i passeggeri o una piattaforma di carico robusta e piatta, questo componente aggiuntivo \u00e8 essenziale per la tua cargo bike Kombi. [&hellip;]<\/p>\n","protected":false},"featured_media":91183,"comment_status":"closed","ping_status":"closed","template":"","meta":[],"product_brand":[],"product_cat":[16,639,21,651],"product_tag":[],"class_list":{"0":"post-15256","1":"product","2":"type-product","3":"status-publish","4":"has-post-thumbnail","6":"product_cat-yuba-accessori","7":"product_cat-seduta-e-carico-posteriore-2","8":"product_cat-yuba","9":"product_cat-yuba-kombi-db-seduta-e-carico-posteriore-2","10":"product_shipping_class-accessori","12":"first","13":"instock","14":"shipping-taxable","15":"purchasable","16":"product-type-simple"},"gallery_images":[91187,91185,91184,91186,91188],"meta_box":{"short_name":"Tavola Portapacchi Deck Kombi","marketing_name":"","motore_for_biciclette":[],"biciclette_id":"","consegna":"","configurator":[],"single_page_group":[],"catalog_group":[]},"_links":{"self":[{"href":"https:\/\/donnobikes.com\/fr\/wp-json\/wp\/v2\/product\/15256","targetHints":{"allow":["GET"]}}],"collection":[{"href":"https:\/\/donnobikes.com\/fr\/wp-json\/wp\/v2\/product"}],"about":[{"href":"https:\/\/donnobikes.com\/fr\/wp-json\/wp\/v2\/types\/product"}],"replies":[{"embeddable":true,"href":"https:\/\/donnobikes.com\/fr\/wp-json\/wp\/v2\/comments?post=15256"}],"wp:featuredmedia":[{"embeddable":true,"href":"https:\/\/donnobikes.com\/fr\/wp-json\/wp\/v2\/media\/91183"}],"wp:attachment":[{"href":"https:\/\/donnobikes.com\/fr\/wp-json\/wp\/v2\/media?parent=15256"}],"wp:term":[{"taxonomy":"product_brand","embeddable":true,"href":"https:\/\/donnobikes.com\/fr\/wp-json\/wp\/v2\/product_brand?post=15256"},{"taxonomy":"product_cat","embeddable":true,"href":"https:\/\/donnobikes.com\/fr\/wp-json\/wp\/v2\/product_cat?post=15256"},{"taxonomy":"product_tag","embeddable":true,"href":"https:\/\/donnobikes.com\/fr\/wp-json\/wp\/v2\/product_tag?post=15256"}],"curies":[{"name":"wp","href":"https:\/\/api.w.org\/{rel}","templated":true}]}}