{"id":15265,"date":"2020-08-10T19:20:49","date_gmt":"2020-08-10T17:20:49","guid":{"rendered":"https:\/\/donnobikes.com\/?post_type=product&#038;p=15265"},"modified":"2026-02-09T10:06:38","modified_gmt":"2026-02-09T09:06:38","slug":"mini-soft-spot-yuba","status":"publish","type":"product","link":"https:\/\/donnobikes.com\/fr\/produit\/mini-soft-spot-yuba\/","title":{"rendered":"Yuba Mini Soft Spot Cushion"},"content":{"rendered":"<h3>Compatible avec tous les mod\u00e8les Kombi, Mundo, Spicy Curry, Fastrack<\/h3>\n<p>Mini Soft Spot Yuba est un coussin robuste, lavable, hydrofuge et r\u00e9sistant aux intemp\u00e9ries. Disponible en deux tailles pour s'adapter \u00e0 tous les mod\u00e8les de v\u00e9los (Soft Spot et Mini Soft Spot), il offre un si\u00e8ge arri\u00e8re confortable pour les passagers de votre v\u00e9lo cargo Yuba. Il s'installe rapidement gr\u00e2ce \u00e0 ses supports en velcro et est compatible avec les barres Monkey Bars r\u00e9glables.<\/p>\n<p>Avec ses dimensions, 31 x 18 x 5cm, il couvre :<\/p>\n<ul>\n<li>1\/2 de la banquette arri\u00e8re de tous les mod\u00e8les Kombi<\/li>\n<li>1\/3 de la banquette arri\u00e8re de tous les mod\u00e8les Spicy Curry et Mundo<\/li>\n<\/ul>\n<p>&nbsp;<\/p>","protected":false},"excerpt":{"rendered":"<p>Compatibile con tutti i modelli Kombi, Mundo, Spicy Curry, Fastrack Mini Soft Spot Yuba \u00e8 un cuscino robusto, lavabile, idrorepellente e resistente alle intemperie. Disponibile in due misure per adattarsi a tutti i modelli di bici (Soft Spot e Mini Soft Spot), offre un comodo sedile posteriore per i passeggeri della tua cargo bike Yuba. [&hellip;]<\/p>\n","protected":false},"featured_media":91064,"comment_status":"closed","ping_status":"closed","template":"","meta":[],"product_brand":[],"product_cat":[16,639,21,651],"product_tag":[],"class_list":{"0":"post-15265","1":"product","2":"type-product","3":"status-publish","4":"has-post-thumbnail","6":"product_cat-yuba-accessori","7":"product_cat-seduta-e-carico-posteriore-2","8":"product_cat-yuba","9":"product_cat-yuba-kombi-db-seduta-e-carico-posteriore-2","10":"product_shipping_class-accessori","12":"first","13":"instock","14":"shipping-taxable","15":"purchasable","16":"product-type-simple"},"gallery_images":[91065,91066,91067,91068,91074,91078,91076,91077],"meta_box":{"short_name":"Cuscino Mini Soft Spot","marketing_name":"","motore_for_biciclette":[],"biciclette_id":"","consegna":"","configurator":[],"single_page_group":[],"catalog_group":[]},"_links":{"self":[{"href":"https:\/\/donnobikes.com\/fr\/wp-json\/wp\/v2\/product\/15265","targetHints":{"allow":["GET"]}}],"collection":[{"href":"https:\/\/donnobikes.com\/fr\/wp-json\/wp\/v2\/product"}],"about":[{"href":"https:\/\/donnobikes.com\/fr\/wp-json\/wp\/v2\/types\/product"}],"replies":[{"embeddable":true,"href":"https:\/\/donnobikes.com\/fr\/wp-json\/wp\/v2\/comments?post=15265"}],"wp:featuredmedia":[{"embeddable":true,"href":"https:\/\/donnobikes.com\/fr\/wp-json\/wp\/v2\/media\/91064"}],"wp:attachment":[{"href":"https:\/\/donnobikes.com\/fr\/wp-json\/wp\/v2\/media?parent=15265"}],"wp:term":[{"taxonomy":"product_brand","embeddable":true,"href":"https:\/\/donnobikes.com\/fr\/wp-json\/wp\/v2\/product_brand?post=15265"},{"taxonomy":"product_cat","embeddable":true,"href":"https:\/\/donnobikes.com\/fr\/wp-json\/wp\/v2\/product_cat?post=15265"},{"taxonomy":"product_tag","embeddable":true,"href":"https:\/\/donnobikes.com\/fr\/wp-json\/wp\/v2\/product_tag?post=15265"}],"curies":[{"name":"wp","href":"https:\/\/api.w.org\/{rel}","templated":true}]}}