{"id":15610,"date":"2020-08-20T23:32:19","date_gmt":"2020-08-20T21:32:19","guid":{"rendered":"https:\/\/donnobikes.com\/?post_type=product&#038;p=15610"},"modified":"2024-07-09T11:14:02","modified_gmt":"2024-07-09T09:14:02","slug":"siege-bobike-exclusif-maxi-plus","status":"publish","type":"product","link":"https:\/\/donnobikes.com\/fr\/produit\/siege-bobike-exclusif-maxi-plus\/","title":{"rendered":"Si\u00e8ge enfant Exclusive Maxi Plus"},"content":{"rendered":"<h3>Non compatible avec les mod\u00e8les Supercargo, Spicy Curry et Taga<\/h3>\n<p>Le si\u00e8ge Exclusive Maxi Plus garantit un haut niveau de s\u00e9curit\u00e9. Il s'installe sur le porte-bagages arri\u00e8re du v\u00e9lo.<\/p>\n<ul>\n<li style=\"list-style-type: none;\">\n<ul>\n<li style=\"list-style-type: none;\">\n<ul>\n<li>Convient aux enfants de 9 mois \u00e0 22 kg.<\/li>\n<li>Double paroi, gris.<\/li>\n<li>Poids 3,3 kg, y compris le syst\u00e8me de montage facile.<\/li>\n<li>Dossier de 50 cm de haut.<\/li>\n<li>Si\u00e8ge de 29 cm de large.<\/li>\n<li>Ceinture de s\u00e9curit\u00e9 \u00e0 5 points r\u00e9glable en hauteur et en largeur.<\/li>\n<li>Cadenas \u00e0 combinaison int\u00e9gr\u00e9.<\/li>\n<li>Repose-pieds r\u00e9glables.<\/li>\n<li>Protection contre les rayons de roue.<\/li>\n<li>Coussin int\u00e9rieur souple et hydrofuge.<\/li>\n<li>Convient aux barres de toit homologu\u00e9es ISO 11243 d'une largeur comprise entre 120 et 175 mm, avec des tubes lat\u00e9raux d'un diam\u00e8tre compris entre 10 et 16 mm.<\/li>\n<li>Conforme \u00e0 la norme europ\u00e9enne de s\u00e9curit\u00e9 EN 14344.<\/li>\n<\/ul>\n<\/li>\n<\/ul>\n<\/li>\n<\/ul>","protected":false},"excerpt":{"rendered":"<p>Non compatibile con i modelli Supercargo, Spicy Curry e Taga Il seggiolino Exclusive Maxi Plus garantisce un alto livello di sicurezza. Si installa sul portapacchi posteriore della bicicletta. Adatto a bambini da 9 mesi di et\u00e0 fino a 22 kg di peso. A doppia parete, di colore grigio. Peso 3.3 kg incluso il sistema di [&hellip;]<\/p>\n","protected":false},"featured_media":93064,"comment_status":"closed","ping_status":"closed","template":"","meta":[],"product_brand":[],"product_cat":[23,601],"product_tag":[],"class_list":{"0":"post-15610","1":"product","2":"type-product","3":"status-publish","4":"has-post-thumbnail","6":"product_cat-accessori-vari","7":"product_cat-seggiolini-e-sedute","8":"product_shipping_class-accessori","10":"first","11":"instock","12":"shipping-taxable","13":"purchasable","14":"product-type-simple"},"gallery_images":[],"meta_box":{"short_name":"Seggiolino Bobike Exclusive Maxi Plus","marketing_name":"","motore_for_biciclette":[],"biciclette_id":"","consegna":"","configurator":[],"single_page_group":[],"catalog_group":[]},"_links":{"self":[{"href":"https:\/\/donnobikes.com\/fr\/wp-json\/wp\/v2\/product\/15610","targetHints":{"allow":["GET"]}}],"collection":[{"href":"https:\/\/donnobikes.com\/fr\/wp-json\/wp\/v2\/product"}],"about":[{"href":"https:\/\/donnobikes.com\/fr\/wp-json\/wp\/v2\/types\/product"}],"replies":[{"embeddable":true,"href":"https:\/\/donnobikes.com\/fr\/wp-json\/wp\/v2\/comments?post=15610"}],"wp:featuredmedia":[{"embeddable":true,"href":"https:\/\/donnobikes.com\/fr\/wp-json\/wp\/v2\/media\/93064"}],"wp:attachment":[{"href":"https:\/\/donnobikes.com\/fr\/wp-json\/wp\/v2\/media?parent=15610"}],"wp:term":[{"taxonomy":"product_brand","embeddable":true,"href":"https:\/\/donnobikes.com\/fr\/wp-json\/wp\/v2\/product_brand?post=15610"},{"taxonomy":"product_cat","embeddable":true,"href":"https:\/\/donnobikes.com\/fr\/wp-json\/wp\/v2\/product_cat?post=15610"},{"taxonomy":"product_tag","embeddable":true,"href":"https:\/\/donnobikes.com\/fr\/wp-json\/wp\/v2\/product_tag?post=15610"}],"curies":[{"name":"wp","href":"https:\/\/api.w.org\/{rel}","templated":true}]}}