{"id":15624,"date":"2020-08-20T23:36:54","date_gmt":"2020-08-20T21:36:54","guid":{"rendered":"https:\/\/donnobikes.com\/?post_type=product&#038;p=15624"},"modified":"2024-03-06T13:00:05","modified_gmt":"2024-03-06T12:00:05","slug":"thule-yepp-nexxt-maxi-seat","status":"publish","type":"product","link":"https:\/\/donnobikes.com\/fr\/produit\/thule-yepp-nexxt-maxi-seat\/","title":{"rendered":"Si\u00e8ge enfant Thule Yepp Nexxt Maxi"},"content":{"rendered":"<h3>Non compatible avec les mod\u00e8les Supercargo et Taga<\/h3>\n<p>Le Thule Yepp Nexxt Maxi est un si\u00e8ge v\u00e9lo au design moderne qui assure un maximum de confort \u00e0 votre enfant. Il se monte sur le porte-bagages arri\u00e8re. Assurez-vous toujours que le porte-bagages et le cadre du v\u00e9lo sont certifi\u00e9s pour supporter une charge de 25-30 kg (poids du si\u00e8ge + poids de l'enfant).<\/p>\n<ul>\n<li>Convient aux enfants de 9 mois \u00e0 22 kg.<\/li>\n<li>Coque ext\u00e9rieure rigide et imperm\u00e9able avec rembourrage int\u00e9rieur doux et absorbant les chocs.<\/li>\n<li>Poids 4,6 kg.<\/li>\n<li>Dossier de 47 cm de haut.<\/li>\n<li>Assise de 27 cm de large.<\/li>\n<li>Ceinture \u00e0 5 points r\u00e9glable en hauteur et en longueur avec boucle de s\u00e9curit\u00e9 magn\u00e9tique.<\/li>\n<li>Sangles et repose-pieds r\u00e9glables.<\/li>\n<li>R\u00e9flecteur int\u00e9gr\u00e9 pour une meilleure visibilit\u00e9.<\/li>\n<\/ul>","protected":false},"excerpt":{"rendered":"<p>Non compatibile con i modelli Supercargo e Taga Thule Yepp Nexxt Maxi \u00e8 un seggiolino da bicicletta dal design moderno, in grado di garantire il massimo comfort del bambino. Si monta sul portapacchi posteriore. Accertarsi sempre che il portapacchi e il telaio della bicicletta siano certificati per supportare un carico di 25-30 kg (peso del [&hellip;]<\/p>\n","protected":false},"featured_media":93060,"comment_status":"closed","ping_status":"closed","template":"","meta":[],"product_brand":[],"product_cat":[23,601],"product_tag":[],"class_list":{"0":"post-15624","1":"product","2":"type-product","3":"status-publish","4":"has-post-thumbnail","6":"product_cat-accessori-vari","7":"product_cat-seggiolini-e-sedute","8":"product_shipping_class-accessori","10":"first","11":"instock","12":"shipping-taxable","13":"purchasable","14":"product-type-simple"},"gallery_images":[93061,93062],"meta_box":{"short_name":"Seggiolino Yepp Nexxt Maxi","marketing_name":"","motore_for_biciclette":[],"biciclette_id":"","consegna":"","configurator":[],"single_page_group":[],"catalog_group":[]},"_links":{"self":[{"href":"https:\/\/donnobikes.com\/fr\/wp-json\/wp\/v2\/product\/15624","targetHints":{"allow":["GET"]}}],"collection":[{"href":"https:\/\/donnobikes.com\/fr\/wp-json\/wp\/v2\/product"}],"about":[{"href":"https:\/\/donnobikes.com\/fr\/wp-json\/wp\/v2\/types\/product"}],"replies":[{"embeddable":true,"href":"https:\/\/donnobikes.com\/fr\/wp-json\/wp\/v2\/comments?post=15624"}],"wp:featuredmedia":[{"embeddable":true,"href":"https:\/\/donnobikes.com\/fr\/wp-json\/wp\/v2\/media\/93060"}],"wp:attachment":[{"href":"https:\/\/donnobikes.com\/fr\/wp-json\/wp\/v2\/media?parent=15624"}],"wp:term":[{"taxonomy":"product_brand","embeddable":true,"href":"https:\/\/donnobikes.com\/fr\/wp-json\/wp\/v2\/product_brand?post=15624"},{"taxonomy":"product_cat","embeddable":true,"href":"https:\/\/donnobikes.com\/fr\/wp-json\/wp\/v2\/product_cat?post=15624"},{"taxonomy":"product_tag","embeddable":true,"href":"https:\/\/donnobikes.com\/fr\/wp-json\/wp\/v2\/product_tag?post=15624"}],"curies":[{"name":"wp","href":"https:\/\/api.w.org\/{rel}","templated":true}]}}