{"id":15658,"date":"2020-08-20T23:45:24","date_gmt":"2020-08-20T21:45:24","guid":{"rendered":"https:\/\/donnobikes.com\/?post_type=product&#038;p=15658"},"modified":"2024-07-09T11:15:32","modified_gmt":"2024-07-09T09:15:32","slug":"siege-inclinable-hamax-caress","status":"publish","type":"product","link":"https:\/\/donnobikes.com\/fr\/produit\/siege-inclinable-hamax-caress\/","title":{"rendered":"Si\u00e8ge inclinable Caress"},"content":{"rendered":"<h3>Non compatible avec les mod\u00e8les Supercargo et Taga<\/h3>\n<p>Le si\u00e8ge auto inclinable Caress est con\u00e7u pour offrir un confort optimal \u00e0 votre enfant. Les positions ergonomiques variables jusqu'\u00e0 20\u00b0 d'inclinaison permettent \u00e0 votre enfant de voyager confortablement lorsqu'il est \u00e9veill\u00e9 et de garder sa t\u00eate dans une position id\u00e9ale lorsqu'il est au repos. Le si\u00e8ge s'installe facilement sur la coque arri\u00e8re, qui doit \u00eatre conforme pour supporter une charge d'environ 30 kg (poids du si\u00e8ge + poids de l'enfant).<\/p>\n<ul>\n<li>Convient aux enfants \u00e0 partir de 9 mois et jusqu'\u00e0 un poids maximum de 22 kg.<\/li>\n<li>Compatible avec des largeurs de rack de 12 \u00e0 17 cm, diam\u00e8tre de tube de 10 \u00e0 20 mm.<\/li>\n<li>Dossier de 49 cm de haut.<\/li>\n<li>Si\u00e8ge de 29 cm de large.<\/li>\n<li>Inclinable, il peut \u00eatre r\u00e9gl\u00e9 d'une seule main sans avoir \u00e0 descendre du v\u00e9lo.<\/li>\n<li>Ceinture de s\u00e9curit\u00e9 \u00e0 5 points r\u00e9glable en hauteur et en longueur pour un ajustement id\u00e9al aux besoins d'une famille qui s'agrandit.<\/li>\n<li>\u00c9quip\u00e9 de r\u00e9flecteurs \u00e0 l'arri\u00e8re du si\u00e8ge pour une meilleure visibilit\u00e9.<\/li>\n<li>Adaptateur pour porte-bagages de toit inclus.<\/li>\n<\/ul>\n<p>&nbsp;<\/p>","protected":false},"excerpt":{"rendered":"<p>Non compatibile con i modelli Supercargo e Taga Il seggiolino reclinabile Caress \u00e8 progettato per offrire un comfort ottimale al tuo bambino. Le posizioni ergonomiche variabili fino a 20\u00b0 di inclinazione consentono al bambino di viaggiare comodamente da sveglio e di mantenere la testa in posizione ideale mentre \u00e8 a riposo. Il seggiolino si installa [&hellip;]<\/p>\n","protected":false},"featured_media":93055,"comment_status":"closed","ping_status":"closed","template":"","meta":[],"product_brand":[],"product_cat":[23,601],"product_tag":[],"class_list":{"0":"post-15658","1":"product","2":"type-product","3":"status-publish","4":"has-post-thumbnail","6":"product_cat-accessori-vari","7":"product_cat-seggiolini-e-sedute","8":"product_shipping_class-accessori","10":"first","11":"instock","12":"shipping-taxable","13":"purchasable","14":"product-type-simple"},"gallery_images":[93056,93057,93058],"meta_box":{"short_name":"Seggiolino Hamax Caress","marketing_name":"","motore_for_biciclette":[],"biciclette_id":"","consegna":"","configurator":[],"single_page_group":[],"catalog_group":[]},"_links":{"self":[{"href":"https:\/\/donnobikes.com\/fr\/wp-json\/wp\/v2\/product\/15658","targetHints":{"allow":["GET"]}}],"collection":[{"href":"https:\/\/donnobikes.com\/fr\/wp-json\/wp\/v2\/product"}],"about":[{"href":"https:\/\/donnobikes.com\/fr\/wp-json\/wp\/v2\/types\/product"}],"replies":[{"embeddable":true,"href":"https:\/\/donnobikes.com\/fr\/wp-json\/wp\/v2\/comments?post=15658"}],"wp:featuredmedia":[{"embeddable":true,"href":"https:\/\/donnobikes.com\/fr\/wp-json\/wp\/v2\/media\/93055"}],"wp:attachment":[{"href":"https:\/\/donnobikes.com\/fr\/wp-json\/wp\/v2\/media?parent=15658"}],"wp:term":[{"taxonomy":"product_brand","embeddable":true,"href":"https:\/\/donnobikes.com\/fr\/wp-json\/wp\/v2\/product_brand?post=15658"},{"taxonomy":"product_cat","embeddable":true,"href":"https:\/\/donnobikes.com\/fr\/wp-json\/wp\/v2\/product_cat?post=15658"},{"taxonomy":"product_tag","embeddable":true,"href":"https:\/\/donnobikes.com\/fr\/wp-json\/wp\/v2\/product_tag?post=15658"}],"curies":[{"name":"wp","href":"https:\/\/api.w.org\/{rel}","templated":true}]}}