{"id":16041,"date":"2020-09-02T12:19:18","date_gmt":"2020-09-02T09:19:18","guid":{"rendered":"https:\/\/donnobikes.com\/?post_type=product&#038;p=16041"},"modified":"2024-09-30T13:18:54","modified_gmt":"2024-09-30T11:18:54","slug":"winora-baby-trailer","status":"publish","type":"product","link":"https:\/\/donnobikes.com\/fr\/produit\/winora-baby-trailer\/","title":{"rendered":"V\u00e9lo remorque Winora"},"content":{"rendered":"<h3>Transformez votre v\u00e9lo en tandem adulte-enfant !<\/h3>\n<p>La remorque Winora pour enfants est un demi-v\u00e9lo dot\u00e9 d'une barre de remorquage qui peut \u00eatre fix\u00e9e \u00e0 la tige de selle d'un v\u00e9lo conduit par un adulte. Avec la remorque, l'enfant peut p\u00e9daler et aider \u00e0 avancer, mais il ne peut pas freiner.<\/p>\n<ul>\n<li>Poids 12 kg.<\/li>\n<li>Capacit\u00e9 de charge maximale de 39 kg.<\/li>\n<li>Convient aux enfants \u00e2g\u00e9s de 4 \u00e0 8 ans.<\/li>\n<li>Cadre en acier, de couleur argent\u00e9e, avec tige de connexion rabattable et vis avec barre transversale pour faciliter le positionnement et le transport.<\/li>\n<li>Roue avec pneu 20\u2033.<\/li>\n<li>Fixation \u00e0 la tige de selle en aluminium, avec blocage rapide<\/li>\n<li>Guidon \u00e0 angle r\u00e9glable.<\/li>\n<li>Y compris 3 adaptateurs pour tiges de selle 25,4 mm-26,2 mm et 27,2 mm.<\/li>\n<li>Il est \u00e9quip\u00e9 d'un prot\u00e8ge-cha\u00eene, d'un drapeau de s\u00e9curit\u00e9, d'un garde-boue arri\u00e8re et d'un garde-boue avant, d'un porte-bagages avec rabat \u00e0 ressort.<\/li>\n<li>Test\u00e9 et conforme aux r\u00e9glementations en mati\u00e8re de s\u00e9curit\u00e9 des bicyclettes.<\/li>\n<\/ul>","protected":false},"excerpt":{"rendered":"<p>Trasforma la tua bici in un tandem adulto-bambino! Il rimorchio per bambino Winora Trailer Bike \u00e8 una mezza bicicletta con barra di traino da agganciare al reggisella di una bicicletta guidata da un adulto. Con il rimorchio il bambino pu\u00f2 pedalare e contribuire ad andare avanti, ma non pu\u00f2 frenare. Peso 12 kg. Portata massima [&hellip;]<\/p>\n","protected":false},"featured_media":93053,"comment_status":"closed","ping_status":"closed","template":"","meta":[],"product_brand":[],"product_cat":[23],"product_tag":[],"class_list":{"0":"post-16041","1":"product","2":"type-product","3":"status-publish","4":"has-post-thumbnail","6":"product_cat-accessori-vari","7":"product_shipping_class-accessori","9":"first","10":"instock","11":"shipping-taxable","12":"purchasable","13":"product-type-simple"},"gallery_images":[],"meta_box":{"short_name":"","marketing_name":"","motore_for_biciclette":[],"biciclette_id":"","consegna":"","configurator":[],"single_page_group":[],"catalog_group":[]},"_links":{"self":[{"href":"https:\/\/donnobikes.com\/fr\/wp-json\/wp\/v2\/product\/16041","targetHints":{"allow":["GET"]}}],"collection":[{"href":"https:\/\/donnobikes.com\/fr\/wp-json\/wp\/v2\/product"}],"about":[{"href":"https:\/\/donnobikes.com\/fr\/wp-json\/wp\/v2\/types\/product"}],"replies":[{"embeddable":true,"href":"https:\/\/donnobikes.com\/fr\/wp-json\/wp\/v2\/comments?post=16041"}],"wp:featuredmedia":[{"embeddable":true,"href":"https:\/\/donnobikes.com\/fr\/wp-json\/wp\/v2\/media\/93053"}],"wp:attachment":[{"href":"https:\/\/donnobikes.com\/fr\/wp-json\/wp\/v2\/media?parent=16041"}],"wp:term":[{"taxonomy":"product_brand","embeddable":true,"href":"https:\/\/donnobikes.com\/fr\/wp-json\/wp\/v2\/product_brand?post=16041"},{"taxonomy":"product_cat","embeddable":true,"href":"https:\/\/donnobikes.com\/fr\/wp-json\/wp\/v2\/product_cat?post=16041"},{"taxonomy":"product_tag","embeddable":true,"href":"https:\/\/donnobikes.com\/fr\/wp-json\/wp\/v2\/product_tag?post=16041"}],"curies":[{"name":"wp","href":"https:\/\/api.w.org\/{rel}","templated":true}]}}