{"id":17489,"date":"2020-10-16T10:07:35","date_gmt":"2020-10-16T08:07:35","guid":{"rendered":"https:\/\/donnobikes.com\/?post_type=product&#038;p=17489"},"modified":"2026-02-09T10:05:56","modified_gmt":"2026-02-09T09:05:56","slug":"kit-de-couverture-de-corbeille-a-pain-yuba","status":"publish","type":"product","link":"https:\/\/donnobikes.com\/fr\/produit\/kit-de-couverture-de-corbeille-a-pain-yuba\/","title":{"rendered":"Kit de couverture de corbeille \u00e0 pain Yuba"},"content":{"rendered":"<h3>Compatible avec la corbeille \u00e0 pain Yuba<\/h3>\n<p>Le Yuba Bread Basket Cover Kit est un ensemble de housses de panier maxi pour les v\u00e9los cargo Yuba. Il se compose de deux parties qui s'adaptent \u00e0 la taille de votre chargement : une housse en maille avec des crochets d'angle et une sangle r\u00e9glable pour maintenir la housse tendue, ce qui emp\u00eache le chargement de s'envoler du panier en cas de chocs sur la route ; une housse imperm\u00e9able qui prot\u00e8ge le chargement de la pluie et des intemp\u00e9ries.<\/p>\n<p>Le kit comprend une mallette de transport qui se fixe facilement \u00e0 l'arri\u00e8re du panier, avec une fermeture \u00e9clair pour un acc\u00e8s facile en cas de besoin.<\/p>","protected":false},"excerpt":{"rendered":"<p>Compatibile con Bread Basket Yuba Il Bread Basket Cover Kit Yuba \u00e8 un set per la copertura del maxi cesto per le cargo bike Yuba. \u00c8 composto da due parti che si adattano alle dimensioni del tuo carico: un rivestimento in rete dotato di ganci angolari con fascia regolabile per mantenere la copertura tesa, che [&hellip;]<\/p>\n","protected":false},"featured_media":91099,"comment_status":"closed","ping_status":"closed","template":"","meta":[],"product_brand":[],"product_cat":[16,635,21,649],"product_tag":[],"class_list":{"0":"post-17489","1":"product","2":"type-product","3":"status-publish","4":"has-post-thumbnail","6":"product_cat-yuba-accessori","7":"product_cat-carico-anteriore","8":"product_cat-yuba","9":"product_cat-yuba-kombi-db","10":"product_shipping_class-accessori","12":"first","13":"instock","14":"shipping-taxable","15":"purchasable","16":"product-type-simple"},"gallery_images":[91102,91103,91100,91101,91104,91098],"meta_box":{"short_name":"","marketing_name":"","motore_for_biciclette":[],"biciclette_id":"","consegna":"","configurator":[],"single_page_group":[],"catalog_group":[]},"_links":{"self":[{"href":"https:\/\/donnobikes.com\/fr\/wp-json\/wp\/v2\/product\/17489","targetHints":{"allow":["GET"]}}],"collection":[{"href":"https:\/\/donnobikes.com\/fr\/wp-json\/wp\/v2\/product"}],"about":[{"href":"https:\/\/donnobikes.com\/fr\/wp-json\/wp\/v2\/types\/product"}],"replies":[{"embeddable":true,"href":"https:\/\/donnobikes.com\/fr\/wp-json\/wp\/v2\/comments?post=17489"}],"wp:featuredmedia":[{"embeddable":true,"href":"https:\/\/donnobikes.com\/fr\/wp-json\/wp\/v2\/media\/91099"}],"wp:attachment":[{"href":"https:\/\/donnobikes.com\/fr\/wp-json\/wp\/v2\/media?parent=17489"}],"wp:term":[{"taxonomy":"product_brand","embeddable":true,"href":"https:\/\/donnobikes.com\/fr\/wp-json\/wp\/v2\/product_brand?post=17489"},{"taxonomy":"product_cat","embeddable":true,"href":"https:\/\/donnobikes.com\/fr\/wp-json\/wp\/v2\/product_cat?post=17489"},{"taxonomy":"product_tag","embeddable":true,"href":"https:\/\/donnobikes.com\/fr\/wp-json\/wp\/v2\/product_tag?post=17489"}],"curies":[{"name":"wp","href":"https:\/\/api.w.org\/{rel}","templated":true}]}}