{"id":17537,"date":"2020-10-16T12:56:18","date_gmt":"2020-10-16T10:56:18","guid":{"rendered":"https:\/\/donnobikes.com\/?post_type=product&#038;p=17537"},"modified":"2024-03-06T13:00:11","modified_gmt":"2024-03-06T12:00:11","slug":"drapeau-de-securite-pour-la-mode-du-velo","status":"publish","type":"product","link":"https:\/\/donnobikes.com\/fr\/produit\/drapeau-de-securite-pour-la-mode-du-velo\/","title":{"rendered":"Bike Fashion Drapeau de s\u00e9curit\u00e9"},"content":{"rendered":"<h3>Compatible avec tous les v\u00e9los<\/h3>\n<p>Le drapeau Bike Fashion Safety est un drapeau de s\u00e9curit\u00e9. Il montre \u00e0 tout le monde que vous arrivez ! Votre enfant est plus facilement remarqu\u00e9 par les autres usagers de la route.<\/p>\n<ul>\n<li>Fabriqu\u00e9 en vinyle, avec une image de The Lovely Seven.<\/li>\n<li>\u00c9quip\u00e9 d'un m\u00e2t orange en fibre de verre, divisible en deux parties.<\/li>\n<li>R\u00e9sistant aux intemp\u00e9ries.<\/li>\n<li>Il s'installe facilement sur le moyeu de la roue arri\u00e8re.<\/li>\n<li>Mont\u00e9e, elle mesure 175 cm.<\/li>\n<\/ul>\n<p>&nbsp;<\/p>","protected":false},"excerpt":{"rendered":"<p>Compatibile con tutte le biciclette La bandierina Bike Fashion Safety \u00e8 una bandiera di sicurezza. Mostra a tutti che stai arrivando! Il tuo bambino viene notato pi\u00f9 facilmente dagli altri utenti della strada. Realizzata in vinile, con un&#8217;immagine di The Lovely Seven. Dotata di un&#8217;asta in fibra di vetro di colore arancione, divisibile in due [&hellip;]<\/p>\n","protected":false},"featured_media":93043,"comment_status":"closed","ping_status":"closed","template":"","meta":[],"product_brand":[],"product_cat":[23],"product_tag":[],"class_list":{"0":"post-17537","1":"product","2":"type-product","3":"status-publish","4":"has-post-thumbnail","6":"product_cat-accessori-vari","7":"product_shipping_class-accessori","9":"first","10":"instock","11":"shipping-taxable","12":"purchasable","13":"product-type-simple"},"gallery_images":[93044,93045],"meta_box":{"short_name":"Bandierina di sicurezza","marketing_name":"","motore_for_biciclette":[],"biciclette_id":"","consegna":"","configurator":[],"single_page_group":[],"catalog_group":[]},"_links":{"self":[{"href":"https:\/\/donnobikes.com\/fr\/wp-json\/wp\/v2\/product\/17537","targetHints":{"allow":["GET"]}}],"collection":[{"href":"https:\/\/donnobikes.com\/fr\/wp-json\/wp\/v2\/product"}],"about":[{"href":"https:\/\/donnobikes.com\/fr\/wp-json\/wp\/v2\/types\/product"}],"replies":[{"embeddable":true,"href":"https:\/\/donnobikes.com\/fr\/wp-json\/wp\/v2\/comments?post=17537"}],"wp:featuredmedia":[{"embeddable":true,"href":"https:\/\/donnobikes.com\/fr\/wp-json\/wp\/v2\/media\/93043"}],"wp:attachment":[{"href":"https:\/\/donnobikes.com\/fr\/wp-json\/wp\/v2\/media?parent=17537"}],"wp:term":[{"taxonomy":"product_brand","embeddable":true,"href":"https:\/\/donnobikes.com\/fr\/wp-json\/wp\/v2\/product_brand?post=17537"},{"taxonomy":"product_cat","embeddable":true,"href":"https:\/\/donnobikes.com\/fr\/wp-json\/wp\/v2\/product_cat?post=17537"},{"taxonomy":"product_tag","embeddable":true,"href":"https:\/\/donnobikes.com\/fr\/wp-json\/wp\/v2\/product_tag?post=17537"}],"curies":[{"name":"wp","href":"https:\/\/api.w.org\/{rel}","templated":true}]}}