{"id":19058,"date":"2020-11-07T17:24:36","date_gmt":"2020-11-07T16:24:36","guid":{"rendered":"https:\/\/donnobikes.com\/?post_type=product&#038;p=19058"},"modified":"2026-02-09T12:01:22","modified_gmt":"2026-02-09T11:01:22","slug":"chaine-antivol-kryptonite-kryptolok","status":"publish","type":"product","link":"https:\/\/donnobikes.com\/fr\/produit\/chaine-antivol-kryptonite-kryptolok\/","title":{"rendered":"Cha\u00eene antivol Kryptonite Kryptolok 915"},"content":{"rendered":"<h3>Compatible avec tous les v\u00e9los<\/h3>\n<p>La cha\u00eene antivol Kryptonite KryptoLok 915 avec porte-cl\u00e9s int\u00e9gr\u00e9 est un excellent compromis entre performance et poids. Pratique avec sa longue cha\u00eene antivol qui permet de verrouiller le cadre et les roues en m\u00eame temps, cet Evolution Series 2 915 de Kryptonite est le mod\u00e8le id\u00e9al pour laisser son v\u00e9lo sur la route pendant quelques heures.<\/p>\n<ul>\n<li>Longueur 150 cm.<\/li>\n<li>Poids 3,67 kg.<\/li>\n<li>Cha\u00eene avec maillons \u00e0 six c\u00f4t\u00e9s de 9,5 mm d'\u00e9paisseur en acier au mangan\u00e8se ultra-robuste.<\/li>\n<li>Barre transversale renforc\u00e9e.<\/li>\n<li>Cylindre \u00e0 disque de haute s\u00e9curit\u00e9 r\u00e9sistant aux attaques par levier avec des outils tranchants et au per\u00e7age avec une perceuse.<\/li>\n<li>Couverture en nylon r\u00e9sistant aux intemp\u00e9ries et aux rayures0.<\/li>\n<li>Il est livr\u00e9 avec 2 cl\u00e9s.<\/li>\n<\/ul>\n<p>La conception du maillon d'extr\u00e9mit\u00e9 qui attache la cha\u00eene au boulon tremp\u00e9, \u00e9liminant toute fragilit\u00e9, et la t\u00eate de boulon \u00e0 \"dents\" int\u00e9gr\u00e9e du Kryptonite Kryptolok 915 sont des brevets en cours d'homologation.<\/p>\n<div class=\"col-lg-6 col-md-6 col-sm-12 col-xs-12 SpecificationsAndFeaturesTextDetails zero-padding\">\n<div class=\"col-lg-12 col-md-12 col-sm-12 col-xs-12 FeaturesTextDetails\">\n<div class=\"tab1_parsys parsys\">\n<div class=\"text parbase section\">\n<div class=\"toppadding\">\n<div class=\"col-lg-6 col-md-6 col-sm-12 col-xs-12 zero-padding SpecificationsAndFeaturesTextDetails float-right\">\n<div class=\"tab2_parsys parsys\">\n<div class=\"text parbase section\">\n<div class=\"productPageDetails_block\"><\/div>\n<\/div>\n<\/div>\n<\/div>\n<\/div>\n<\/div>\n<\/div>\n<\/div>\n<\/div>","protected":false},"excerpt":{"rendered":"<p>Compatibile con tutte le biciclette La catena antifurto Kriptonite KryptoLok 915 con chiave a catena integrata rappresenta un eccellente compromesso tra prestazione e peso. Pratico con la sua catena antifurto lunga che permette di agganciare contemporaneamente il telaio e le ruote, questo antifurto Evolution Series 2 915 firmato Kryptonite, \u00e8 il modello perfetto per lasciare [&hellip;]<\/p>\n","protected":false},"featured_media":92991,"comment_status":"closed","ping_status":"closed","template":"","meta":[],"product_brand":[],"product_cat":[23,643,644,642,654,652],"product_tag":[],"class_list":{"0":"post-19058","1":"product","2":"type-product","3":"status-publish","4":"has-post-thumbnail","6":"product_cat-accessori-vari","7":"product_cat-inbicy-flashswitch-sicurezza-e-protezione-della-bici","8":"product_cat-inbicy-supernova-sicurezza-e-protezione-della-bici","9":"product_cat-sicurezza-e-protezione-della-bici","10":"product_cat-taga-family-sicurezza-e-protezione-della-bici","11":"product_cat-yuba-kombi-db-sicurezza-e-protezione-della-bici","12":"product_shipping_class-accessori","14":"first","15":"instock","16":"shipping-taxable","17":"purchasable","18":"product-type-simple"},"gallery_images":[92992,92993,92994,92995],"meta_box":{"short_name":"","marketing_name":"","motore_for_biciclette":[],"biciclette_id":"","consegna":"","configurator":[],"single_page_group":[],"catalog_group":[]},"_links":{"self":[{"href":"https:\/\/donnobikes.com\/fr\/wp-json\/wp\/v2\/product\/19058","targetHints":{"allow":["GET"]}}],"collection":[{"href":"https:\/\/donnobikes.com\/fr\/wp-json\/wp\/v2\/product"}],"about":[{"href":"https:\/\/donnobikes.com\/fr\/wp-json\/wp\/v2\/types\/product"}],"replies":[{"embeddable":true,"href":"https:\/\/donnobikes.com\/fr\/wp-json\/wp\/v2\/comments?post=19058"}],"wp:featuredmedia":[{"embeddable":true,"href":"https:\/\/donnobikes.com\/fr\/wp-json\/wp\/v2\/media\/92991"}],"wp:attachment":[{"href":"https:\/\/donnobikes.com\/fr\/wp-json\/wp\/v2\/media?parent=19058"}],"wp:term":[{"taxonomy":"product_brand","embeddable":true,"href":"https:\/\/donnobikes.com\/fr\/wp-json\/wp\/v2\/product_brand?post=19058"},{"taxonomy":"product_cat","embeddable":true,"href":"https:\/\/donnobikes.com\/fr\/wp-json\/wp\/v2\/product_cat?post=19058"},{"taxonomy":"product_tag","embeddable":true,"href":"https:\/\/donnobikes.com\/fr\/wp-json\/wp\/v2\/product_tag?post=19058"}],"curies":[{"name":"wp","href":"https:\/\/api.w.org\/{rel}","templated":true}]}}