{"id":20326,"date":"2020-11-25T20:52:28","date_gmt":"2020-11-25T19:52:28","guid":{"rendered":"https:\/\/donnobikes.com\/?post_type=product&#038;p=20326"},"modified":"2026-02-09T12:00:35","modified_gmt":"2026-02-09T11:00:35","slug":"crochet-dancrage-abusif","status":"publish","type":"product","link":"https:\/\/donnobikes.com\/fr\/produit\/crochet-dancrage-abusif\/","title":{"rendered":"Abus Granit crochet d'ancrage WBA100"},"content":{"rendered":"<h3>Compatible avec tous les v\u00e9los<\/h3>\n<p>Le crochet d'ancrage Abus Granit WBA100 est un alli\u00e9 pr\u00e9cieux de votre antivol. Il n'est pas toujours possible de trouver quelque chose pour attacher son v\u00e9lo dans le garage, la cour ou le parking. Ce syst\u00e8me de fixation peut \u00eatre install\u00e9 soit au mur, soit au sol. Son arceau de 16 mm en acier sp\u00e9cial c\u00e9ment\u00e9 offre une grande r\u00e9sistance. Sa combinaison avec une cha\u00eene antivol (vendue s\u00e9par\u00e9ment) constitue une contre-mesure avanc\u00e9e pour la protection des v\u00e9los.<\/p>\n<p>Gr\u00e2ce \u00e0 sa conception sp\u00e9ciale et \u00e0 la qualit\u00e9 du mat\u00e9riau plastique, le Granit WBA100 mont\u00e9 sur le sol peut \u00eatre soulev\u00e9 sans probl\u00e8me des v\u00e9hicules. Il peut \u00e9galement \u00eatre utilis\u00e9 \u00e0 l'ext\u00e9rieur. Les accessoires de montage sont inclus.<\/p>\n<p>Apr\u00e8s une installation correcte, ce crochet ne peut \u00eatre retir\u00e9 qu'en intervenant sur la surface de fixation. Si l'endroit o\u00f9 il doit \u00eatre mont\u00e9 est lou\u00e9, il est conseill\u00e9 d'obtenir l'autorisation de l'administrateur\/propri\u00e9taire.<\/p>","protected":false},"excerpt":{"rendered":"<p>Compatibile con tutte le biciclette Il gancio di ancoraggio Abus Granit WBA100 \u00e8 un valido alleato del tuo antifurto. Non sempre \u00e8 possibile trovare qualcosa a cui legare la bicicletta in garage, box, in cortile o nei parcheggi. Questo sistema di fissaggio pu\u00f2 essere montato sia alla parete che sul pavimento. Il suo arco da [&hellip;]<\/p>\n","protected":false},"featured_media":92986,"comment_status":"closed","ping_status":"closed","template":"","meta":[],"product_brand":[],"product_cat":[23,643,644,642,654,652],"product_tag":[],"class_list":{"0":"post-20326","1":"product","2":"type-product","3":"status-publish","4":"has-post-thumbnail","6":"product_cat-accessori-vari","7":"product_cat-inbicy-flashswitch-sicurezza-e-protezione-della-bici","8":"product_cat-inbicy-supernova-sicurezza-e-protezione-della-bici","9":"product_cat-sicurezza-e-protezione-della-bici","10":"product_cat-taga-family-sicurezza-e-protezione-della-bici","11":"product_cat-yuba-kombi-db-sicurezza-e-protezione-della-bici","12":"product_shipping_class-accessori","14":"first","15":"instock","16":"shipping-taxable","17":"purchasable","18":"product-type-simple"},"gallery_images":[92987,92988,92989],"meta_box":{"short_name":"","marketing_name":"","motore_for_biciclette":[],"biciclette_id":"","consegna":"","configurator":[],"single_page_group":[],"catalog_group":[]},"_links":{"self":[{"href":"https:\/\/donnobikes.com\/fr\/wp-json\/wp\/v2\/product\/20326","targetHints":{"allow":["GET"]}}],"collection":[{"href":"https:\/\/donnobikes.com\/fr\/wp-json\/wp\/v2\/product"}],"about":[{"href":"https:\/\/donnobikes.com\/fr\/wp-json\/wp\/v2\/types\/product"}],"replies":[{"embeddable":true,"href":"https:\/\/donnobikes.com\/fr\/wp-json\/wp\/v2\/comments?post=20326"}],"wp:featuredmedia":[{"embeddable":true,"href":"https:\/\/donnobikes.com\/fr\/wp-json\/wp\/v2\/media\/92986"}],"wp:attachment":[{"href":"https:\/\/donnobikes.com\/fr\/wp-json\/wp\/v2\/media?parent=20326"}],"wp:term":[{"taxonomy":"product_brand","embeddable":true,"href":"https:\/\/donnobikes.com\/fr\/wp-json\/wp\/v2\/product_brand?post=20326"},{"taxonomy":"product_cat","embeddable":true,"href":"https:\/\/donnobikes.com\/fr\/wp-json\/wp\/v2\/product_cat?post=20326"},{"taxonomy":"product_tag","embeddable":true,"href":"https:\/\/donnobikes.com\/fr\/wp-json\/wp\/v2\/product_tag?post=20326"}],"curies":[{"name":"wp","href":"https:\/\/api.w.org\/{rel}","templated":true}]}}