{"id":20477,"date":"2020-11-26T13:55:26","date_gmt":"2020-11-26T12:55:26","guid":{"rendered":"https:\/\/donnobikes.com\/?post_type=product&#038;p=20477"},"modified":"2024-03-06T13:00:06","modified_gmt":"2024-03-06T12:00:06","slug":"extension-du-guidon-pour-les-tetes-en-lair","status":"publish","type":"product","link":"https:\/\/donnobikes.com\/fr\/produit\/extension-du-guidon-pour-les-tetes-en-lair\/","title":{"rendered":"T\u00eate en l'air Twist Steam Ahooga Extension de guidon"},"content":{"rendered":"<h3>Compatible avec Ahooga Modular<\/h3>\n<p>Heads Up est une extension de guidon pour le v\u00e9lo \u00e9lectrique urbain Ahooga Modular.<\/p>\n<ul>\n<li>Recommand\u00e9 pour les cyclistes d'une taille sup\u00e9rieure \u00e0 1,80 m.<\/li>\n<li>Il peut \u00eatre r\u00e9gl\u00e9 en hauteur pour une posture optimale.<\/li>\n<li>Lors de l'installation, la fonction Twist Steam est conserv\u00e9e pour le guidon, qui peut \u00eatre tourn\u00e9 pour r\u00e9duire l'espace de stationnement du 60%.<\/li>\n<\/ul>\n<p>&nbsp;<\/p>","protected":false},"excerpt":{"rendered":"<p>Compatibile con Ahooga Modular Heads Up \u00e8 un&#8217;estensione del manubrio per la city e-bike Ahooga Modular. Consigliato per ciclisti di altezza superiore a 1.80 mt. Pu\u00f2 essere regolato in altezza per una postura ottimale. Con l&#8217;installazione, si mantiene la funzione Twist Steam per il manubrio, che pu\u00f2 essere ruotato per ridurre del 60% lo spazio [&hellip;]<\/p>\n","protected":false},"featured_media":92999,"comment_status":"closed","ping_status":"closed","template":"","meta":[],"product_brand":[],"product_cat":[78,73],"product_tag":[],"class_list":{"0":"post-20477","1":"product","2":"type-product","3":"status-publish","4":"has-post-thumbnail","6":"product_cat-ahooga-accessori","7":"product_cat-ahooga","8":"product_shipping_class-accessori","10":"first","11":"instock","12":"shipping-taxable","13":"purchasable","14":"product-type-simple"},"gallery_images":[],"meta_box":{"short_name":"Estensione Manubrio Heads Up","marketing_name":"","motore_for_biciclette":[],"biciclette_id":"","consegna":"","configurator":[],"single_page_group":[],"catalog_group":[]},"_links":{"self":[{"href":"https:\/\/donnobikes.com\/fr\/wp-json\/wp\/v2\/product\/20477","targetHints":{"allow":["GET"]}}],"collection":[{"href":"https:\/\/donnobikes.com\/fr\/wp-json\/wp\/v2\/product"}],"about":[{"href":"https:\/\/donnobikes.com\/fr\/wp-json\/wp\/v2\/types\/product"}],"replies":[{"embeddable":true,"href":"https:\/\/donnobikes.com\/fr\/wp-json\/wp\/v2\/comments?post=20477"}],"wp:featuredmedia":[{"embeddable":true,"href":"https:\/\/donnobikes.com\/fr\/wp-json\/wp\/v2\/media\/92999"}],"wp:attachment":[{"href":"https:\/\/donnobikes.com\/fr\/wp-json\/wp\/v2\/media?parent=20477"}],"wp:term":[{"taxonomy":"product_brand","embeddable":true,"href":"https:\/\/donnobikes.com\/fr\/wp-json\/wp\/v2\/product_brand?post=20477"},{"taxonomy":"product_cat","embeddable":true,"href":"https:\/\/donnobikes.com\/fr\/wp-json\/wp\/v2\/product_cat?post=20477"},{"taxonomy":"product_tag","embeddable":true,"href":"https:\/\/donnobikes.com\/fr\/wp-json\/wp\/v2\/product_tag?post=20477"}],"curies":[{"name":"wp","href":"https:\/\/api.w.org\/{rel}","templated":true}]}}