{"id":25048,"date":"2021-02-25T20:26:42","date_gmt":"2021-02-25T17:26:42","guid":{"rendered":"https:\/\/donnobikes.com\/?post_type=product&#038;p=25048"},"modified":"2026-02-09T11:59:46","modified_gmt":"2026-02-09T10:59:46","slug":"support-de-velo-magneto","status":"publish","type":"product","link":"https:\/\/donnobikes.com\/fr\/produit\/support-de-velo-magneto\/","title":{"rendered":"Support Magneto Bike Style 3.0"},"content":{"rendered":"<h3>Compatible avec tous les v\u00e9los<\/h3>\n<p>Le Magneto Bike holder est un syst\u00e8me d'attache magn\u00e9tique pour les v\u00e9los. Con\u00e7u comme un support pour les smartphones, il est fabriqu\u00e9 en alliage d'aluminium et ne comporte aucune pi\u00e8ce en plastique, ce qui lui conf\u00e8re une longue dur\u00e9e de vie.<\/p>\n<p>Facile \u00e0 installer, ses aimants ont \u00e9t\u00e9 test\u00e9s pour assurer un maintien ferme, m\u00eame \u00e0 grande vitesse, et pour r\u00e9sister aux freinages brusques et aux routes accident\u00e9es. Une fois install\u00e9, il pivote \u00e0 360\u00b0, ce qui permet d'afficher l'\u00e9cran du t\u00e9l\u00e9phone dans n'importe quelle position.<\/p>\n<p>Le support Magneto Bike Style 3.0 est con\u00e7u pour ceux qui ont besoin d'utiliser leur t\u00e9l\u00e9phone et ses applications pour se d\u00e9placer ou pour ceux qui ont besoin de suivre les notifications de leur smartphone sans l\u00e2cher le guidon.<\/p>","protected":false},"excerpt":{"rendered":"<p>Compatibile con tutte le biciclette Il supporto Magneto Bike \u00e8 un sistema di aggancio magnetico per biciclette. Progettato come supporto per smartphone, \u00e8 realizzato in lega di alluminio e non presenta parti in plastica, per una lunga durata. Facile da installare, i suoi magneti sono stati testati per una tenuta salda anche ad alta velocit\u00e0, [&hellip;]<\/p>\n","protected":false},"featured_media":93035,"comment_status":"closed","ping_status":"closed","template":"","meta":[],"product_brand":[],"product_cat":[23,648,656],"product_tag":[],"class_list":{"0":"post-25048","1":"product","2":"type-product","3":"status-publish","4":"has-post-thumbnail","6":"product_cat-accessori-vari","7":"product_cat-accessori-vari-2","8":"product_cat-accessori-vari-taga","9":"product_shipping_class-accessori","11":"first","12":"instock","13":"shipping-taxable","14":"purchasable","15":"product-type-simple"},"gallery_images":[93031,93032,93034,93036,93033],"meta_box":{"short_name":"Supporto per smartphone Magneto Style","marketing_name":"","motore_for_biciclette":[],"biciclette_id":"","consegna":"","configurator":[],"single_page_group":[],"catalog_group":[]},"_links":{"self":[{"href":"https:\/\/donnobikes.com\/fr\/wp-json\/wp\/v2\/product\/25048","targetHints":{"allow":["GET"]}}],"collection":[{"href":"https:\/\/donnobikes.com\/fr\/wp-json\/wp\/v2\/product"}],"about":[{"href":"https:\/\/donnobikes.com\/fr\/wp-json\/wp\/v2\/types\/product"}],"replies":[{"embeddable":true,"href":"https:\/\/donnobikes.com\/fr\/wp-json\/wp\/v2\/comments?post=25048"}],"wp:featuredmedia":[{"embeddable":true,"href":"https:\/\/donnobikes.com\/fr\/wp-json\/wp\/v2\/media\/93035"}],"wp:attachment":[{"href":"https:\/\/donnobikes.com\/fr\/wp-json\/wp\/v2\/media?parent=25048"}],"wp:term":[{"taxonomy":"product_brand","embeddable":true,"href":"https:\/\/donnobikes.com\/fr\/wp-json\/wp\/v2\/product_brand?post=25048"},{"taxonomy":"product_cat","embeddable":true,"href":"https:\/\/donnobikes.com\/fr\/wp-json\/wp\/v2\/product_cat?post=25048"},{"taxonomy":"product_tag","embeddable":true,"href":"https:\/\/donnobikes.com\/fr\/wp-json\/wp\/v2\/product_tag?post=25048"}],"curies":[{"name":"wp","href":"https:\/\/api.w.org\/{rel}","templated":true}]}}