{"id":29476,"date":"2021-05-13T11:33:21","date_gmt":"2021-05-13T09:33:21","guid":{"rendered":"https:\/\/donnobikes.com\/?post_type=product&#038;p=29476"},"modified":"2024-03-06T13:00:11","modified_gmt":"2024-03-06T12:00:11","slug":"repose-pieds-pliants-universels-bobike","status":"publish","type":"product","link":"https:\/\/donnobikes.com\/fr\/produit\/repose-pieds-pliants-universels-bobike\/","title":{"rendered":"Bobike Repose-pieds universels pliants"},"content":{"rendered":"<h3>Compatible avec Ahooga Modular<\/h3>\n<p>Repose-pieds universels pliants, fabriqu\u00e9s par Bobike. Les repose-pieds permettent au passager de garder une position confortable sur le v\u00e9lo. Ils peuvent \u00eatre pli\u00e9s, ce qui permet de gagner de la place lorsque le v\u00e9lo est gar\u00e9.<\/p>\n<ul>\n<li>Fabriqu\u00e9 en acier avec une surface en caoutchouc noir antid\u00e9rapant.<\/li>\n<li>Ils sont faciles \u00e0 installer en les fixant au moyeu arri\u00e8re de la bicyclette.<\/li>\n<li>Vendu par paire.<\/li>\n<\/ul>\n<p>&nbsp;<\/p>","protected":false},"excerpt":{"rendered":"<p>Compatibili con Ahooga Modular Poggiapiedi pieghevoli universali, prodotti da Bobike. I poggiapiedi permettono al passeggero di tenere una comoda posizione a bordo della bicicletta. Si possono piegare salvando spazio quando la bici \u00e8 riposta in parcheggio. Realizzati in acciaio con superficie in gomma nera antiscivolo. Si installano facilmente agganciandoli al mozzo posteriore della bicicletta. Venduti [&hellip;]<\/p>\n","protected":false},"featured_media":93015,"comment_status":"closed","ping_status":"closed","template":"","meta":[],"product_brand":[],"product_cat":[23],"product_tag":[],"class_list":{"0":"post-29476","1":"product","2":"type-product","3":"status-publish","4":"has-post-thumbnail","6":"product_cat-accessori-vari","7":"product_shipping_class-accessori","9":"first","10":"instock","11":"shipping-taxable","12":"purchasable","13":"product-type-simple"},"gallery_images":[93016],"meta_box":{"short_name":"","marketing_name":"","motore_for_biciclette":[],"biciclette_id":"","consegna":"","configurator":[],"single_page_group":[],"catalog_group":[]},"_links":{"self":[{"href":"https:\/\/donnobikes.com\/fr\/wp-json\/wp\/v2\/product\/29476","targetHints":{"allow":["GET"]}}],"collection":[{"href":"https:\/\/donnobikes.com\/fr\/wp-json\/wp\/v2\/product"}],"about":[{"href":"https:\/\/donnobikes.com\/fr\/wp-json\/wp\/v2\/types\/product"}],"replies":[{"embeddable":true,"href":"https:\/\/donnobikes.com\/fr\/wp-json\/wp\/v2\/comments?post=29476"}],"wp:featuredmedia":[{"embeddable":true,"href":"https:\/\/donnobikes.com\/fr\/wp-json\/wp\/v2\/media\/93015"}],"wp:attachment":[{"href":"https:\/\/donnobikes.com\/fr\/wp-json\/wp\/v2\/media?parent=29476"}],"wp:term":[{"taxonomy":"product_brand","embeddable":true,"href":"https:\/\/donnobikes.com\/fr\/wp-json\/wp\/v2\/product_brand?post=29476"},{"taxonomy":"product_cat","embeddable":true,"href":"https:\/\/donnobikes.com\/fr\/wp-json\/wp\/v2\/product_cat?post=29476"},{"taxonomy":"product_tag","embeddable":true,"href":"https:\/\/donnobikes.com\/fr\/wp-json\/wp\/v2\/product_tag?post=29476"}],"curies":[{"name":"wp","href":"https:\/\/api.w.org\/{rel}","templated":true}]}}