{"id":2972,"date":"2019-10-18T05:54:42","date_gmt":"2019-10-18T03:54:42","guid":{"rendered":"https:\/\/donnobikes.com\/product\/bicicletta-elettrica-pieghevole-ahooga\/"},"modified":"2025-10-09T19:20:40","modified_gmt":"2025-10-09T17:20:40","slug":"ahooga-power-2","status":"publish","type":"product","link":"https:\/\/donnobikes.com\/fr\/produit\/ahooga-power-2\/","title":{"rendered":"Ahooga Power 36V"},"content":{"rendered":"<h2>Le v\u00e9lo de ville pliant le plus l\u00e9ger du march\u00e9 !<\/h2>\n<p class=\"_04xlpA direction-ltr align-start para-style-body\">Le Ahooga Power 36V est un v\u00e9lo pliant compact et ultra-l\u00e9ger. Comme tous les v\u00e9los de ville pliants Ahooga, il se distingue par sa vitesse de pliage et la grande solidit\u00e9 de son cadre. Un cadre triangulaire, sans charni\u00e8res, qui reste en une seule pi\u00e8ce tout au long du processus de pliage. Le syst\u00e8me brevet\u00e9 \"Double Triangle Twin Tube\" d'Ahooga am\u00e9liore l'exp\u00e9rience de conduite en \u00e9liminant la flexion du cadre pendant le p\u00e9dalage. De plus, le cadre ne se casse pas au niveau des charni\u00e8res, comme c'est g\u00e9n\u00e9ralement le cas avec les cadres pliants.<\/p>\n<p><strong>Des performances sup\u00e9rieures.<\/strong> Le Ahooga Power 36V se distingue des v\u00e9los pliants de la gamme Active 24V principalement par la performance sup\u00e9rieure de son moteur, l'autonomie plus longue de sa batterie et l'adoption de composants de meilleure qualit\u00e9 tels que des roues plus larges et une selle en cuir avec si\u00e8ge Royal Scientia M2.<\/p>\n<p class=\"textgame\">La <strong>r\u00e9volution <\/strong>Le design de l'Ahooga Power Folding est \u00e9vident, refl\u00e9tant notre vision d'un monde cycliste o\u00f9 fonctionnalit\u00e9 et praticit\u00e9 se rencontrent, un concept qui se retrouve dans les v\u00e9los con\u00e7us pour les personnes \u00e0 mobilit\u00e9 r\u00e9duite. <i>monde<\/i> urbain<\/p>\n<p class=\"_04xlpA direction-ltr align-start para-style-body\"><strong>Deux niveaux de pliage.<\/strong> En 2 secondes, il se plie en deux et peut \u00eatre transport\u00e9 sur des roues comme un chariot, le pliage utilis\u00e9 souvent sur le 95%. En 10 secondes, il se plie compl\u00e8tement, ne mesurant que 85 x 36 x 70 cm. Vous pouvez le transporter sans probl\u00e8me du m\u00e9tro au bar, du bureau au bus, du train \u00e0 votre salon.<\/p>\n<p><strong>Prim\u00e9e par la Commission europ\u00e9enne<\/strong>. La qualit\u00e9 et les performances de l'Ahooga Power 36V ont \u00e9t\u00e9 r\u00e9compens\u00e9es par le Red Dot Design Award en 2018 et 2021.<\/p>","protected":false},"excerpt":{"rendered":"<p>Moteur Aikema 250W - Couleur OMG Argent<\/p>","protected":false},"featured_media":92912,"comment_status":"open","ping_status":"closed","template":"","meta":[],"product_brand":[],"product_cat":[73,33,594,526,527],"product_tag":[69,36,76],"class_list":{"0":"post-2972","1":"product","2":"type-product","3":"status-publish","4":"has-post-thumbnail","6":"product_cat-ahooga","7":"product_cat-biciclette","8":"product_cat-catalogo","9":"product_cat-city-bike","10":"product_cat-pieghevoli","11":"product_tag-city-bike","12":"product_tag-e-bike","13":"product_tag-pieghevole","14":"product_shipping_class-bicicletta","16":"first","17":"instock","18":"shipping-taxable","19":"purchasable","20":"product-type-variable","21":"has-default-attributes"},"gallery_images":[92910,92911,92909],"meta_box":{"short_name":"","marketing_name":"AHOOGA POWER 36V","motore_for_biciclette":["92411"],"biciclette_id":"92843","consegna":"","configurator":[],"single_page_group":{"video_group":[{"link_video":"https:\/\/www.youtube.com\/watch?v=WK-dNRU-Dsc","title":"Design Ahooga","preheader":"Una pieghevole dalle prestazioni uniche","preview":"93629"},{"link_video":"https:\/\/www.youtube.com\/watch?v=33ytiZCZL48","title":"Une combinaison unique de caract\u00e9ristiques","preheader":"Vivi la citt\u00e0 a 360\u00b0 con una bici pieghevole ibrida!","preview":"93624"}],"galleria_fotografica":{"image":["92787","92788","92789","92790","92791","92792","92793","92794","92795"],"galleria_banner":["92839","92838","92837","92840"]},"versatilita":{"title":"AHOOGA POWER 36V. NOUVELLE G\u00c9N\u00c9RATION D'E-BIKE U-TILITY.","desc":"Ahooga Power 36V \u00e8 la city e-bike ideale per single e pendolari. Ma non solo. Consente di andare al lavoro anche su lunghe distanze, con una combinazione di mezzi pubblici e corsa in bici. Ideale anche per affrontare qualunque improvviso cambio di clima. Ma questa city bike pieghevole offre soluzioni sorprendenti grazie al suo portapacchi e agli accessori da manubrio. Se pensavi che con una bicicletta pieghevole non fosse possibile trasportare piccoli carichi, Ahooga Power cambier\u00e0 il tuo modo di guardare le city bike pieghevoli.","versatilita_group":[{"image":"93167","desc":"Senza accessori \u00e8 una pieghevole ultraleggera, che si differenzia per la resistenza del suo telaio grazie all'assenza di cerniere e per la sua velocit\u00e0 di piegatura."},{"image":"93172","desc":"Portapacchi posteriore con portata fino a 20kg per agganciare cestini e assicurare pesi, consente di trasportare carichi quotidiani. Un accessorio sorprendente per una pieghevole."},{"image":"93166","desc":"Compatible con Yepp, Qibbel e la maggior parte dei seggiolini disponibili sul mercato. Puoi portare un bambino in sicurezza entro i 20kg incluso il peso del seggiolino."},{"image":"93173","desc":"Porta una sacca, un pallone, un pacchetto e altri carichi. Con il supporto VarioRack pu\u00f2 trasportare fino a 7kg. Le sue cinghie assicurano il carico."},{"image":"93169","desc":"Porta 2 borse fino a 25 litri agganciate al portapacchi. In combinazione con una borsa sul supporto VarioRack trasporta tutto quello che serve."},{"image":"93168","desc":"Trasporta capienti borse laterali e uno zaino da agganciare al manubrio, da portare in spalla quando la corsa \u00e8 terminata. Ideale per studenti e pendolari."},{"image":"93170","desc":"Porta in sicurezza un animale domestico di piccola taglia con il trasportino che si aggancia al manubrio o al portapacchi, per andare al parco o dal veterinario."},{"image":"93171","desc":"Raddoppia con un animale di piccola taglia nel trasportino e un bambino nel seggiolino. L'unico limite \u00e8 la portata massima di 105kg incluso il ciclista."},{"image":"89498"}]},"edition":"0"},"catalog_group":{"quote":"215 COLORI","text":"La city bike pieghevole pi\u00f9 che elettrica, ibrida! Un gioiellino di tecnologia che fa sudare molte e-bike.","vuoi":"Una city bike che puoi personalizzare come vuoi. Che ti trasporta come una vera bicicletta ma che puoi piegare in pochi secondi e portare ovunque, dal bar ai mezzi pubblici, al tuo mini appartamento. Piccola, leggera, trendy e con un telaio indistruttibile."}},"_links":{"self":[{"href":"https:\/\/donnobikes.com\/fr\/wp-json\/wp\/v2\/product\/2972","targetHints":{"allow":["GET"]}}],"collection":[{"href":"https:\/\/donnobikes.com\/fr\/wp-json\/wp\/v2\/product"}],"about":[{"href":"https:\/\/donnobikes.com\/fr\/wp-json\/wp\/v2\/types\/product"}],"replies":[{"embeddable":true,"href":"https:\/\/donnobikes.com\/fr\/wp-json\/wp\/v2\/comments?post=2972"}],"wp:featuredmedia":[{"embeddable":true,"href":"https:\/\/donnobikes.com\/fr\/wp-json\/wp\/v2\/media\/92912"}],"wp:attachment":[{"href":"https:\/\/donnobikes.com\/fr\/wp-json\/wp\/v2\/media?parent=2972"}],"wp:term":[{"taxonomy":"product_brand","embeddable":true,"href":"https:\/\/donnobikes.com\/fr\/wp-json\/wp\/v2\/product_brand?post=2972"},{"taxonomy":"product_cat","embeddable":true,"href":"https:\/\/donnobikes.com\/fr\/wp-json\/wp\/v2\/product_cat?post=2972"},{"taxonomy":"product_tag","embeddable":true,"href":"https:\/\/donnobikes.com\/fr\/wp-json\/wp\/v2\/product_tag?post=2972"}],"curies":[{"name":"wp","href":"https:\/\/api.w.org\/{rel}","templated":true}]}}