{"id":2991,"date":"2019-10-18T05:19:14","date_gmt":"2019-10-18T03:19:14","guid":{"rendered":"https:\/\/donnobikes.com\/product\/portapacchi-posteriore-per-la-bici-pieghevole-ahooga\/"},"modified":"2024-08-30T10:41:24","modified_gmt":"2024-08-30T08:41:24","slug":"support-arriere-ahooga-2","status":"publish","type":"product","link":"https:\/\/donnobikes.com\/fr\/produit\/support-arriere-ahooga-2\/","title":{"rendered":"Porte-bagages arri\u00e8re Ahooga"},"content":{"rendered":"<div class=\"ZyvIDe\">\n<div class=\"a8FIud X0rvP L6rCcb\" data-apply-responsive-style=\"true\" data-classes=\"\" data-initial-translation-length=\"469\" data-saved-translation-limit-reached=\"false\">\n<div data-show-delay-ms=\"250\" data-append-to-body=\"false\" data-propagate-tooltip-mouseover-events=\"true\" data-anchor-corner=\"bottom-end\" data-enable-skip-handler=\"false\" data-popup-corner=\"top-end\">\n<h3>Compatible avec tous les mod\u00e8les pliants Ahooga<\/h3>\n<p>Le porte-bagages arri\u00e8re Ahooga est une solution \u00e9tonnante pour un v\u00e9lo de ville pliant. Il est tr\u00e8s pratique pour les personnes qui voyagent fr\u00e9quemment avec leur Ahooga pliant et qui ont besoin d'espace pour tout transporter.<\/p>\n<ul>\n<li>Fabriqu\u00e9 en aluminium argent\u00e9 OMG, avec planche en bambou trait\u00e9.<\/li>\n<li>Il mesure 47 x 15 cm, ne p\u00e8se que 980 g et a une capacit\u00e9 de charge maximale de 30 kg.<\/li>\n<li>Il est compatible avec la plupart des si\u00e8ges pour enfants du march\u00e9.<\/li>\n<li>Il est compatible avec deux sacoches de 25 litres.<\/li>\n<\/ul>\n<p><span class=\"JLqJ4b ChMk0b\" data-language-for-alternatives=\"it\" data-language-to-translate-into=\"en\" data-phrase-index=\"6\" data-number-of-phrases=\"11\"><span class=\"Q4iAWc\">Lorsque le v\u00e9lo est pli\u00e9, le porte-bagages arri\u00e8re Ahooga donne de la stabilit\u00e9 au v\u00e9lo de ville pliant gr\u00e2ce \u00e0 ses quatre points de contact avec le sol, et facilite le transport gr\u00e2ce aux roues situ\u00e9es \u00e0 ses extr\u00e9mit\u00e9s.<\/span><\/span><\/p>\n<p>&nbsp;<\/p>\n<\/div>\n<\/div>\n<\/div>","protected":false},"excerpt":{"rendered":"<p>Compatibile con tutti di modelli Ahooga pieghevoli Il portapacchi posteriore Ahooga \u00e8 una soluzione sorprendente per una city bike pieghevole. Molto comodo per le persone che viaggiano spesso con la propria Ahooga pieghevole e hanno la necessit\u00e0 di spazio per trasportare di tutto. Realizzato in alluminio colore OMG Silver, con tavola di bamb\u00f9 trattato. Misura\u00a0 [&hellip;]<\/p>\n","protected":false},"featured_media":93005,"comment_status":"closed","ping_status":"closed","template":"","meta":[],"product_brand":[],"product_cat":[78,73],"product_tag":[],"class_list":{"0":"post-2991","1":"product","2":"type-product","3":"status-publish","4":"has-post-thumbnail","6":"product_cat-ahooga-accessori","7":"product_cat-ahooga","8":"product_shipping_class-accessori","10":"first","11":"outofstock","12":"shipping-taxable","13":"purchasable","14":"product-type-simple"},"gallery_images":[93007,93006,93008,93009],"meta_box":{"short_name":"Portapacchi per city bike pieghevole","marketing_name":"","motore_for_biciclette":[],"biciclette_id":"","consegna":"","configurator":[],"single_page_group":[],"catalog_group":[]},"_links":{"self":[{"href":"https:\/\/donnobikes.com\/fr\/wp-json\/wp\/v2\/product\/2991","targetHints":{"allow":["GET"]}}],"collection":[{"href":"https:\/\/donnobikes.com\/fr\/wp-json\/wp\/v2\/product"}],"about":[{"href":"https:\/\/donnobikes.com\/fr\/wp-json\/wp\/v2\/types\/product"}],"replies":[{"embeddable":true,"href":"https:\/\/donnobikes.com\/fr\/wp-json\/wp\/v2\/comments?post=2991"}],"wp:featuredmedia":[{"embeddable":true,"href":"https:\/\/donnobikes.com\/fr\/wp-json\/wp\/v2\/media\/93005"}],"wp:attachment":[{"href":"https:\/\/donnobikes.com\/fr\/wp-json\/wp\/v2\/media?parent=2991"}],"wp:term":[{"taxonomy":"product_brand","embeddable":true,"href":"https:\/\/donnobikes.com\/fr\/wp-json\/wp\/v2\/product_brand?post=2991"},{"taxonomy":"product_cat","embeddable":true,"href":"https:\/\/donnobikes.com\/fr\/wp-json\/wp\/v2\/product_cat?post=2991"},{"taxonomy":"product_tag","embeddable":true,"href":"https:\/\/donnobikes.com\/fr\/wp-json\/wp\/v2\/product_tag?post=2991"}],"curies":[{"name":"wp","href":"https:\/\/api.w.org\/{rel}","templated":true}]}}