{"id":3029,"date":"2019-10-15T04:25:33","date_gmt":"2019-10-15T02:25:33","guid":{"rendered":"https:\/\/donnobikes.com\/product\/box-in-bambu-per-la-bicicletta-yuba-super-cargo\/"},"modified":"2024-03-06T13:00:04","modified_gmt":"2024-03-06T12:00:04","slug":"boite-en-bambou-yuba","status":"publish","type":"product","link":"https:\/\/donnobikes.com\/fr\/produit\/boite-en-bambou-yuba\/","title":{"rendered":"Bo\u00eete en bambou Yuba"},"content":{"rendered":"<h3>Compatible avec tous les mod\u00e8les Supercargo<\/h3>\n<p>La Yuba Bamboo Box est un conteneur avant pour le v\u00e9lo cargo Yuba Supercargo. Robuste, stable et durable, il a une \u00e9norme capacit\u00e9 de charge ! Le Supercargo Base Board, vendu s\u00e9par\u00e9ment, est n\u00e9cessaire pour l'assemblage.<\/p>\n<p>Transportez vos courses, vos outils, vos animaux et vos enfants en toute s\u00e9curit\u00e9. Pour le confort et la s\u00e9curit\u00e9 des enfants pendant le transport, le Bamboo Box Seat Kit, vendu s\u00e9par\u00e9ment, est indispensable. Pour profiter au maximum de votre Bamboo Box Yuba Supercargo m\u00eame par temps pluvieux, neigeux, venteux ou autre, combinez-la avec le Yuba Canopy.<\/p>\n<p>La bo\u00eete en bambou est fabriqu\u00e9e en bambou \u00e0 trois couches, un mat\u00e9riau durable et r\u00e9sistant aux intemp\u00e9ries. La culture du bambou est rapide et ne n\u00e9cessite pas beaucoup d'eau. Tous nos produits en bambou sont conformes aux directives REACH qui prot\u00e8gent contre les produits chimiques dangereux et toxiques. Les produits en bambou sont couverts par une garantie limit\u00e9e d'un an pour l'int\u00e9grit\u00e9 structurelle.<\/p>","protected":false},"excerpt":{"rendered":"<p>Compatibile con tutti i modelli Supercargo Il Bamboo Box Yuba \u00e8 un contenitore frontale per la cargo bike Supercargo di Yuba. Robusto, stabile e resistente, ha una enorme capacit\u00e0 di carico! Per il montaggio \u00e8 necessaria la Base Board Supercargo, in vendita a parte. Trasporta la tua spesa, attrezzi, animali domestici e bambini in modo [&hellip;]<\/p>\n","protected":false},"featured_media":91305,"comment_status":"closed","ping_status":"closed","template":"","meta":[],"product_brand":[],"product_cat":[16,21],"product_tag":[],"class_list":{"0":"post-3029","1":"product","2":"type-product","3":"status-publish","4":"has-post-thumbnail","6":"product_cat-yuba-accessori","7":"product_cat-yuba","8":"product_shipping_class-accessori","10":"first","11":"instock","12":"shipping-taxable","13":"purchasable","14":"product-type-simple"},"gallery_images":[91303,91302,91304,91306,91310,91308,91309,91307],"meta_box":{"short_name":"Bamboo Box","marketing_name":"","motore_for_biciclette":[],"biciclette_id":"","consegna":"","configurator":[],"single_page_group":[],"catalog_group":[]},"_links":{"self":[{"href":"https:\/\/donnobikes.com\/fr\/wp-json\/wp\/v2\/product\/3029","targetHints":{"allow":["GET"]}}],"collection":[{"href":"https:\/\/donnobikes.com\/fr\/wp-json\/wp\/v2\/product"}],"about":[{"href":"https:\/\/donnobikes.com\/fr\/wp-json\/wp\/v2\/types\/product"}],"replies":[{"embeddable":true,"href":"https:\/\/donnobikes.com\/fr\/wp-json\/wp\/v2\/comments?post=3029"}],"wp:featuredmedia":[{"embeddable":true,"href":"https:\/\/donnobikes.com\/fr\/wp-json\/wp\/v2\/media\/91305"}],"wp:attachment":[{"href":"https:\/\/donnobikes.com\/fr\/wp-json\/wp\/v2\/media?parent=3029"}],"wp:term":[{"taxonomy":"product_brand","embeddable":true,"href":"https:\/\/donnobikes.com\/fr\/wp-json\/wp\/v2\/product_brand?post=3029"},{"taxonomy":"product_cat","embeddable":true,"href":"https:\/\/donnobikes.com\/fr\/wp-json\/wp\/v2\/product_cat?post=3029"},{"taxonomy":"product_tag","embeddable":true,"href":"https:\/\/donnobikes.com\/fr\/wp-json\/wp\/v2\/product_tag?post=3029"}],"curies":[{"name":"wp","href":"https:\/\/api.w.org\/{rel}","templated":true}]}}