{"id":3033,"date":"2019-10-15T04:19:41","date_gmt":"2019-10-15T02:19:41","guid":{"rendered":"https:\/\/donnobikes.com\/product\/pianale-in-bambu-per-bici-yuba-super-cargo\/"},"modified":"2024-03-06T13:00:08","modified_gmt":"2024-03-06T12:00:08","slug":"panneau-de-base-yuba","status":"publish","type":"product","link":"https:\/\/donnobikes.com\/fr\/produit\/panneau-de-base-yuba\/","title":{"rendered":"Planche de base en bambou Yuba"},"content":{"rendered":"<h3>Compatible avec tous les mod\u00e8les Supercargo<\/h3>\n<p>Le Yuba Base Board est une plate-forme en bambou qui vous permet d'utiliser le v\u00e9lo cargo Yuba Supercargo sans conteneur. Il est id\u00e9al pour les charges plus grandes et plus volumineuses, ou pour les charges qui n\u00e9cessitent une base plate. Vous pouvez utiliser les sangles pour maintenir vos montagnes de marchandises en place et optimiser l'espace de chargement.<\/p>\n<p>Sur votre Yuba Supercargo, vous vivez votre vie quotidienne, familiale ou professionnelle ? Avec le plateau de base en bambou Yuba, tout est possible ! La planche de base sert \u00e9galement de Open Loader Box et de Bamboo Box, les conteneurs frontaux vendus s\u00e9par\u00e9ment, pour vous faciliter la vie. N'oubliez pas les sangles Cargo, vendues s\u00e9par\u00e9ment, pour maintenir vos montagnes de marchandises en place et optimiser l'espace !<\/p>\n<p>Fabriqu\u00e9 en bambou \u00e0 trois couches, un mat\u00e9riau durable et r\u00e9sistant aux intemp\u00e9ries. La culture du bambou est rapide et ne n\u00e9cessite pas beaucoup d'eau. Tous nos produits en bambou sont conformes aux directives REACH qui prot\u00e8gent contre les produits chimiques dangereux et toxiques. Les produits en bambou sont couverts par une garantie limit\u00e9e d'un an pour l'int\u00e9grit\u00e9 structurelle.<\/p>","protected":false},"excerpt":{"rendered":"<p>Compatibile con tutti i modelli Supercargo La Base Board Yuba \u00e8 una pianale in bamboo che ti consente di utilizzare la piattaforma di carico della cargo bike Yuba Supercargo senza un contenitore. Ideale per carichi pi\u00f9 grandi e ingombranti, o per carichi che richiedono una base piatta. puoi utilizzare le cinghie per tenere ferme le [&hellip;]<\/p>\n","protected":false},"featured_media":91283,"comment_status":"closed","ping_status":"closed","template":"","meta":[],"product_brand":[],"product_cat":[16,21],"product_tag":[],"class_list":{"0":"post-3033","1":"product","2":"type-product","3":"status-publish","4":"has-post-thumbnail","6":"product_cat-yuba-accessori","7":"product_cat-yuba","8":"product_shipping_class-accessori","10":"first","11":"instock","12":"shipping-taxable","13":"purchasable","14":"product-type-simple"},"gallery_images":[91282,91281,91284,91290,91285,91287,91288,91289,91291],"meta_box":{"short_name":"Pianale in Bamboo Base Board","marketing_name":"","motore_for_biciclette":[],"biciclette_id":"","consegna":"","configurator":[],"single_page_group":[],"catalog_group":[]},"_links":{"self":[{"href":"https:\/\/donnobikes.com\/fr\/wp-json\/wp\/v2\/product\/3033","targetHints":{"allow":["GET"]}}],"collection":[{"href":"https:\/\/donnobikes.com\/fr\/wp-json\/wp\/v2\/product"}],"about":[{"href":"https:\/\/donnobikes.com\/fr\/wp-json\/wp\/v2\/types\/product"}],"replies":[{"embeddable":true,"href":"https:\/\/donnobikes.com\/fr\/wp-json\/wp\/v2\/comments?post=3033"}],"wp:featuredmedia":[{"embeddable":true,"href":"https:\/\/donnobikes.com\/fr\/wp-json\/wp\/v2\/media\/91283"}],"wp:attachment":[{"href":"https:\/\/donnobikes.com\/fr\/wp-json\/wp\/v2\/media?parent=3033"}],"wp:term":[{"taxonomy":"product_brand","embeddable":true,"href":"https:\/\/donnobikes.com\/fr\/wp-json\/wp\/v2\/product_brand?post=3033"},{"taxonomy":"product_cat","embeddable":true,"href":"https:\/\/donnobikes.com\/fr\/wp-json\/wp\/v2\/product_cat?post=3033"},{"taxonomy":"product_tag","embeddable":true,"href":"https:\/\/donnobikes.com\/fr\/wp-json\/wp\/v2\/product_tag?post=3033"}],"curies":[{"name":"wp","href":"https:\/\/api.w.org\/{rel}","templated":true}]}}