{"id":3046,"date":"2019-10-14T13:51:17","date_gmt":"2019-10-14T11:51:17","guid":{"rendered":"https:\/\/donnobikes.com\/product\/maxi-borse-al-portapacchi-per-yuba-spicy-e-sweet-curry\/"},"modified":"2026-02-09T10:08:29","modified_gmt":"2026-02-09T09:08:29","slug":"paire-de-2-sacs-cargo-go-yuba","status":"publish","type":"product","link":"https:\/\/donnobikes.com\/fr\/produit\/paire-de-2-sacs-cargo-go-yuba\/","title":{"rendered":"Paire de sacs Yuba 2-Go Cargo"},"content":{"rendered":"<h3>Compatible avec tous les v\u00e9los cargo Spicy Curry<\/h3>\n<p>La paire de sacoches 2-Go Cargo Yuba est dot\u00e9e d'un syst\u00e8me innovant et pratique qui permet de les fixer directement au cadre, avec une capacit\u00e9 de 12 kg chacune. Vous aurez toujours une grande capacit\u00e9 de charge avec vous ! Gr\u00e2ce \u00e0 la couche ext\u00e9rieure imperm\u00e9able en nylon 1000D, votre chargement et les pieds de vos passagers ne seront jamais mouill\u00e9s, car les sacoches peuvent \u00e9galement servir de housse de protection.<\/p>\n<p>La capacit\u00e9 de charge est r\u00e9glable gr\u00e2ce aux extensions de sacs 2-Go, vendues s\u00e9par\u00e9ment. Les sacs disposent de plusieurs points d'attache pour un ajustement parfait au cadre, et de poches internes pour mieux organiser le chargement. Les 2-Go Cargo Bags Yuba sont compatibles avec la Carry-On Cargo Deck Extension, vendue s\u00e9par\u00e9ment.<\/p>\n<p>&nbsp;<\/p>","protected":false},"excerpt":{"rendered":"<p>Compatibile con tutte le cargo bike Spicy Curry La coppia di borse 2-Go Cargo Yuba ha un innovativo e pratico sistema che permette di agganciarle direttamente al telaio, con capacit\u00e0 di 12kg ciascuna. Avrai sempre con te una capacit\u00e0 di carico enorme! Grazie allo strato esterno impermeabile realizzato in tessuto di nylon 1000D, il tuo [&hellip;]<\/p>\n","protected":false},"featured_media":91143,"comment_status":"closed","ping_status":"closed","template":"","meta":[],"product_brand":[],"product_cat":[16,639,21,651],"product_tag":[88],"class_list":{"0":"post-3046","1":"product","2":"type-product","3":"status-publish","4":"has-post-thumbnail","6":"product_cat-yuba-accessori","7":"product_cat-seduta-e-carico-posteriore-2","8":"product_cat-yuba","9":"product_cat-yuba-kombi-db-seduta-e-carico-posteriore-2","10":"product_tag-borsa","11":"product_shipping_class-accessori","13":"first","14":"instock","15":"shipping-taxable","16":"purchasable","17":"product-type-simple"},"gallery_images":[91144,91145,91146,91147,91148,91149,91150,91151],"meta_box":{"short_name":"Coppia Borse 2-Go Cargo","marketing_name":"","motore_for_biciclette":[],"biciclette_id":"","consegna":"","configurator":[],"single_page_group":[],"catalog_group":[]},"_links":{"self":[{"href":"https:\/\/donnobikes.com\/fr\/wp-json\/wp\/v2\/product\/3046","targetHints":{"allow":["GET"]}}],"collection":[{"href":"https:\/\/donnobikes.com\/fr\/wp-json\/wp\/v2\/product"}],"about":[{"href":"https:\/\/donnobikes.com\/fr\/wp-json\/wp\/v2\/types\/product"}],"replies":[{"embeddable":true,"href":"https:\/\/donnobikes.com\/fr\/wp-json\/wp\/v2\/comments?post=3046"}],"wp:featuredmedia":[{"embeddable":true,"href":"https:\/\/donnobikes.com\/fr\/wp-json\/wp\/v2\/media\/91143"}],"wp:attachment":[{"href":"https:\/\/donnobikes.com\/fr\/wp-json\/wp\/v2\/media?parent=3046"}],"wp:term":[{"taxonomy":"product_brand","embeddable":true,"href":"https:\/\/donnobikes.com\/fr\/wp-json\/wp\/v2\/product_brand?post=3046"},{"taxonomy":"product_cat","embeddable":true,"href":"https:\/\/donnobikes.com\/fr\/wp-json\/wp\/v2\/product_cat?post=3046"},{"taxonomy":"product_tag","embeddable":true,"href":"https:\/\/donnobikes.com\/fr\/wp-json\/wp\/v2\/product_tag?post=3046"}],"curies":[{"name":"wp","href":"https:\/\/api.w.org\/{rel}","templated":true}]}}