{"id":31936,"date":"2021-06-12T16:50:45","date_gmt":"2021-06-12T14:50:45","guid":{"rendered":"https:\/\/donnobikes.com\/?post_type=product&#038;p=31936"},"modified":"2024-09-03T15:33:10","modified_gmt":"2024-09-03T13:33:10","slug":"poignee-pour-le-transport-de-velos","status":"publish","type":"product","link":"https:\/\/donnobikes.com\/fr\/produit\/poignee-pour-le-transport-de-velos\/","title":{"rendered":"Poign\u00e9e pour le transport du v\u00e9lo"},"content":{"rendered":"<h3>Compatible avec tous les mod\u00e8les Ahooga<\/h3>\n<p>La poign\u00e9e de v\u00e9lo, produite par Fahrer, est un accessoire intelligent pour les personnes qui utilisent souvent les transports publics lorsqu'elles se d\u00e9placent en v\u00e9lo de ville, et pour celles qui doivent monter des escaliers avec leur v\u00e9lo.<\/p>\n<ul>\n<li>Compatible avec les v\u00e9los ayant une circonf\u00e9rence de tube de 12 cm \u00e0 16 cm, et un diam\u00e8tre de cadre de 28 \u00e0 40 mm.<\/li>\n<li>Fabriqu\u00e9 en toile cir\u00e9e renforc\u00e9e.<\/li>\n<li>Longueur 21 cm.<\/li>\n<li>Poids 85 g.<\/li>\n<li>Fermeture auto-agrippante.<\/li>\n<li>D\u00e9perlant.<\/li>\n<li>Ergonomique avec surface antid\u00e9rapante.<\/li>\n<li>Il s'installe et s'enl\u00e8ve en quelques secondes.<\/li>\n<\/ul>","protected":false},"excerpt":{"rendered":"<p>Compatibile con tutti i modelli Ahooga La maniglia per trasporto bici, prodotta da Fahrer, \u00e8 un&#8217;accessori smart per chi utilizza spesso i mezzi pubblici durante gli spostamenti in city bike, e per chi deve salire le scale con la bici. Compatibile con biciclette con circonferenza tubo da 12 cm a 16 cm,\u00a0 e diametro del [&hellip;]<\/p>\n","protected":false},"featured_media":92874,"comment_status":"closed","ping_status":"closed","template":"","meta":[],"product_brand":[],"product_cat":[23],"product_tag":[],"class_list":{"0":"post-31936","1":"product","2":"type-product","3":"status-publish","4":"has-post-thumbnail","6":"product_cat-accessori-vari","7":"product_shipping_class-accessori","9":"first","10":"outofstock","11":"shipping-taxable","12":"purchasable","13":"product-type-simple"},"gallery_images":[92875,92876],"meta_box":{"short_name":"","marketing_name":"","motore_for_biciclette":[],"biciclette_id":"","consegna":"","configurator":[],"single_page_group":[],"catalog_group":[]},"_links":{"self":[{"href":"https:\/\/donnobikes.com\/fr\/wp-json\/wp\/v2\/product\/31936","targetHints":{"allow":["GET"]}}],"collection":[{"href":"https:\/\/donnobikes.com\/fr\/wp-json\/wp\/v2\/product"}],"about":[{"href":"https:\/\/donnobikes.com\/fr\/wp-json\/wp\/v2\/types\/product"}],"replies":[{"embeddable":true,"href":"https:\/\/donnobikes.com\/fr\/wp-json\/wp\/v2\/comments?post=31936"}],"wp:featuredmedia":[{"embeddable":true,"href":"https:\/\/donnobikes.com\/fr\/wp-json\/wp\/v2\/media\/92874"}],"wp:attachment":[{"href":"https:\/\/donnobikes.com\/fr\/wp-json\/wp\/v2\/media?parent=31936"}],"wp:term":[{"taxonomy":"product_brand","embeddable":true,"href":"https:\/\/donnobikes.com\/fr\/wp-json\/wp\/v2\/product_brand?post=31936"},{"taxonomy":"product_cat","embeddable":true,"href":"https:\/\/donnobikes.com\/fr\/wp-json\/wp\/v2\/product_cat?post=31936"},{"taxonomy":"product_tag","embeddable":true,"href":"https:\/\/donnobikes.com\/fr\/wp-json\/wp\/v2\/product_tag?post=31936"}],"curies":[{"name":"wp","href":"https:\/\/api.w.org\/{rel}","templated":true}]}}