{"id":31943,"date":"2021-06-12T16:54:25","date_gmt":"2021-06-12T14:54:25","guid":{"rendered":"https:\/\/donnobikes.com\/?post_type=product&#038;p=31943"},"modified":"2024-03-06T13:00:09","modified_gmt":"2024-03-06T12:00:09","slug":"sac-agu-h2o","status":"publish","type":"product","link":"https:\/\/donnobikes.com\/fr\/produit\/sac-agu-h2o\/","title":{"rendered":"Sac AGU H2O Single Performance"},"content":{"rendered":"<h3>Compatible avec tous les v\u00e9los Donno<\/h3>\n<p>Le sac AGU H2O Single Performance est un grand sac lat\u00e9ral pour les v\u00e9los.<\/p>\n<ul>\n<li>Fabriqu\u00e9 en polyester 600D recycl\u00e9.<\/li>\n<li>Capacieux, il mesure 31 x 38 x 14 cm.<\/li>\n<li>Ultral\u00e9ger avec seulement 700 g.<\/li>\n<li>Capacit\u00e9 de 18 litres.<\/li>\n<li>Gr\u00e2ce \u00e0 la technologie 3M Reflection, le sac r\u00e9fl\u00e9chit la lumi\u00e8re pour une meilleure visibilit\u00e9.<\/li>\n<li>Equip\u00e9 d'un rev\u00eatement PU hydrofuge.<\/li>\n<li><span class=\"Y2IQFc\" lang=\"it\" xml:lang=\"it\">Superbe<\/span>\u00a0espace de rangement et compartiments frontaux zipp\u00e9s, fentes externes lat\u00e9rales et sup\u00e9rieures pour attacher des accessoires.<\/li>\n<li>La doublure int\u00e9rieure est imperm\u00e9able gr\u00e2ce \u00e0 la technologie Dryliner.<\/li>\n<li>Les coins inf\u00e9rieurs et la paroi int\u00e9rieure sont renforc\u00e9s.<\/li>\n<li>En combinaison avec la construction Roll-Top, le contenu est tr\u00e8s bien prot\u00e9g\u00e9 contre la poussi\u00e8re et la pluie.<\/li>\n<li>La fermeture est assur\u00e9e par une boucle de s\u00e9curit\u00e9 r\u00e9glable.<\/li>\n<li>La ceinture est amovible, ce qui permet de porter le sac \u00e0 l'\u00e9paule.<\/li>\n<li>Convient aux portoirs contenant des tubes de 8 \u00e0 16 mm.<\/li>\n<li>Le montage sur la galerie de toit est rapide et facile gr\u00e2ce au syst\u00e8me KLICKfix Vario inclus avec des crochets de s\u00e9curit\u00e9 sup\u00e9rieurs et inf\u00e9rieurs.<\/li>\n<\/ul>","protected":false},"excerpt":{"rendered":"<p>Compatibile con tutte le biciclette Donno Bikes La borsa AGU H2O Single Performance \u00e8 una grande borsa laterale per biciclette. Realizzata in poliestere 600D riciclato. Capiente, misura 31 x 38 x 14cm. Ultraleggera con il suo peso di solo 700 gr. Capacit\u00e0 di 18 litri. Grazie alla tecnologia Reflection 3M, la borsa riflette la luce [&hellip;]<\/p>\n","protected":false},"featured_media":93038,"comment_status":"closed","ping_status":"closed","template":"","meta":[],"product_brand":[],"product_cat":[23],"product_tag":[88],"class_list":{"0":"post-31943","1":"product","2":"type-product","3":"status-publish","4":"has-post-thumbnail","6":"product_cat-accessori-vari","7":"product_tag-borsa","8":"product_shipping_class-accessori","10":"first","11":"instock","12":"shipping-taxable","13":"purchasable","14":"product-type-simple"},"gallery_images":[93039,93040,93041],"meta_box":{"short_name":"Borsa AGU H2o Single Performance","marketing_name":"","motore_for_biciclette":[],"biciclette_id":"","consegna":"","configurator":[],"single_page_group":[],"catalog_group":[]},"_links":{"self":[{"href":"https:\/\/donnobikes.com\/fr\/wp-json\/wp\/v2\/product\/31943","targetHints":{"allow":["GET"]}}],"collection":[{"href":"https:\/\/donnobikes.com\/fr\/wp-json\/wp\/v2\/product"}],"about":[{"href":"https:\/\/donnobikes.com\/fr\/wp-json\/wp\/v2\/types\/product"}],"replies":[{"embeddable":true,"href":"https:\/\/donnobikes.com\/fr\/wp-json\/wp\/v2\/comments?post=31943"}],"wp:featuredmedia":[{"embeddable":true,"href":"https:\/\/donnobikes.com\/fr\/wp-json\/wp\/v2\/media\/93038"}],"wp:attachment":[{"href":"https:\/\/donnobikes.com\/fr\/wp-json\/wp\/v2\/media?parent=31943"}],"wp:term":[{"taxonomy":"product_brand","embeddable":true,"href":"https:\/\/donnobikes.com\/fr\/wp-json\/wp\/v2\/product_brand?post=31943"},{"taxonomy":"product_cat","embeddable":true,"href":"https:\/\/donnobikes.com\/fr\/wp-json\/wp\/v2\/product_cat?post=31943"},{"taxonomy":"product_tag","embeddable":true,"href":"https:\/\/donnobikes.com\/fr\/wp-json\/wp\/v2\/product_tag?post=31943"}],"curies":[{"name":"wp","href":"https:\/\/api.w.org\/{rel}","templated":true}]}}