{"id":3242,"date":"2019-11-05T23:26:50","date_gmt":"2019-11-05T22:26:50","guid":{"rendered":"https:\/\/donnobikes.com\/?post_type=product&#038;p=3242"},"modified":"2024-03-06T13:00:05","modified_gmt":"2024-03-06T12:00:05","slug":"thule-yepp-maxi-easy-fit-seat","status":"publish","type":"product","link":"https:\/\/donnobikes.com\/fr\/produit\/thule-yepp-maxi-easy-fit-seat\/","title":{"rendered":"Si\u00e8ge auto Thule Yepp Maxi Easy Fit"},"content":{"rendered":"<h3>Non compatible avec les mod\u00e8les Supercargo et Taga<\/h3>\n<p>Le si\u00e8ge Thule Yepp Maxi Easy Fit s'installe facilement sur le porte-bagages arri\u00e8re du v\u00e9lo et est compatible avec la plupart des porte-bagages du march\u00e9.<\/p>\n<ul>\n<li>Convient aux enfants jusqu'\u00e0 un poids maximum de 22 kg.<\/li>\n<li>Recommand\u00e9 \u00e0 partir de 9 mois.<\/li>\n<li>La couleur peut varier, gris ou bleu clair selon la disponibilit\u00e9.<\/li>\n<li>R\u00e9sistant aux chocs<\/li>\n<li>Dossier confortable de 48 cm de haut pour soutenir le dos.<\/li>\n<li>Largeur de l'assise : 30 cm.<\/li>\n<li>Ceinture de s\u00e9curit\u00e9 rembourr\u00e9e \u00e0 cinq points, r\u00e9glable en longueur et en largeur.<\/li>\n<li>Des repose-pieds r\u00e9guliers pour s'adapter \u00e0 la croissance de l'enfant.<\/li>\n<li>R\u00e9flecteur int\u00e9gr\u00e9 pour une meilleure visibilit\u00e9 dans des conditions de faible luminosit\u00e9.<\/li>\n<\/ul>\n<p>&nbsp;<\/p>","protected":false},"excerpt":{"rendered":"<p>&nbsp;<\/p>\n<p>&nbsp;<\/p>","protected":false},"featured_media":92966,"comment_status":"closed","ping_status":"closed","template":"","meta":[],"product_brand":[],"product_cat":[23,601],"product_tag":[],"class_list":{"0":"post-3242","1":"product","2":"type-product","3":"status-publish","4":"has-post-thumbnail","6":"product_cat-accessori-vari","7":"product_cat-seggiolini-e-sedute","8":"product_shipping_class-accessori","10":"first","11":"instock","12":"shipping-taxable","13":"purchasable","14":"product-type-simple"},"gallery_images":[92967,92968,92969,92970],"meta_box":{"short_name":"Seggiolino Yepp Maxi Easy Fit","marketing_name":"","motore_for_biciclette":[],"biciclette_id":"","consegna":"","configurator":[],"single_page_group":[],"catalog_group":[]},"_links":{"self":[{"href":"https:\/\/donnobikes.com\/fr\/wp-json\/wp\/v2\/product\/3242","targetHints":{"allow":["GET"]}}],"collection":[{"href":"https:\/\/donnobikes.com\/fr\/wp-json\/wp\/v2\/product"}],"about":[{"href":"https:\/\/donnobikes.com\/fr\/wp-json\/wp\/v2\/types\/product"}],"replies":[{"embeddable":true,"href":"https:\/\/donnobikes.com\/fr\/wp-json\/wp\/v2\/comments?post=3242"}],"wp:featuredmedia":[{"embeddable":true,"href":"https:\/\/donnobikes.com\/fr\/wp-json\/wp\/v2\/media\/92966"}],"wp:attachment":[{"href":"https:\/\/donnobikes.com\/fr\/wp-json\/wp\/v2\/media?parent=3242"}],"wp:term":[{"taxonomy":"product_brand","embeddable":true,"href":"https:\/\/donnobikes.com\/fr\/wp-json\/wp\/v2\/product_brand?post=3242"},{"taxonomy":"product_cat","embeddable":true,"href":"https:\/\/donnobikes.com\/fr\/wp-json\/wp\/v2\/product_cat?post=3242"},{"taxonomy":"product_tag","embeddable":true,"href":"https:\/\/donnobikes.com\/fr\/wp-json\/wp\/v2\/product_tag?post=3242"}],"curies":[{"name":"wp","href":"https:\/\/api.w.org\/{rel}","templated":true}]}}