{"id":36812,"date":"2021-08-23T13:37:30","date_gmt":"2021-08-23T11:37:30","guid":{"rendered":"https:\/\/donnobikes.com\/?post_type=product&#038;p=36812"},"modified":"2024-03-06T13:00:07","modified_gmt":"2024-03-06T12:00:07","slug":"sac-a-main-guidon","status":"publish","type":"product","link":"https:\/\/donnobikes.com\/fr\/produit\/sac-a-main-guidon\/","title":{"rendered":"Sac \u00e0 main pour le guidon"},"content":{"rendered":"<h3>Compatible avec tous les v\u00e9los Donno<\/h3>\n<p>Le Handlebar Shopper Bag, fabriqu\u00e9 par Rixen Kaul, est l'alternative intelligente au panier traditionnel. Il est id\u00e9al pour les courses, votre ordinateur portable et bien plus encore. Le sac Shopper se fixe en un clic au tube du guidon. Le maintien est stable. Lorsqu'il n'est pas utilis\u00e9, il peut \u00eatre rang\u00e9 pli\u00e9 dans un espace tr\u00e8s r\u00e9duit. Sa fixation rapide et sa facilit\u00e9 d'utilisation en font l'un des accessoires de v\u00e9lo les plus populaires.<\/p>\n<ul>\n<li>Dimensions : 38 x 25 x 29 cm.<\/li>\n<li>Poids 950 g.<\/li>\n<li>Il peut transporter jusqu'\u00e0 7 kg ou 24 litres de marchandises.<\/li>\n<li>Fabriqu\u00e9 en nylon durable et hydrofuge.<\/li>\n<li>Base renforc\u00e9e.<\/li>\n<li>Larges poign\u00e9es de transport.<\/li>\n<li>Accouplement en acier chrom\u00e9.<\/li>\n<li>Adaptateur de montage KLICKfix inclus.<\/li>\n<\/ul>","protected":false},"excerpt":{"rendered":"<p>Compatibile con tutte le biciclette Donno Bikes La Shopper Bag da manubrio, prodotta da Rixen Kaul, \u00e8 l&#8217;alternativa intelligente al tradizionale cestino. Ideale per la spesa, il laptop e molto altro. La Shopper Bag si installa con un click al tubo del manubrio. La tenuta \u00e8 stabile. Quando non \u00e8 in uso, si pu\u00f2 riporre [&hellip;]<\/p>\n","protected":false},"featured_media":92879,"comment_status":"closed","ping_status":"closed","template":"","meta":[],"product_brand":[],"product_cat":[23],"product_tag":[88],"class_list":{"0":"post-36812","1":"product","2":"type-product","3":"status-publish","4":"has-post-thumbnail","6":"product_cat-accessori-vari","7":"product_tag-borsa","8":"product_shipping_class-accessori","10":"first","11":"instock","12":"shipping-taxable","13":"purchasable","14":"product-type-simple"},"gallery_images":[92878,92880,92881,92882,92884,92883],"meta_box":{"short_name":"Shopper Bag da manubrio","marketing_name":"","motore_for_biciclette":[],"biciclette_id":"","consegna":"","configurator":[],"single_page_group":[],"catalog_group":[]},"_links":{"self":[{"href":"https:\/\/donnobikes.com\/fr\/wp-json\/wp\/v2\/product\/36812","targetHints":{"allow":["GET"]}}],"collection":[{"href":"https:\/\/donnobikes.com\/fr\/wp-json\/wp\/v2\/product"}],"about":[{"href":"https:\/\/donnobikes.com\/fr\/wp-json\/wp\/v2\/types\/product"}],"replies":[{"embeddable":true,"href":"https:\/\/donnobikes.com\/fr\/wp-json\/wp\/v2\/comments?post=36812"}],"wp:featuredmedia":[{"embeddable":true,"href":"https:\/\/donnobikes.com\/fr\/wp-json\/wp\/v2\/media\/92879"}],"wp:attachment":[{"href":"https:\/\/donnobikes.com\/fr\/wp-json\/wp\/v2\/media?parent=36812"}],"wp:term":[{"taxonomy":"product_brand","embeddable":true,"href":"https:\/\/donnobikes.com\/fr\/wp-json\/wp\/v2\/product_brand?post=36812"},{"taxonomy":"product_cat","embeddable":true,"href":"https:\/\/donnobikes.com\/fr\/wp-json\/wp\/v2\/product_cat?post=36812"},{"taxonomy":"product_tag","embeddable":true,"href":"https:\/\/donnobikes.com\/fr\/wp-json\/wp\/v2\/product_tag?post=36812"}],"curies":[{"name":"wp","href":"https:\/\/api.w.org\/{rel}","templated":true}]}}