{"id":37040,"date":"2021-08-27T02:02:49","date_gmt":"2021-08-27T00:02:49","guid":{"rendered":"https:\/\/donnobikes.com\/?post_type=product&#038;p=37040"},"modified":"2024-09-03T15:31:31","modified_gmt":"2024-09-03T13:31:31","slug":"galerie-de-toit-arriere-ahooga","status":"publish","type":"product","link":"https:\/\/donnobikes.com\/fr\/produit\/galerie-de-toit-arriere-ahooga\/","title":{"rendered":"Porte-bagages arri\u00e8re Ahooga"},"content":{"rendered":"<h3>Compatible avec Ahooga Modular<\/h3>\n<p>Le porte-bagages arri\u00e8re Ahooga transforme le v\u00e9lo de ville Modular en un v\u00e9lo \u00e9lectrique l\u00e9ger.<\/p>\n<ul>\n<li>Fabriqu\u00e9 en aluminium 6061 T6 de couleur bronze, il s'installe facilement \u00e0 l'aide de vis.<\/li>\n<li>Le support mesure 58 x 18 cm, ne p\u00e8se que 3 kg et peut transporter 50 kg de marchandises.<\/li>\n<li>Il est con\u00e7u pour transporter en toute s\u00e9curit\u00e9 deux enfants et des si\u00e8ges avec un coussin ou une assise.<\/li>\n<li>Il est compatible avec la plupart des paniers, si\u00e8ges et sacoches du march\u00e9.<\/li>\n<\/ul>\n<p>Une capacit\u00e9 de charge impressionnante pour un v\u00e9lo \u00e9lectrique con\u00e7u pour les d\u00e9placements en ville.<\/p>","protected":false},"excerpt":{"rendered":"<p>Compatibile con Ahooga Modular Il portapacchi posteriore Ahooga trasforma la city bike Modular in una e-bike cargo light. Realizzato in alluminio\u00a06061 T6 color canna di fucile, si installa facilmente con viti. Il portapacchi misura 58 x 18cm, pesa solo 3kg e pu\u00f2 trasportare 50kg di carico. E&#8217; progettato per portare in sicurezza due bambini e [&hellip;]<\/p>\n","protected":false},"featured_media":93001,"comment_status":"closed","ping_status":"closed","template":"","meta":[],"product_brand":[],"product_cat":[78,73],"product_tag":[],"class_list":{"0":"post-37040","1":"product","2":"type-product","3":"status-publish","4":"has-post-thumbnail","6":"product_cat-ahooga-accessori","7":"product_cat-ahooga","8":"product_shipping_class-accessori","10":"first","11":"outofstock","12":"shipping-taxable","13":"purchasable","14":"product-type-simple"},"gallery_images":[92861,92862,92863,92864],"meta_box":{"short_name":"Portapacchi posteriore Modular","marketing_name":"","motore_for_biciclette":[],"biciclette_id":"","consegna":"","configurator":[],"single_page_group":[],"catalog_group":[]},"_links":{"self":[{"href":"https:\/\/donnobikes.com\/fr\/wp-json\/wp\/v2\/product\/37040","targetHints":{"allow":["GET"]}}],"collection":[{"href":"https:\/\/donnobikes.com\/fr\/wp-json\/wp\/v2\/product"}],"about":[{"href":"https:\/\/donnobikes.com\/fr\/wp-json\/wp\/v2\/types\/product"}],"replies":[{"embeddable":true,"href":"https:\/\/donnobikes.com\/fr\/wp-json\/wp\/v2\/comments?post=37040"}],"wp:featuredmedia":[{"embeddable":true,"href":"https:\/\/donnobikes.com\/fr\/wp-json\/wp\/v2\/media\/93001"}],"wp:attachment":[{"href":"https:\/\/donnobikes.com\/fr\/wp-json\/wp\/v2\/media?parent=37040"}],"wp:term":[{"taxonomy":"product_brand","embeddable":true,"href":"https:\/\/donnobikes.com\/fr\/wp-json\/wp\/v2\/product_brand?post=37040"},{"taxonomy":"product_cat","embeddable":true,"href":"https:\/\/donnobikes.com\/fr\/wp-json\/wp\/v2\/product_cat?post=37040"},{"taxonomy":"product_tag","embeddable":true,"href":"https:\/\/donnobikes.com\/fr\/wp-json\/wp\/v2\/product_tag?post=37040"}],"curies":[{"name":"wp","href":"https:\/\/api.w.org\/{rel}","templated":true}]}}