{"id":37230,"date":"2021-08-30T17:14:55","date_gmt":"2021-08-30T15:14:55","guid":{"rendered":"https:\/\/donnobikes.com\/?post_type=product&#038;p=37230"},"modified":"2024-03-06T13:00:09","modified_gmt":"2024-03-06T12:00:09","slug":"knog-led-light-set","status":"publish","type":"product","link":"https:\/\/donnobikes.com\/fr\/produit\/knog-led-light-set\/","title":{"rendered":"Knog Plus Bike Light Twinpack LED Light Set"},"content":{"rendered":"<h3>Compatible avec tous les v\u00e9los<\/h3>\n<p>L'ensemble de lumi\u00e8res LED Knog Plus Bike Light Twinpack peut \u00eatre mont\u00e9 sur votre v\u00e9lo ou fix\u00e9 sur un v\u00eatement, un casque, un sac \u00e0 dos, etc. Aussi impressionnant que les feux avant et arri\u00e8re, le Plus Bike Light Twinpack est parfait pour les navetteurs et les cyclistes sur route.<\/p>\n<p>Ce jeu de lumi\u00e8res n'est pas conventionnel. Ce sont les feux de v\u00e9lo les plus polyvalents qui soient. Montez-les sur le guidon, la fourche avant ou retirez-les de la fixation du tube et fixez-les \u00e0 n'importe quoi.  Lorsque l'une des lampes Plus Bike Lights est sur le point d'\u00e9puiser sa batterie, un anneau rouge s'allume autour du bouton. L'anneau reste visible pendant la charge et s'\u00e9teint lorsque la batterie est compl\u00e8tement charg\u00e9e.<\/p>\n<ul>\n<li>Connecteur USB-A int\u00e9gr\u00e9 pour un chargement sans c\u00e2ble.<\/li>\n<li>Visible jusqu'\u00e0 450 m\u00e8tres.<\/li>\n<li>Imperm\u00e9able \u00e0 l'eau avec un indice de protection IP66.<\/li>\n<li>5 programmes d'\u00e9clairage.<\/li>\n<li>Ultral\u00e9ger, il p\u00e8se 17 grammes.<\/li>\n<li>Luminosit\u00e9 40\/20 lumens avant\/arri\u00e8re.<\/li>\n<li>Autonomie pouvant aller jusqu'\u00e0 40 heures.<\/li>\n<li>LED avec technologie COB pour le plus haut niveau de luminosit\u00e9 jusqu'\u00e0 90% d'autonomie.<\/li>\n<\/ul>","protected":false},"excerpt":{"rendered":"<p>Compatibili con tutte le biciclette Il set luci LED Knog Plus Bike Light Twinpack pu\u00f2 essere montato sulla tua bici o agganciato a vestiti, casco, zaino, ecc. Altrettanto impressionanti come luci per bici anteriori e posteriori, Plus Bike Light Twinpack \u00e8 perfetto sia per i pendolari che per i ciclisti su strada. Questo set di [&hellip;]<\/p>\n","protected":false},"featured_media":93023,"comment_status":"closed","ping_status":"closed","template":"","meta":[],"product_brand":[],"product_cat":[23],"product_tag":[],"class_list":{"0":"post-37230","1":"product","2":"type-product","3":"status-publish","4":"has-post-thumbnail","6":"product_cat-accessori-vari","7":"product_shipping_class-accessori","9":"first","10":"instock","11":"shipping-taxable","12":"purchasable","13":"product-type-simple"},"gallery_images":[93024,93025,93026,93028,93027,93029],"meta_box":{"short_name":"","marketing_name":"","motore_for_biciclette":[],"biciclette_id":"","consegna":"","configurator":[],"single_page_group":[],"catalog_group":[]},"_links":{"self":[{"href":"https:\/\/donnobikes.com\/fr\/wp-json\/wp\/v2\/product\/37230","targetHints":{"allow":["GET"]}}],"collection":[{"href":"https:\/\/donnobikes.com\/fr\/wp-json\/wp\/v2\/product"}],"about":[{"href":"https:\/\/donnobikes.com\/fr\/wp-json\/wp\/v2\/types\/product"}],"replies":[{"embeddable":true,"href":"https:\/\/donnobikes.com\/fr\/wp-json\/wp\/v2\/comments?post=37230"}],"wp:featuredmedia":[{"embeddable":true,"href":"https:\/\/donnobikes.com\/fr\/wp-json\/wp\/v2\/media\/93023"}],"wp:attachment":[{"href":"https:\/\/donnobikes.com\/fr\/wp-json\/wp\/v2\/media?parent=37230"}],"wp:term":[{"taxonomy":"product_brand","embeddable":true,"href":"https:\/\/donnobikes.com\/fr\/wp-json\/wp\/v2\/product_brand?post=37230"},{"taxonomy":"product_cat","embeddable":true,"href":"https:\/\/donnobikes.com\/fr\/wp-json\/wp\/v2\/product_cat?post=37230"},{"taxonomy":"product_tag","embeddable":true,"href":"https:\/\/donnobikes.com\/fr\/wp-json\/wp\/v2\/product_tag?post=37230"}],"curies":[{"name":"wp","href":"https:\/\/api.w.org\/{rel}","templated":true}]}}