{"id":37347,"date":"2021-09-01T13:06:18","date_gmt":"2021-09-01T11:06:18","guid":{"rendered":"https:\/\/donnobikes.com\/?post_type=product&#038;p=37347"},"modified":"2024-03-06T13:00:06","modified_gmt":"2024-03-06T12:00:06","slug":"double-jambe-debout","status":"publish","type":"product","link":"https:\/\/donnobikes.com\/fr\/produit\/double-jambe-debout\/","title":{"rendered":"Support Ahooga \u00e0 deux jambes"},"content":{"rendered":"<h3>Compatible avec Ahooga Modular<\/h3>\n<p>Le pied double est fourni en standard sur le mod\u00e8le modulaire Ahooga. Il peut \u00eatre achet\u00e9 individuellement comme pi\u00e8ce de rechange.<\/p>\n<ul>\n<li>Fabriqu\u00e9 en aluminium noir.<\/li>\n<li>Supporte jusqu'\u00e0 80 kg.<\/li>\n<li>Il permet \u00e0 la bicyclette de rester en \u00e9quilibre lorsqu'elle est gar\u00e9e, pendant le chargement ou le stationnement.<\/li>\n<\/ul>\n<p>&nbsp;<\/p>","protected":false},"excerpt":{"rendered":"<p>Compatible avec Ahooga Modular Le pied double est standard sur Ahooga Modular. Il peut \u00eatre achet\u00e9 individuellement comme pi\u00e8ce de rechange. Fabriqu\u00e9 en aluminium noir. Supporte un poids allant jusqu'\u00e0 80 kg. Permet au v\u00e9lo de rester en \u00e9quilibre stable lors du stationnement, du chargement ou de l'embarquement. &nbsp;<\/p>","protected":false},"featured_media":92997,"comment_status":"closed","ping_status":"closed","template":"","meta":[],"product_brand":[],"product_cat":[78,73],"product_tag":[],"class_list":{"0":"post-37347","1":"product","2":"type-product","3":"status-publish","4":"has-post-thumbnail","6":"product_cat-ahooga-accessori","7":"product_cat-ahooga","8":"product_shipping_class-accessori","10":"first","11":"instock","12":"shipping-taxable","13":"purchasable","14":"product-type-simple"},"gallery_images":[],"meta_box":{"short_name":"Cavalletto Double Leg","marketing_name":"","motore_for_biciclette":[],"biciclette_id":"","consegna":"","configurator":[],"single_page_group":[],"catalog_group":[]},"_links":{"self":[{"href":"https:\/\/donnobikes.com\/fr\/wp-json\/wp\/v2\/product\/37347","targetHints":{"allow":["GET"]}}],"collection":[{"href":"https:\/\/donnobikes.com\/fr\/wp-json\/wp\/v2\/product"}],"about":[{"href":"https:\/\/donnobikes.com\/fr\/wp-json\/wp\/v2\/types\/product"}],"replies":[{"embeddable":true,"href":"https:\/\/donnobikes.com\/fr\/wp-json\/wp\/v2\/comments?post=37347"}],"wp:featuredmedia":[{"embeddable":true,"href":"https:\/\/donnobikes.com\/fr\/wp-json\/wp\/v2\/media\/92997"}],"wp:attachment":[{"href":"https:\/\/donnobikes.com\/fr\/wp-json\/wp\/v2\/media?parent=37347"}],"wp:term":[{"taxonomy":"product_brand","embeddable":true,"href":"https:\/\/donnobikes.com\/fr\/wp-json\/wp\/v2\/product_brand?post=37347"},{"taxonomy":"product_cat","embeddable":true,"href":"https:\/\/donnobikes.com\/fr\/wp-json\/wp\/v2\/product_cat?post=37347"},{"taxonomy":"product_tag","embeddable":true,"href":"https:\/\/donnobikes.com\/fr\/wp-json\/wp\/v2\/product_tag?post=37347"}],"curies":[{"name":"wp","href":"https:\/\/api.w.org\/{rel}","templated":true}]}}