{"id":37388,"date":"2021-09-01T13:23:49","date_gmt":"2021-09-01T10:23:49","guid":{"rendered":"https:\/\/donnobikes.com\/?post_type=product&#038;p=37388"},"modified":"2026-02-09T11:59:16","modified_gmt":"2026-02-09T10:59:16","slug":"retroviseur-busch-muller","status":"publish","type":"product","link":"https:\/\/donnobikes.com\/fr\/produit\/retroviseur-busch-muller\/","title":{"rendered":"R\u00e9troviseur Busch &amp; Muller Cycle Star 80"},"content":{"rendered":"<h3>Compatible avec tous les v\u00e9los<\/h3>\n<p>Le r\u00e9troviseur Busch &amp; Muller Cycle Star 80 se fixe facilement sur le guidon de la bicyclette \u00e0 l'aide d'un support interne.<\/p>\n<ul>\n<li>Diam\u00e8tre du verre 80 mm (surface 50,2 cm2).<\/li>\n<li>Pour les tubes de guidon \u00e0 partir de 16\u2033.<\/li>\n<li>Fabriqu\u00e9 \u00e0 partir d'une barre en aluminium noir et d'un rev\u00eatement en plastique noir.<\/li>\n<li>Le verre est incurv\u00e9 pour offrir un grand angle de vision.<\/li>\n<li>Il est dot\u00e9 d'un m\u00e9canisme de pliage avec fonction de m\u00e9morisation. S'il est repli\u00e9 pour \u00e9conomiser de l'espace de stationnement, il s'enclenche automatiquement dans la position pr\u00e9s\u00e9lectionn\u00e9e lorsqu'il est rouvert.<\/li>\n<\/ul>","protected":false},"excerpt":{"rendered":"<p>Compatibile con tutte le biciclette Lo specchietto retrovisore Busch &amp; Muller Cycle Star 80 Si fissa facilmente con supporto interno al manubrio della bicicletta. Diametro del vetro 80mm (area 50,2 cm2). Per tubi manubrio a partire da 16&#8243;. Realizzato in barra di alluminio nera e rivestimento di plastica nera. Il vetro \u00e8 curvo per un [&hellip;]<\/p>\n","protected":false},"featured_media":93018,"comment_status":"closed","ping_status":"closed","template":"","meta":[],"product_brand":[],"product_cat":[23,648,656],"product_tag":[],"class_list":{"0":"post-37388","1":"product","2":"type-product","3":"status-publish","4":"has-post-thumbnail","6":"product_cat-accessori-vari","7":"product_cat-accessori-vari-2","8":"product_cat-accessori-vari-taga","9":"product_shipping_class-accessori","11":"first","12":"instock","13":"shipping-taxable","14":"purchasable","15":"product-type-simple"},"gallery_images":[93019,93020,93021],"meta_box":{"short_name":"","marketing_name":"","motore_for_biciclette":[],"biciclette_id":"","consegna":"","configurator":[],"single_page_group":[],"catalog_group":[]},"_links":{"self":[{"href":"https:\/\/donnobikes.com\/fr\/wp-json\/wp\/v2\/product\/37388","targetHints":{"allow":["GET"]}}],"collection":[{"href":"https:\/\/donnobikes.com\/fr\/wp-json\/wp\/v2\/product"}],"about":[{"href":"https:\/\/donnobikes.com\/fr\/wp-json\/wp\/v2\/types\/product"}],"replies":[{"embeddable":true,"href":"https:\/\/donnobikes.com\/fr\/wp-json\/wp\/v2\/comments?post=37388"}],"wp:featuredmedia":[{"embeddable":true,"href":"https:\/\/donnobikes.com\/fr\/wp-json\/wp\/v2\/media\/93018"}],"wp:attachment":[{"href":"https:\/\/donnobikes.com\/fr\/wp-json\/wp\/v2\/media?parent=37388"}],"wp:term":[{"taxonomy":"product_brand","embeddable":true,"href":"https:\/\/donnobikes.com\/fr\/wp-json\/wp\/v2\/product_brand?post=37388"},{"taxonomy":"product_cat","embeddable":true,"href":"https:\/\/donnobikes.com\/fr\/wp-json\/wp\/v2\/product_cat?post=37388"},{"taxonomy":"product_tag","embeddable":true,"href":"https:\/\/donnobikes.com\/fr\/wp-json\/wp\/v2\/product_tag?post=37388"}],"curies":[{"name":"wp","href":"https:\/\/api.w.org\/{rel}","templated":true}]}}