{"id":38584,"date":"2021-09-16T10:31:46","date_gmt":"2021-09-16T08:31:46","guid":{"rendered":"https:\/\/donnobikes.com\/?post_type=product&#038;p=38584"},"modified":"2024-03-06T13:00:06","modified_gmt":"2024-03-06T12:00:06","slug":"buffets-yuba-spicy-curry","status":"publish","type":"product","link":"https:\/\/donnobikes.com\/fr\/produit\/buffets-yuba-spicy-curry\/","title":{"rendered":"Buffets Yuba Spicy Curry"},"content":{"rendered":"<h3>Compatible avec tous les mod\u00e8les Spicy Curry<\/h3>\n<p>Les sideboards Yuba Spicy Curry sont une paire de sideboards parfaits pour le transport de marchandises et de passagers \u00e0 l'arri\u00e8re des v\u00e9los cargo Yuba Spicy Curry. Ils offrent une conduite souple, quelle que soit la personne ou l'objet que vous transportez, et assurent le confort de vos passagers. Ils servent \u00e9galement de rails lat\u00e9raux pour l'extension de v\u00e9lo cargo Carry On Spicy Curry, vendue s\u00e9par\u00e9ment.<\/p>\n<p>Les barri\u00e8res lat\u00e9rales sont en bambou \u00e0 5 couches, un mat\u00e9riau durable et r\u00e9sistant aux intemp\u00e9ries. La culture du bambou est rapide et ne n\u00e9cessite pas beaucoup d'eau. Tous nos produits en bambou sont conformes aux directives REACH qui prot\u00e8gent contre les produits chimiques dangereux et toxiques. Les produits en bambou sont couverts par une garantie limit\u00e9e d'un an pour l'int\u00e9grit\u00e9 structurelle.<\/p>","protected":false},"excerpt":{"rendered":"<p>Compatibile con tutti i modelli Spicy Curry Sideboards Yuba Spicy Curry sono una coppia di sponde laterali perfette per trasportare merci e passeggeri sul retro delle cargo bike Spicy Curry di Yuba. Offrono una guida fluida, chiunque o qualunque cosa tu stia trasportando, e garantiscono il comfort dei tuoi passeggeri. Servono inoltre come sponde laterali [&hellip;]<\/p>\n","protected":false},"featured_media":91203,"comment_status":"closed","ping_status":"closed","template":"","meta":[],"product_brand":[],"product_cat":[16,21],"product_tag":[],"class_list":{"0":"post-38584","1":"product","2":"type-product","3":"status-publish","4":"has-post-thumbnail","6":"product_cat-yuba-accessori","7":"product_cat-yuba","8":"product_shipping_class-accessori","10":"first","11":"instock","12":"shipping-taxable","13":"purchasable","14":"product-type-simple"},"gallery_images":[91205,91204,91207,91206],"meta_box":{"short_name":"Sponde laterali Sideboards Spicy","marketing_name":"","motore_for_biciclette":[],"biciclette_id":"","consegna":"","configurator":[],"single_page_group":[],"catalog_group":[]},"_links":{"self":[{"href":"https:\/\/donnobikes.com\/fr\/wp-json\/wp\/v2\/product\/38584","targetHints":{"allow":["GET"]}}],"collection":[{"href":"https:\/\/donnobikes.com\/fr\/wp-json\/wp\/v2\/product"}],"about":[{"href":"https:\/\/donnobikes.com\/fr\/wp-json\/wp\/v2\/types\/product"}],"replies":[{"embeddable":true,"href":"https:\/\/donnobikes.com\/fr\/wp-json\/wp\/v2\/comments?post=38584"}],"wp:featuredmedia":[{"embeddable":true,"href":"https:\/\/donnobikes.com\/fr\/wp-json\/wp\/v2\/media\/91203"}],"wp:attachment":[{"href":"https:\/\/donnobikes.com\/fr\/wp-json\/wp\/v2\/media?parent=38584"}],"wp:term":[{"taxonomy":"product_brand","embeddable":true,"href":"https:\/\/donnobikes.com\/fr\/wp-json\/wp\/v2\/product_brand?post=38584"},{"taxonomy":"product_cat","embeddable":true,"href":"https:\/\/donnobikes.com\/fr\/wp-json\/wp\/v2\/product_cat?post=38584"},{"taxonomy":"product_tag","embeddable":true,"href":"https:\/\/donnobikes.com\/fr\/wp-json\/wp\/v2\/product_tag?post=38584"}],"curies":[{"name":"wp","href":"https:\/\/api.w.org\/{rel}","templated":true}]}}