{"id":38594,"date":"2021-09-16T11:25:37","date_gmt":"2021-09-16T09:25:37","guid":{"rendered":"https:\/\/donnobikes.com\/?post_type=product&#038;p=38594"},"modified":"2024-03-06T13:00:06","modified_gmt":"2024-03-06T12:00:06","slug":"buffets-yuba-mundo","status":"publish","type":"product","link":"https:\/\/donnobikes.com\/fr\/produit\/buffets-yuba-mundo\/","title":{"rendered":"Buffets Buffets Yuba Mundo"},"content":{"rendered":"<h3>Compatible avec tous les mod\u00e8les Mundo<\/h3>\n<p>Les sideboards Yuba Mundo sont une paire de sideboards parfaits pour le transport de marchandises et de passagers \u00e0 l'arri\u00e8re des v\u00e9los cargo Mundo de Yuba. Ils offrent une conduite souple, quelle que soit la personne ou l'objet que vous transportez, et assurent le confort de vos passagers.<\/p>\n<p>Les buffets Yuba Mundo sont fabriqu\u00e9s en bambou \u00e0 trois couches, un mat\u00e9riau durable et r\u00e9sistant aux intemp\u00e9ries. La culture du bambou est rapide et ne n\u00e9cessite pas beaucoup d'eau. Tous nos produits en bambou sont conformes aux directives REACH qui prot\u00e8gent contre les produits chimiques dangereux et toxiques. Les produits en bambou sont couverts par une garantie limit\u00e9e d'un an pour l'int\u00e9grit\u00e9 structurelle.<\/p>","protected":false},"excerpt":{"rendered":"<p>Compatibile con tutti i modelli Mundo Sideboards Yuba Mundo sono una coppia di sponde laterali perfette per trasportare merci e passeggeri sul retro delle cargo bike Mundo di Yuba. Offrono una guida fluida, chiunque o qualunque cosa tu stia trasportando, e garantiscono il comfort dei tuoi passeggeri. Le Sideboard Yuba Mundo sono realizzate in bamb\u00f9 [&hellip;]<\/p>\n","protected":false},"featured_media":91209,"comment_status":"closed","ping_status":"closed","template":"","meta":[],"product_brand":[],"product_cat":[16,21],"product_tag":[],"class_list":{"0":"post-38594","1":"product","2":"type-product","3":"status-publish","4":"has-post-thumbnail","6":"product_cat-yuba-accessori","7":"product_cat-yuba","8":"product_shipping_class-accessori","10":"first","11":"instock","12":"shipping-taxable","13":"purchasable","14":"product-type-simple"},"gallery_images":[91210,91214,91213,91211,91212],"meta_box":{"short_name":"Sponde laterali Sideboards Mundo","marketing_name":"","motore_for_biciclette":[],"biciclette_id":"","consegna":"","configurator":[],"single_page_group":[],"catalog_group":[]},"_links":{"self":[{"href":"https:\/\/donnobikes.com\/fr\/wp-json\/wp\/v2\/product\/38594","targetHints":{"allow":["GET"]}}],"collection":[{"href":"https:\/\/donnobikes.com\/fr\/wp-json\/wp\/v2\/product"}],"about":[{"href":"https:\/\/donnobikes.com\/fr\/wp-json\/wp\/v2\/types\/product"}],"replies":[{"embeddable":true,"href":"https:\/\/donnobikes.com\/fr\/wp-json\/wp\/v2\/comments?post=38594"}],"wp:featuredmedia":[{"embeddable":true,"href":"https:\/\/donnobikes.com\/fr\/wp-json\/wp\/v2\/media\/91209"}],"wp:attachment":[{"href":"https:\/\/donnobikes.com\/fr\/wp-json\/wp\/v2\/media?parent=38594"}],"wp:term":[{"taxonomy":"product_brand","embeddable":true,"href":"https:\/\/donnobikes.com\/fr\/wp-json\/wp\/v2\/product_brand?post=38594"},{"taxonomy":"product_cat","embeddable":true,"href":"https:\/\/donnobikes.com\/fr\/wp-json\/wp\/v2\/product_cat?post=38594"},{"taxonomy":"product_tag","embeddable":true,"href":"https:\/\/donnobikes.com\/fr\/wp-json\/wp\/v2\/product_tag?post=38594"}],"curies":[{"name":"wp","href":"https:\/\/api.w.org\/{rel}","templated":true}]}}