{"id":38608,"date":"2021-09-16T11:56:04","date_gmt":"2021-09-16T09:56:04","guid":{"rendered":"https:\/\/donnobikes.com\/?post_type=product&#038;p=38608"},"modified":"2026-02-09T10:05:15","modified_gmt":"2026-02-09T09:05:15","slug":"barres-de-singe-yuba","status":"publish","type":"product","link":"https:\/\/donnobikes.com\/fr\/produit\/barres-de-singe-yuba\/","title":{"rendered":"Barres de singe Yuba"},"content":{"rendered":"<h3>Compatible avec tous les mod\u00e8les Kombi, Mundo, Spicy Curry<\/h3>\n<p>Les Yuba Monkey Bars sont un dispositif de s\u00e9curit\u00e9. Gr\u00e2ce \u00e0 leur conception r\u00e9glable et \u00e0 leur cadre en aluminium, ils s'adaptent aux besoins de votre famille et offrent une protection et un divertissement complets.<\/p>\n<p>Vos enfants sont devenus trop grands pour leur si\u00e8ge auto ? Il est temps d'installer les Monkey Bars r\u00e9glables, essayez-les avec des coussins. Vous avez encore un petit enfant ? Pas de probl\u00e8me ! Les Yuba Monkey Bars sont con\u00e7us pour s'adapter \u00e0 un si\u00e8ge auto et sont compatibles avec la plupart des mod\u00e8les sur le march\u00e9.<\/p>\n<h3><\/h3>","protected":false},"excerpt":{"rendered":"<p>Compatibili con tutti i modelli Kombi, Mundo, Spicy Curry Le Aste Monkey Bars Yuba sono un dispositivo di sicurezza. Con il loro design regolabile e il telaio in alluminio, si adattano alle esigenze della tua famiglia, offrendo protezione e divertimento a 360 gradi. I tuoi figli sono diventati troppo grandi per i loro seggiolini? \u00c8 [&hellip;]<\/p>\n","protected":false},"featured_media":91046,"comment_status":"closed","ping_status":"closed","template":"","meta":[],"product_brand":[],"product_cat":[16,639,21,651],"product_tag":[],"class_list":{"0":"post-38608","1":"product","2":"type-product","3":"status-publish","4":"has-post-thumbnail","6":"product_cat-yuba-accessori","7":"product_cat-seduta-e-carico-posteriore-2","8":"product_cat-yuba","9":"product_cat-yuba-kombi-db-seduta-e-carico-posteriore-2","10":"product_shipping_class-accessori","12":"first","13":"instock","14":"shipping-taxable","15":"purchasable","16":"product-type-simple"},"gallery_images":[91046,91048,91047,96342,91053,91052,91054,91055,91056,91057,91058],"meta_box":{"short_name":"Aste Monkey Bars","marketing_name":"","motore_for_biciclette":[],"biciclette_id":"","consegna":"","configurator":[],"single_page_group":[],"catalog_group":[]},"_links":{"self":[{"href":"https:\/\/donnobikes.com\/fr\/wp-json\/wp\/v2\/product\/38608","targetHints":{"allow":["GET"]}}],"collection":[{"href":"https:\/\/donnobikes.com\/fr\/wp-json\/wp\/v2\/product"}],"about":[{"href":"https:\/\/donnobikes.com\/fr\/wp-json\/wp\/v2\/types\/product"}],"replies":[{"embeddable":true,"href":"https:\/\/donnobikes.com\/fr\/wp-json\/wp\/v2\/comments?post=38608"}],"wp:featuredmedia":[{"embeddable":true,"href":"https:\/\/donnobikes.com\/fr\/wp-json\/wp\/v2\/media\/91046"}],"wp:attachment":[{"href":"https:\/\/donnobikes.com\/fr\/wp-json\/wp\/v2\/media?parent=38608"}],"wp:term":[{"taxonomy":"product_brand","embeddable":true,"href":"https:\/\/donnobikes.com\/fr\/wp-json\/wp\/v2\/product_brand?post=38608"},{"taxonomy":"product_cat","embeddable":true,"href":"https:\/\/donnobikes.com\/fr\/wp-json\/wp\/v2\/product_cat?post=38608"},{"taxonomy":"product_tag","embeddable":true,"href":"https:\/\/donnobikes.com\/fr\/wp-json\/wp\/v2\/product_tag?post=38608"}],"curies":[{"name":"wp","href":"https:\/\/api.w.org\/{rel}","templated":true}]}}